{"id":1114,"date":"2023-08-26T10:23:28","date_gmt":"2023-08-26T10:23:28","guid":{"rendered":"https:\/\/pret-a-raconter.com\/?page_id=1114"},"modified":"2024-01-08T09:02:42","modified_gmt":"2024-01-08T09:02:42","slug":"auteurs-1","status":"publish","type":"page","link":"https:\/\/pret-a-raconter.com\/de\/auteurs-1\/","title":{"rendered":"Autoren 1"},"content":{"rendered":"<div data-elementor-type=\"wp-page\" data-elementor-id=\"1114\" class=\"elementor elementor-1114\">\n\t\t\t\t<div class=\"elementor-element elementor-element-3e554c4 e-flex e-con-boxed e-con e-parent\" data-id=\"3e554c4\" data-element_type=\"container\">\n\t\t\t\t\t<div class=\"e-con-inner\">\n\t\t<div class=\"elementor-element elementor-element-17bd7d2 e-flex e-con-boxed e-con e-parent\" data-id=\"17bd7d2\" data-element_type=\"container\">\n\t\t\t\t\t<div class=\"e-con-inner\">\n\t\t\t\t<div class=\"elementor-element elementor-element-a6f8b71 elementor-widget elementor-widget-heading\" data-id=\"a6f8b71\" data-element_type=\"widget\" data-widget_type=\"heading.default\">\n\t\t\t\t<div class=\"elementor-widget-container\">\n\t\t\t\t\t<h2 class=\"elementor-heading-title elementor-size-default\">Autoren 1<\/h2>\t\t\t\t<\/div>\n\t\t\t\t<\/div>\n\t\t\t\t<div class=\"elementor-element elementor-element-6283d6e e-transform elementor-widget elementor-widget-text-editor\" data-id=\"6283d6e\" data-element_type=\"widget\" data-settings=\"{&quot;_transform_translateX_effect&quot;:{&quot;unit&quot;:&quot;px&quot;,&quot;size&quot;:&quot;&quot;,&quot;sizes&quot;:[]},&quot;_transform_translateX_effect_tablet&quot;:{&quot;unit&quot;:&quot;px&quot;,&quot;size&quot;:&quot;&quot;,&quot;sizes&quot;:[]},&quot;_transform_translateX_effect_mobile&quot;:{&quot;unit&quot;:&quot;px&quot;,&quot;size&quot;:&quot;&quot;,&quot;sizes&quot;:[]},&quot;_transform_translateY_effect&quot;:{&quot;unit&quot;:&quot;px&quot;,&quot;size&quot;:&quot;&quot;,&quot;sizes&quot;:[]},&quot;_transform_translateY_effect_tablet&quot;:{&quot;unit&quot;:&quot;px&quot;,&quot;size&quot;:&quot;&quot;,&quot;sizes&quot;:[]},&quot;_transform_translateY_effect_mobile&quot;:{&quot;unit&quot;:&quot;px&quot;,&quot;size&quot;:&quot;&quot;,&quot;sizes&quot;:[]}}\" data-widget_type=\"text-editor.default\">\n\t\t\t\t<div class=\"elementor-widget-container\">\n\t\t\t\t\t\t\t\t\tWillkommen auf unserer Online-Plattform zur Ver\u00f6ffentlichung von Geschichten! Hier glauben wir an die Kraft der Worte und den Wert jeder Geschichte, unabh\u00e4ngig von ihrer L\u00e4nge. Unsere Mission ist es, denjenigen eine Stimme zu geben, die keine Chance hatten, in traditionellen Kreisen ver\u00f6ffentlicht zu werden, und allen angehenden Autoren, die leidenschaftlich sind oder einfach nur daran interessiert sind, ihre Werke zu teilen, eine erh\u00f6hte Sichtbarkeit im Internet zu bieten.\t\t\t\t\t\t\t\t<\/div>\n\t\t\t\t<\/div>\n\t\t\t\t<div class=\"elementor-element elementor-element-ea7a0de elementor-widget elementor-widget-text-editor\" data-id=\"ea7a0de\" data-element_type=\"widget\" data-widget_type=\"text-editor.default\">\n\t\t\t\t<div class=\"elementor-widget-container\">\n\t\t\t\t\t\t\t\t\tWir verstehen, dass Kreativit\u00e4t nicht immer in einer begrenzten Anzahl von Seiten enthalten sein kann. Deshalb haben wir einen Raum geschaffen, in dem Geschichten mit bis zu 5000 W\u00f6rtern ihren Platz finden k\u00f6nnen. Egal, ob Sie ein erfahrener Autor sind, der mit neuen Genres experimentieren m\u00f6chte, oder ein Neuling, der Ihre erste Geschichte teilen m\u00f6chte, unsere Plattform steht allen offen.\t\t\t\t\t\t\t\t<\/div>\n\t\t\t\t<\/div>\n\t\t\t\t<div class=\"elementor-element elementor-element-4583c19 elementor-widget elementor-widget-text-editor\" data-id=\"4583c19\" data-element_type=\"widget\" data-widget_type=\"text-editor.default\">\n\t\t\t\t<div class=\"elementor-widget-container\">\n\t\t\t\t\t\t\t\t\tZu den Funktionen unserer Story-Editing-Site geh\u00f6ren:\t\t\t\t\t\t\t\t<\/div>\n\t\t\t\t<\/div>\n\t\t\t\t<div class=\"elementor-element elementor-element-0010bbf elementor-widget elementor-widget-text-editor\" data-id=\"0010bbf\" data-element_type=\"widget\" data-widget_type=\"text-editor.default\">\n\t\t\t\t<div class=\"elementor-widget-container\">\n\t\t\t\t\t\t\t\t\t<strong>1. Online-Sichtbarkeit:<\/strong> Ihre Geschichte verdient es, von einem breiteren Publikum gelesen zu werden. Wir heben Ihre Geschichten hervor und machen sie einem globalen Publikum zug\u00e4nglich.\t\t\t\t\t\t\t\t<\/div>\n\t\t\t\t<\/div>\n\t\t\t\t<div class=\"elementor-element elementor-element-1aaa76d elementor-widget elementor-widget-text-editor\" data-id=\"1aaa76d\" data-element_type=\"widget\" data-widget_type=\"text-editor.default\">\n\t\t\t\t<div class=\"elementor-widget-container\">\n\t\t\t\t\t\t\t\t\t<strong>2. Geschlechtervielfalt:<\/strong> Ob Science-Fiction, Romantik, Mystery, Fantasy, Slice-of-Life oder ein anderes Genre \u2013 Sie k\u00f6nnen erkunden und ver\u00f6ffentlichen, wof\u00fcr Sie sich begeistern.\t\t\t\t\t\t\t\t<\/div>\n\t\t\t\t<\/div>\n\t\t\t\t<div class=\"elementor-element elementor-element-daf1fb1 elementor-widget elementor-widget-text-editor\" data-id=\"daf1fb1\" data-element_type=\"widget\" data-widget_type=\"text-editor.default\">\n\t\t\t\t<div class=\"elementor-widget-container\">\n\t\t\t\t\t\t\t\t\t<strong>3. Feedback und Interaktionen:<\/strong> Leser k\u00f6nnen Kommentare und Bewertungen zu Ihren Geschichten hinterlassen und Ihnen so wertvolle Einblicke geben, mit denen Sie Ihr Publikum verbessern und mit ihm in Kontakt treten k\u00f6nnen.\t\t\t\t\t\t\t\t<\/div>\n\t\t\t\t<\/div>\n\t\t\t\t<div class=\"elementor-element elementor-element-b54dda4 elementor-widget elementor-widget-text-editor\" data-id=\"b54dda4\" data-element_type=\"widget\" data-widget_type=\"text-editor.default\">\n\t\t\t\t<div class=\"elementor-widget-container\">\n\t\t\t\t\t\t\t\t\t<strong>4. Gemeinschaft der Autoren:<\/strong> Treten Sie einer Community gleichgesinnter Autoren bei, tauschen Sie Ratschl\u00e4ge aus, nehmen Sie an Diskussionen teil und wachsen Sie als Autoren zusammen.\t\t\t\t\t\t\t\t<\/div>\n\t\t\t\t<\/div>\n\t\t\t\t<div class=\"elementor-element elementor-element-d83b3c4 elementor-widget elementor-widget-text-editor\" data-id=\"d83b3c4\" data-element_type=\"widget\" data-widget_type=\"text-editor.default\">\n\t\t\t\t<div class=\"elementor-widget-container\">\n\t\t\t\t\t\t\t\t\t<strong>5. Barrierefreiheit: <\/strong>Unsere Plattform ist benutzerfreundlich und einfach zu bedienen, sodass Sie Ihre Geschichten problemlos ver\u00f6ffentlichen, verwalten und verfolgen k\u00f6nnen.\t\t\t\t\t\t\t\t<\/div>\n\t\t\t\t<\/div>\n\t\t\t\t<div class=\"elementor-element elementor-element-9f9cfbb elementor-widget elementor-widget-text-editor\" data-id=\"9f9cfbb\" data-element_type=\"widget\" data-widget_type=\"text-editor.default\">\n\t\t\t\t<div class=\"elementor-widget-container\">\n\t\t\t\t\t\t\t\t\tEgal, ob Sie eine kurze, aber wirkungsvolle Geschichte erz\u00e4hlen m\u00f6chten oder mit verschiedenen Schreibstilen experimentieren m\u00f6chten, unsere Website zur Bearbeitung von Geschichten ist f\u00fcr Sie da. Erwecken Sie Ihre Ideen zum Leben, teilen Sie Ihre Emotionen und treten Sie mit einem Publikum in Kontakt, das sich f\u00fcr Worte begeistert. Treten Sie uns noch heute bei und beginnen Sie Ihre Reise zu mehr Online-Sichtbarkeit!\t\t\t\t\t\t\t\t<\/div>\n\t\t\t\t<\/div>\n\t\t\t\t\t<\/div>\n\t\t\t\t<\/div>\n\t\t\t\t\t<\/div>\n\t\t\t\t<\/div>\n\t\t\t\t<\/div>","protected":false},"excerpt":{"rendered":"<p>Auteurs 1 Bienvenue sur notre plateforme d&#8217;\u00e9dition de r\u00e9cits en ligne ! Ici, nous croyons en la puissance des mots et en la valeur de chaque histoire, quelle que soit sa longueur. Notre mission est de donner une voix \u00e0 ceux qui n&#8217;ont pas eu la chance d&#8217;\u00eatre publi\u00e9s dans les circuits traditionnels, et d&#8217;offrir [&hellip;]<\/p>","protected":false},"author":1,"featured_media":0,"parent":0,"menu_order":0,"comment_status":"closed","ping_status":"closed","template":"","meta":{"_acf_changed":false,"pmpro_default_level":"","site-sidebar-layout":"no-sidebar","site-content-layout":"page-builder","ast-site-content-layout":"","site-content-style":"default","site-sidebar-style":"default","ast-global-header-display":"","ast-banner-title-visibility":"","ast-main-header-display":"","ast-hfb-above-header-display":"","ast-hfb-below-header-display":"","ast-hfb-mobile-header-display":"","site-post-title":"disabled","ast-breadcrumbs-content":"","ast-featured-img":"disabled","footer-sml-layout":"","theme-transparent-header-meta":"","adv-header-id-meta":"","stick-header-meta":"","header-above-stick-meta":"","header-main-stick-meta":"","header-below-stick-meta":"","astra-migrate-meta-layouts":"default","ast-page-background-enabled":"default","ast-page-background-meta":{"desktop":{"background-color":"var(--ast-global-color-4)","background-image":"","background-repeat":"repeat","background-position":"center center","background-size":"auto","background-attachment":"scroll","background-type":"","background-media":"","overlay-type":"","overlay-color":"","overlay-opacity":"","overlay-gradient":""},"tablet":{"background-color":"","background-image":"","background-repeat":"repeat","background-position":"center center","background-size":"auto","background-attachment":"scroll","background-type":"","background-media":"","overlay-type":"","overlay-color":"","overlay-opacity":"","overlay-gradient":""},"mobile":{"background-color":"","background-image":"","background-repeat":"repeat","background-position":"center center","background-size":"auto","background-attachment":"scroll","background-type":"","background-media":"","overlay-type":"","overlay-color":"","overlay-opacity":"","overlay-gradient":""}},"ast-content-background-meta":{"desktop":{"background-color":"var(--ast-global-color-5)","background-image":"","background-repeat":"repeat","background-position":"center center","background-size":"auto","background-attachment":"scroll","background-type":"","background-media":"","overlay-type":"","overlay-color":"","overlay-opacity":"","overlay-gradient":""},"tablet":{"background-color":"var(--ast-global-color-5)","background-image":"","background-repeat":"repeat","background-position":"center center","background-size":"auto","background-attachment":"scroll","background-type":"","background-media":"","overlay-type":"","overlay-color":"","overlay-opacity":"","overlay-gradient":""},"mobile":{"background-color":"var(--ast-global-color-5)","background-image":"","background-repeat":"repeat","background-position":"center center","background-size":"auto","background-attachment":"scroll","background-type":"","background-media":"","overlay-type":"","overlay-color":"","overlay-opacity":"","overlay-gradient":""}},"footnotes":""},"class_list":["post-1114","page","type-page","status-publish","hentry","pmpro-has-access"],"acf":[],"_links":{"self":[{"href":"https:\/\/pret-a-raconter.com\/de\/wp-json\/wp\/v2\/pages\/1114","targetHints":{"allow":["GET"]}}],"collection":[{"href":"https:\/\/pret-a-raconter.com\/de\/wp-json\/wp\/v2\/pages"}],"about":[{"href":"https:\/\/pret-a-raconter.com\/de\/wp-json\/wp\/v2\/types\/page"}],"author":[{"embeddable":true,"href":"https:\/\/pret-a-raconter.com\/de\/wp-json\/wp\/v2\/users\/1"}],"replies":[{"embeddable":true,"href":"https:\/\/pret-a-raconter.com\/de\/wp-json\/wp\/v2\/comments?post=1114"}],"version-history":[{"count":0,"href":"https:\/\/pret-a-raconter.com\/de\/wp-json\/wp\/v2\/pages\/1114\/revisions"}],"wp:attachment":[{"href":"https:\/\/pret-a-raconter.com\/de\/wp-json\/wp\/v2\/media?parent=1114"}],"curies":[{"name":"wp","href":"https:\/\/api.w.org\/{rel}","templated":true}]}}