{"id":1127,"date":"2023-08-26T10:39:45","date_gmt":"2023-08-26T10:39:45","guid":{"rendered":"https:\/\/pret-a-raconter.com\/?page_id=1127"},"modified":"2024-01-08T09:06:13","modified_gmt":"2024-01-08T09:06:13","slug":"lecteurs-1","status":"publish","type":"page","link":"https:\/\/pret-a-raconter.com\/de\/lecteurs-1\/","title":{"rendered":"Lecteurs\u00a01"},"content":{"rendered":"<div data-elementor-type=\"wp-page\" data-elementor-id=\"1127\" class=\"elementor elementor-1127\">\n\t\t\t\t<div class=\"elementor-element elementor-element-3e554c4 e-flex e-con-boxed e-con e-parent\" data-id=\"3e554c4\" data-element_type=\"container\">\n\t\t\t\t\t<div class=\"e-con-inner\">\n\t\t<div class=\"elementor-element elementor-element-17bd7d2 e-flex e-con-boxed e-con e-parent\" data-id=\"17bd7d2\" data-element_type=\"container\">\n\t\t\t\t\t<div class=\"e-con-inner\">\n\t\t\t\t<div class=\"elementor-element elementor-element-a6f8b71 elementor-widget elementor-widget-heading\" data-id=\"a6f8b71\" data-element_type=\"widget\" data-widget_type=\"heading.default\">\n\t\t\t\t<div class=\"elementor-widget-container\">\n\t\t\t\t\t<h2 class=\"elementor-heading-title elementor-size-default\">Pret-a-raconter.com: Ihre Geschichte, Ihre Wahl \u2013 ein Universum der Kreativit\u00e4t zum Greifen nah<\/h2>\t\t\t\t<\/div>\n\t\t\t\t<\/div>\n\t\t\t\t<div class=\"elementor-element elementor-element-6283d6e elementor-widget elementor-widget-text-editor\" data-id=\"6283d6e\" data-element_type=\"widget\" data-widget_type=\"text-editor.default\">\n\t\t\t\t<div class=\"elementor-widget-container\">\n\t\t\t\t\t\t\t\t\t<p>Willkommen bei [Platform Name], dem Ort, an dem Ihre Ideen zu fesselnden, personalisierten Geschichten werden. Unser einzigartiger Service erm\u00f6glicht es Ihnen, Ihre Gedanken in ma\u00dfgeschneiderte Geschichten umzuwandeln und mit der Welt zu teilen.<\/p>\t\t\t\t\t\t\t\t<\/div>\n\t\t\t\t<\/div>\n\t\t\t\t<div class=\"elementor-element elementor-element-78ce72b elementor-widget elementor-widget-heading\" data-id=\"78ce72b\" data-element_type=\"widget\" data-widget_type=\"heading.default\">\n\t\t\t\t<div class=\"elementor-widget-container\">\n\t\t\t\t\t<h2 class=\"elementor-heading-title elementor-size-default\">Ein ma\u00dfgeschneidertes kreatives Erlebnis<\/h2>\t\t\t\t<\/div>\n\t\t\t\t<\/div>\n\t\t\t\t<div class=\"elementor-element elementor-element-ea7a0de elementor-widget elementor-widget-text-editor\" data-id=\"ea7a0de\" data-element_type=\"widget\" data-widget_type=\"text-editor.default\">\n\t\t\t\t<div class=\"elementor-widget-container\">\n\t\t\t\t\t\t\t\t\t<p>Bei pret-a-raconter.com sind Sie der Architekt Ihrer Geschichte. So funktioniert das:<\/p><ol><li><strong>W\u00e4hlen Sie die L\u00e4nge:<\/strong> W\u00e4hlen Sie von Kurzgeschichten bis hin zu ausf\u00fchrlichen Geschichten die gew\u00fcnschte L\u00e4nge bis zu 5000 W\u00f6rtern.<\/li><li><strong>Legen Sie den Betreff fest:<\/strong> Teilen Sie Ihr Thema, Ihre Ideen oder lassen Sie sich von unseren Vorschl\u00e4gen inspirieren.<\/li><li><strong>W\u00e4hlen Sie Ihren Autor:<\/strong> Wir haben eine talentierte Gruppe von Autoren. W\u00e4hlen Sie diejenige, die am besten zu Ihrem Stil und Ihrer Vision passt.<\/li><li><strong>Entscheiden Sie sich f\u00fcr das Urheberrecht:<\/strong> Entscheiden Sie sich daf\u00fcr, das Urheberrecht f\u00fcr die ausschlie\u00dfliche Nutzung beizubehalten oder sich f\u00fcr eine g\u00fcnstigere, lizenzgeb\u00fchrenfreie Option zu entscheiden<\/li><\/ol>\t\t\t\t\t\t\t\t<\/div>\n\t\t\t\t<\/div>\n\t\t\t\t<div class=\"elementor-element elementor-element-0adbd17 elementor-widget elementor-widget-heading\" data-id=\"0adbd17\" data-element_type=\"widget\" data-widget_type=\"heading.default\">\n\t\t\t\t<div class=\"elementor-widget-container\">\n\t\t\t\t\t<h2 class=\"elementor-heading-title elementor-size-default\">Mehr als nur eine Geschichte\n\n<\/h2>\t\t\t\t<\/div>\n\t\t\t\t<\/div>\n\t\t\t\t<div class=\"elementor-element elementor-element-0010bbf elementor-widget elementor-widget-text-editor\" data-id=\"0010bbf\" data-element_type=\"widget\" data-widget_type=\"text-editor.default\">\n\t\t\t\t<div class=\"elementor-widget-container\">\n\t\t\t\t\t\t\t\t\t<p>Ihre personalisierte Geschichte bietet eine Reihe von Optionen f\u00fcr ein immersives Erlebnis:<\/p><ul><li><strong>Videotrailer:<\/strong> Ein fesselndes Video, das Ihre Geschichte schon vor der ersten Seite zum Leben erweckt.<\/li><li><strong>Vielseitige Formate:<\/strong> Erhalten Sie Ihre Geschichte im PDF- und EPUB-Format.<\/li><li><strong>Online-Sichtbarkeit:<\/strong> Ihre Geschichte wird auch in Suchmaschinen angezeigt, was ihre Reichweite und Wirkung erh\u00f6ht.<\/li><\/ul>\t\t\t\t\t\t\t\t<\/div>\n\t\t\t\t<\/div>\n\t\t\t\t<div class=\"elementor-element elementor-element-4ee25d1 elementor-widget elementor-widget-heading\" data-id=\"4ee25d1\" data-element_type=\"widget\" data-widget_type=\"heading.default\">\n\t\t\t\t<div class=\"elementor-widget-container\">\n\t\t\t\t\t<h2 class=\"elementor-heading-title elementor-size-default\">Warum pret-a-raconter.com?<\/h2>\t\t\t\t<\/div>\n\t\t\t\t<\/div>\n\t\t\t\t<div class=\"elementor-element elementor-element-4583c19 elementor-widget elementor-widget-text-editor\" data-id=\"4583c19\" data-element_type=\"widget\" data-widget_type=\"text-editor.default\">\n\t\t\t\t<div class=\"elementor-widget-container\">\n\t\t\t\t\t\t\t\t\t<ul><li><strong>Erweiterte Anpassung:<\/strong> Jeder Aspekt Ihrer Geschichte wird von Ihnen ausgew\u00e4hlt, um eine Kreation zu gew\u00e4hrleisten, die einzigartig f\u00fcr Sie ist.<\/li><li><strong>Garantierte Qualit\u00e4t:<\/strong> Unsere Autoren werden aufgrund ihres Talents und ihrer F\u00e4higkeit ausgew\u00e4hlt, Ihre Ideen zum Leben zu erwecken.<\/li><li><strong>Barrierefreiheit:<\/strong> Mit Optionen f\u00fcr jedes Budget kann jeder zum Sch\u00f6pfer eines einzigartigen Werks werden.<\/li><\/ul>\t\t\t\t\t\t\t\t<\/div>\n\t\t\t\t<\/div>\n\t\t\t\t<div class=\"elementor-element elementor-element-e9c9603 elementor-widget elementor-widget-heading\" data-id=\"e9c9603\" data-element_type=\"widget\" data-widget_type=\"heading.default\">\n\t\t\t\t<div class=\"elementor-widget-container\">\n\t\t\t\t\t<h2 class=\"elementor-heading-title elementor-size-default\">Ein unvergessliches Geschenk, eine gemeinsame Geschichte\n\n<\/h2>\t\t\t\t<\/div>\n\t\t\t\t<\/div>\n\t\t\t\t\t<\/div>\n\t\t\t\t<\/div>\n\t\t\t\t<div class=\"elementor-element elementor-element-daf4ed6 elementor-widget elementor-widget-text-editor\" data-id=\"daf4ed6\" data-element_type=\"widget\" data-widget_type=\"text-editor.default\">\n\t\t\t\t<div class=\"elementor-widget-container\">\n\t\t\t\t\t\t\t\t\t<p>Ob als Geschenk oder f\u00fcr sich selbst, eine personalisierte Geschichte ist ein Geschenk, das Zeit und Herzen ber\u00fchrt. Teilen Sie es mit Ihren Lieben, in sozialen Netzwerken und hinterlassen Sie Ihre Spuren in der Literaturwelt.<\/p>\t\t\t\t\t\t\t\t<\/div>\n\t\t\t\t<\/div>\n\t\t\t\t<div class=\"elementor-element elementor-element-f79ccad elementor-widget elementor-widget-heading\" data-id=\"f79ccad\" data-element_type=\"widget\" data-widget_type=\"heading.default\">\n\t\t\t\t<div class=\"elementor-widget-container\">\n\t\t\t\t\t<h2 class=\"elementor-heading-title elementor-size-default\">Besuchen Sie uns auf pret-a-raconter.com\n\n<\/h2>\t\t\t\t<\/div>\n\t\t\t\t<\/div>\n\t\t\t\t<div class=\"elementor-element elementor-element-05608d2 elementor-widget elementor-widget-text-editor\" data-id=\"05608d2\" data-element_type=\"widget\" data-widget_type=\"text-editor.default\">\n\t\t\t\t<div class=\"elementor-widget-container\">\n\t\t\t\t\t\t\t\t\t<p><span style=\"color: #374151; font-family: S\u00f6hne, ui-sans-serif, system-ui, -apple-system, 'Segoe UI', Roboto, Ubuntu, Cantarell, 'Noto Sans', sans-serif, 'Helvetica Neue', Arial, 'Apple Color Emoji', 'Segoe UI Emoji', 'Segoe UI Symbol', 'Noto Color Emoji'; font-size: 16px; letter-spacing: normal; white-space-collapse: preserve;\">Ihre Fantasie verdient eine Plattform, die sie wertsch\u00e4tzt. Erstellen Sie mit [Plattformname] Geschichten, die zu Ihnen passen, und teilen Sie sie mit der Welt. Beginnen Sie noch heute Ihre Reise in die Welt der personalisierten Kreation!<\/span><\/p>\t\t\t\t\t\t\t\t<\/div>\n\t\t\t\t<\/div>\n\t\t\t\t\t<\/div>\n\t\t\t\t<\/div>\n\t\t<div class=\"elementor-element elementor-element-11bc7a2 e-flex e-con-boxed e-con e-parent\" data-id=\"11bc7a2\" data-element_type=\"container\">\n\t\t\t\t\t<div class=\"e-con-inner\">\n\t\t\t\t<div class=\"elementor-element elementor-element-2ef30df elementor-widget elementor-widget-text-editor\" data-id=\"2ef30df\" data-element_type=\"widget\" data-widget_type=\"text-editor.default\">\n\t\t\t\t<div class=\"elementor-widget-container\">\n\t\t\t\t\t\t\t\t\t<p>Schlagworte: Geschichten auf Anfrage | Deine Idee, deine Geschichte | Online-Geschichten f\u00fcr Sie<\/p>\t\t\t\t\t\t\t\t<\/div>\n\t\t\t\t<\/div>\n\t\t\t\t\t<\/div>\n\t\t\t\t<\/div>\n\t\t\t\t<\/div>","protected":false},"excerpt":{"rendered":"<p>Pret-a-raconter.com: Votre Histoire, Votre Choix &#8211; Un Univers de Cr\u00e9ativit\u00e9 \u00e0 Port\u00e9e de Main Bienvenue sur [Nom de la Plateforme], l&#8217;endroit o\u00f9 vos id\u00e9es deviennent des histoires captivantes et personnalis\u00e9es. Notre service unique vous permet de transformer vos pens\u00e9es en r\u00e9cits sur mesure, partag\u00e9s avec le monde entier. Une Exp\u00e9rience de Cr\u00e9ation Sur Mesure Chez [&hellip;]<\/p>","protected":false},"author":1,"featured_media":0,"parent":0,"menu_order":0,"comment_status":"closed","ping_status":"closed","template":"","meta":{"_acf_changed":false,"pmpro_default_level":"","site-sidebar-layout":"no-sidebar","site-content-layout":"page-builder","ast-site-content-layout":"","site-content-style":"default","site-sidebar-style":"default","ast-global-header-display":"","ast-banner-title-visibility":"","ast-main-header-display":"","ast-hfb-above-header-display":"","ast-hfb-below-header-display":"","ast-hfb-mobile-header-display":"","site-post-title":"disabled","ast-breadcrumbs-content":"","ast-featured-img":"disabled","footer-sml-layout":"","theme-transparent-header-meta":"","adv-header-id-meta":"","stick-header-meta":"","header-above-stick-meta":"","header-main-stick-meta":"","header-below-stick-meta":"","astra-migrate-meta-layouts":"default","ast-page-background-enabled":"default","ast-page-background-meta":{"desktop":{"background-color":"var(--ast-global-color-4)","background-image":"","background-repeat":"repeat","background-position":"center center","background-size":"auto","background-attachment":"scroll","background-type":"","background-media":"","overlay-type":"","overlay-color":"","overlay-opacity":"","overlay-gradient":""},"tablet":{"background-color":"","background-image":"","background-repeat":"repeat","background-position":"center center","background-size":"auto","background-attachment":"scroll","background-type":"","background-media":"","overlay-type":"","overlay-color":"","overlay-opacity":"","overlay-gradient":""},"mobile":{"background-color":"","background-image":"","background-repeat":"repeat","background-position":"center center","background-size":"auto","background-attachment":"scroll","background-type":"","background-media":"","overlay-type":"","overlay-color":"","overlay-opacity":"","overlay-gradient":""}},"ast-content-background-meta":{"desktop":{"background-color":"var(--ast-global-color-5)","background-image":"","background-repeat":"repeat","background-position":"center center","background-size":"auto","background-attachment":"scroll","background-type":"","background-media":"","overlay-type":"","overlay-color":"","overlay-opacity":"","overlay-gradient":""},"tablet":{"background-color":"var(--ast-global-color-5)","background-image":"","background-repeat":"repeat","background-position":"center center","background-size":"auto","background-attachment":"scroll","background-type":"","background-media":"","overlay-type":"","overlay-color":"","overlay-opacity":"","overlay-gradient":""},"mobile":{"background-color":"var(--ast-global-color-5)","background-image":"","background-repeat":"repeat","background-position":"center center","background-size":"auto","background-attachment":"scroll","background-type":"","background-media":"","overlay-type":"","overlay-color":"","overlay-opacity":"","overlay-gradient":""}},"footnotes":""},"class_list":["post-1127","page","type-page","status-publish","hentry","pmpro-has-access"],"acf":[],"_links":{"self":[{"href":"https:\/\/pret-a-raconter.com\/de\/wp-json\/wp\/v2\/pages\/1127","targetHints":{"allow":["GET"]}}],"collection":[{"href":"https:\/\/pret-a-raconter.com\/de\/wp-json\/wp\/v2\/pages"}],"about":[{"href":"https:\/\/pret-a-raconter.com\/de\/wp-json\/wp\/v2\/types\/page"}],"author":[{"embeddable":true,"href":"https:\/\/pret-a-raconter.com\/de\/wp-json\/wp\/v2\/users\/1"}],"replies":[{"embeddable":true,"href":"https:\/\/pret-a-raconter.com\/de\/wp-json\/wp\/v2\/comments?post=1127"}],"version-history":[{"count":0,"href":"https:\/\/pret-a-raconter.com\/de\/wp-json\/wp\/v2\/pages\/1127\/revisions"}],"wp:attachment":[{"href":"https:\/\/pret-a-raconter.com\/de\/wp-json\/wp\/v2\/media?parent=1127"}],"curies":[{"name":"wp","href":"https:\/\/api.w.org\/{rel}","templated":true}]}}