{"id":151,"date":"2023-08-13T16:07:12","date_gmt":"2023-08-13T16:07:12","guid":{"rendered":"https:\/\/pret-a-raconter.com\/?page_id=151"},"modified":"2025-04-03T04:52:11","modified_gmt":"2025-04-03T04:52:11","slug":"a-propos","status":"publish","type":"page","link":"https:\/\/pret-a-raconter.com\/de\/a-propos\/","title":{"rendered":"Um"},"content":{"rendered":"<div data-elementor-type=\"wp-page\" data-elementor-id=\"151\" class=\"elementor elementor-151\">\n\t\t\t\t<div class=\"elementor-element elementor-element-3e554c4 elementor-hidden-desktop elementor-hidden-tablet elementor-hidden-mobile e-flex e-con-boxed e-con e-parent\" data-id=\"3e554c4\" data-element_type=\"container\">\n\t\t\t\t\t<div class=\"e-con-inner\">\n\t\t<div class=\"elementor-element elementor-element-17bd7d2 e-flex e-con-boxed e-con e-child\" data-id=\"17bd7d2\" data-element_type=\"container\">\n\t\t\t\t\t<div class=\"e-con-inner\">\n\t\t\t\t<div class=\"elementor-element elementor-element-b0975a0 elementor-widget elementor-widget-heading\" data-id=\"b0975a0\" data-element_type=\"widget\" data-widget_type=\"heading.default\">\n\t\t\t\t<div class=\"elementor-widget-container\">\n\t\t\t\t\t<h2 class=\"elementor-heading-title elementor-size-default\">\u00dcber unsere Plattform<\/h2>\t\t\t\t<\/div>\n\t\t\t\t<\/div>\n\t\t\t\t<div class=\"elementor-element elementor-element-6283d6e elementor-widget elementor-widget-text-editor\" data-id=\"6283d6e\" data-element_type=\"widget\" data-widget_type=\"text-editor.default\">\n\t\t\t\t<div class=\"elementor-widget-container\">\n\t\t\t\t\t\t\t\t\t<div data-pm-slice=\"1 1 []\" data-en-clipboard=\"true\">Willkommen zu <a href=\"http:\/\/Pret-a-Raconter.com\">ready-to-raconter.com<\/a>, Ihr kreativer Begleiter in der faszinierenden Welt des Geschichtenerz\u00e4hlens. Unsere Mission ist einfach, aber aufregend: Ihre Ideen in fesselnde Geschichten umzuwandeln, die bereit sind, von einem vielf\u00e4ltigen Publikum geteilt und genossen zu werden. Im Haus von <a href=\"http:\/\/Pret-a-Raconter.com\">Pret-a-Raconter.com<\/a>Wir glauben fest daran, dass jeder Gedanke, jeder Traum, jede Erinnerung zur Grundlage einer unvergesslichen Geschichte werden kann.<\/div>\t\t\t\t\t\t\t\t<\/div>\n\t\t\t\t<\/div>\n\t\t\t\t<div class=\"elementor-element elementor-element-94aae22 elementor-widget elementor-widget-text-editor\" data-id=\"94aae22\" data-element_type=\"widget\" data-widget_type=\"text-editor.default\">\n\t\t\t\t<div class=\"elementor-widget-container\">\n\t\t\t\t\t\t\t\t\t<p class=\"p1\">Wir freuen uns, dass Sie daran interessiert sind, Ihre Ideen in Geschichten umzusetzen. Als Geschichtenerz\u00e4hler sind wir hier, um Sie durch diesen spannenden Prozess zu begleiten.&nbsp;<span style=\"color: var( --e-global-color-text ); letter-spacing: 0.9px; text-align: var(--text-align);\">Lassen Sie uns zun\u00e4chst \u00fcber Ihre Idee sprechen. Haben Sie bereits eine Skizze oder allgemeine Vorstellung davon, was Sie schreiben m\u00f6chten? Vielleicht ein Konzept, Charaktere, ein Setting oder einfach nur eine Emotion oder ein Thema, das Sie erforschen m\u00f6chten. Teilen Sie gerne so viel oder so wenig mit, wie Sie m\u00f6chten.<\/span><\/p>\n<p class=\"p1\">Anschlie\u00dfend besprechen wir, wie wir diese Idee zu einer fesselnden Geschichte weiterentwickeln k\u00f6nnen. Dies kann die Strukturierung der Handlung, die Charakterentwicklung, den Schreibstil und andere Schl\u00fcsselelemente des Geschichtenerz\u00e4hlens umfassen.<\/p>\n<p class=\"p2\">Ihre Begeisterung, Ihre Idee in eine Geschichte zu verwandeln, ist ansteckend und wir sind hier, um Sie bei jedem Schritt auf dem Weg zu unterst\u00fctzen. Lass uns gehen!<\/p>\t\t\t\t\t\t\t\t<\/div>\n\t\t\t\t<\/div>\n\t\t\t\t<div class=\"elementor-element elementor-element-ea7a0de elementor-widget elementor-widget-text-editor\" data-id=\"ea7a0de\" data-element_type=\"widget\" data-widget_type=\"text-editor.default\">\n\t\t\t\t<div class=\"elementor-widget-container\">\n\t\t\t\t\t\t\t\t\t<div data-pm-slice=\"1 1 []\" data-en-clipboard=\"true\"><b>Unser einzigartiger Service<\/b><\/div><div>\u00a0<\/div><div>HAT <a href=\"http:\/\/Pret-a-Raconter.com\">ready-to-raconter.com<\/a>Wir bieten einen personalisierten Service zur Erstellung von Kurzgeschichten mit einer Begrenzung auf 5000 W\u00f6rter an, um eine dichte und fesselnde Erz\u00e4hlung zu gew\u00e4hrleisten. Ganz gleich, ob Sie eine Skizze einer Idee oder ein gut ausgearbeitetes Konzept haben, unser Team aus professionellen Geschichtenerz\u00e4hlern ist hier, um daraus ein faszinierendes literarisches Werk zu machen.<\/div>\t\t\t\t\t\t\t\t<\/div>\n\t\t\t\t<\/div>\n\t\t\t\t<div class=\"elementor-element elementor-element-4583c19 elementor-widget elementor-widget-text-editor\" data-id=\"4583c19\" data-element_type=\"widget\" data-widget_type=\"text-editor.default\">\n\t\t\t\t<div class=\"elementor-widget-container\">\n\t\t\t\t\t\t\t\t\t<div data-pm-slice=\"1 1 []\" data-en-clipboard=\"true\"><b>Ihre Vision, unser Stift<\/b><\/div><div>\u00a0<\/div><div>Wir verstehen, dass jede Geschichte einzigartig ist, und deshalb bieten wir Ihnen die Freiheit, den Stil Ihrer Geschichte zu w\u00e4hlen. Ob Sie ein ergreifendes Drama, ein spannendes Abenteuer, eine fesselnde Liebesgeschichte oder ein modernes M\u00e4rchen bevorzugen, wir sind hier, um Ihre Vision zum Leben zu erwecken. Dar\u00fcber hinaus k\u00f6nnen Sie dank unseres Gremiums aus talentierten Geschichtenerz\u00e4hlern die Stimme ausw\u00e4hlen, die am besten zu Ihrer Idee passt.<\/div>\t\t\t\t\t\t\t\t<\/div>\n\t\t\t\t<\/div>\n\t\t\t\t<div class=\"elementor-element elementor-element-0010bbf elementor-widget elementor-widget-text-editor\" data-id=\"0010bbf\" data-element_type=\"widget\" data-widget_type=\"text-editor.default\">\n\t\t\t\t<div class=\"elementor-widget-container\">\n\t\t\t\t\t\t\t\t\t<div data-pm-slice=\"1 1 []\" data-en-clipboard=\"true\"><b>Ein Komplettpaket<\/b><\/div><div>\u00a0<\/div><div>Der Erhalt Ihrer Geschichte ist ein Erlebnis f\u00fcr sich. Zus\u00e4tzlich zum Text erhalten Sie ein individuelles Buchcover, eine PDF-Datei, ein EPUB-Format f\u00fcr E-Reader und einen 30-sek\u00fcndigen Videotrailer. Dieser multimediale Ansatz sorgt daf\u00fcr, dass Ihre Geschichte nicht nur gelesen, sondern auch gesehen und gef\u00fchlt wird.<\/div>\t\t\t\t\t\t\t\t<\/div>\n\t\t\t\t<\/div>\n\t\t\t\t<div class=\"elementor-element elementor-element-1aaa76d elementor-widget elementor-widget-text-editor\" data-id=\"1aaa76d\" data-element_type=\"widget\" data-widget_type=\"text-editor.default\">\n\t\t\t\t<div class=\"elementor-widget-container\">\n\t\t\t\t\t\t\t\t\t<div data-pm-slice=\"1 1 []\" data-en-clipboard=\"true\"><b>Urheberrecht: Ihre Wahl<\/b><\/div><div>\u00a0<\/div><div><div data-pm-slice=\"1 1 []\" data-en-clipboard=\"true\"><b>Unsere Verlobung<\/b><\/div><div>\u00a0<\/div><div>Im Haus von <a href=\"http:\/\/Pret-a-Raconter.com\">ready-to-raconter.com<\/a>, Ihre Zufriedenheit ist unsere Priorit\u00e4t. Wir sind bestrebt, einen qualitativ hochwertigen Service zu bieten, Ihre Ideen und Ihre Vision zu respektieren und gleichzeitig unser Fachwissen im Storytelling einzubringen. Unser Ziel ist es, jede Geschichte zu einem Werk zu machen, das nachhallt, bewegt und in Erinnerung bleibt.<\/div><p>Wir bieten Ihnen auch die Flexibilit\u00e4t, zu entscheiden, ob Sie das Urheberrecht an Ihrer Geschichte behalten m\u00f6chten. Sie k\u00f6nnen entscheiden, ob Sie es frei teilen, f\u00fcr sich behalten oder es sogar unter Ihrem Namen ver\u00f6ffentlichen m\u00f6chten.<\/p><\/div>\t\t\t\t\t\t\t\t<\/div>\n\t\t\t\t<\/div>\n\t\t\t\t<div class=\"elementor-element elementor-element-daf1fb1 elementor-widget elementor-widget-text-editor\" data-id=\"daf1fb1\" data-element_type=\"widget\" data-widget_type=\"text-editor.default\">\n\t\t\t\t<div class=\"elementor-widget-container\">\n\t\t\t\t\t\t\t\t\t<div data-pm-slice=\"1 1 []\" data-en-clipboard=\"true\">Begleiten Sie uns in diesem kreativen Abenteuer und lassen Sie es <a href=\"http:\/\/Pret-a-Raconter.com\">ready-to-raconter.com<\/a> Erwecken Sie Ihre Ideen zum Leben!<\/div>\t\t\t\t\t\t\t\t<\/div>\n\t\t\t\t<\/div>\n\t\t\t\t<div class=\"elementor-element elementor-element-b54dda4 elementor-widget elementor-widget-text-editor\" data-id=\"b54dda4\" data-element_type=\"widget\" data-widget_type=\"text-editor.default\">\n\t\t\t\t<div class=\"elementor-widget-container\">\n\t\t\t\t\t\t\t\t\t<p>Das engagierte Team von pret-a-raconter.com<\/p>\t\t\t\t\t\t\t\t<\/div>\n\t\t\t\t<\/div>\n\t\t\t\t\t<\/div>\n\t\t\t\t<\/div>\n\t\t\t\t\t<\/div>\n\t\t\t\t<\/div>\n\t\t<div class=\"elementor-element elementor-element-ab02e8d e-flex e-con-boxed e-con e-parent\" data-id=\"ab02e8d\" data-element_type=\"container\">\n\t\t\t\t\t<div class=\"e-con-inner\">\n\t\t<div class=\"elementor-element elementor-element-ff4efe5 e-flex e-con-boxed e-con e-child\" data-id=\"ff4efe5\" data-element_type=\"container\">\n\t\t\t\t\t<div class=\"e-con-inner\">\n\t\t\t\t<div class=\"elementor-element elementor-element-6279f66 elementor-widget elementor-widget-heading\" data-id=\"6279f66\" data-element_type=\"widget\" data-widget_type=\"heading.default\">\n\t\t\t\t<div class=\"elementor-widget-container\">\n\t\t\t\t\t<h2 class=\"elementor-heading-title elementor-size-default\">Um<\/h2>\t\t\t\t<\/div>\n\t\t\t\t<\/div>\n\t\t<div class=\"elementor-element elementor-element-6c861a9 e-con-full e-flex e-con e-child\" data-id=\"6c861a9\" data-element_type=\"container\">\n\t\t<div class=\"elementor-element elementor-element-cb83e6a e-con-full e-flex e-con e-child\" data-id=\"cb83e6a\" data-element_type=\"container\">\n\t\t\t\t<div class=\"elementor-element elementor-element-9a0476d elementor-widget elementor-widget-text-editor\" data-id=\"9a0476d\" data-element_type=\"widget\" data-widget_type=\"text-editor.default\">\n\t\t\t\t<div class=\"elementor-widget-container\">\n\t\t\t\t\t\t\t\t\tWillkommen bei Pr\u00eat \u00e0 Raconter, der Plattform, die Ihre Ideen in kurze, originelle und ma\u00dfgeschneiderte Geschichten verwandelt.\n\t\t\t\t\t\t\t\t<\/div>\n\t\t\t\t<\/div>\n\t\t\t\t<div class=\"elementor-element elementor-element-b2e7c35 elementor-widget elementor-widget-text-editor\" data-id=\"b2e7c35\" data-element_type=\"widget\" data-widget_type=\"text-editor.default\">\n\t\t\t\t<div class=\"elementor-widget-container\">\n\t\t\t\t\t\t\t\t\tEgal, ob Sie ein bestimmtes Konzept oder nur ein Gef\u00fchl erforschen m\u00f6chten, unsere Geschichtenerz\u00e4hler erwecken Ihre W\u00fcnsche zum Leben. Drama, Abenteuer, Absurdit\u00e4t oder modernes M\u00e4rchen? Es liegt an Ihnen, den Stil und den Autor auszuw\u00e4hlen, der Sie inspiriert.\n\t\t\t\t\t\t\t\t<\/div>\n\t\t\t\t<\/div>\n\t\t\t\t<div class=\"elementor-element elementor-element-cebc81e elementor-widget elementor-widget-heading\" data-id=\"cebc81e\" data-element_type=\"widget\" data-widget_type=\"heading.default\">\n\t\t\t\t<div class=\"elementor-widget-container\">\n\t\t\t\t\t<h2 class=\"elementor-heading-title elementor-size-default\">Wie funktioniert es?\n<\/h2>\t\t\t\t<\/div>\n\t\t\t\t<\/div>\n\t\t\t\t<div class=\"elementor-element elementor-element-1a9948a elementor-widget elementor-widget-text-editor\" data-id=\"1a9948a\" data-element_type=\"widget\" data-widget_type=\"text-editor.default\">\n\t\t\t\t<div class=\"elementor-widget-container\">\n\t\t\t\t\t\t\t\t\tSie teilen eine Idee (oder nur ein Thema) Wir schreiben Ihre Geschichte (bis zu 5000 W\u00f6rter) Sie erhalten sie als PDF, mit Cover und Mini-Video-Trailer\t\t\t\t\t\t\t\t<\/div>\n\t\t\t\t<\/div>\n\t\t\t\t<div class=\"elementor-element elementor-element-b43bcc9 elementor-widget elementor-widget-heading\" data-id=\"b43bcc9\" data-element_type=\"widget\" data-widget_type=\"heading.default\">\n\t\t\t\t<div class=\"elementor-widget-container\">\n\t\t\t\t\t<h2 class=\"elementor-heading-title elementor-size-default\">Ihre Ideen. Unsere Geschichten.\n<\/h2>\t\t\t\t<\/div>\n\t\t\t\t<\/div>\n\t\t\t\t<div class=\"elementor-element elementor-element-a63a81a elementor-widget elementor-widget-text-editor\" data-id=\"a63a81a\" data-element_type=\"widget\" data-widget_type=\"text-editor.default\">\n\t\t\t\t<div class=\"elementor-widget-container\">\n\t\t\t\t\t\t\t\t\tSie behalten die vollst\u00e4ndige Kontrolle: Ton, Stil, Urheberrecht inklusive. Ihre Fantasie, unser Stift.\n\t\t\t\t\t\t\t\t<\/div>\n\t\t\t\t<\/div>\n\t\t\t\t<div class=\"elementor-element elementor-element-2a0e9c0 elementor-widget elementor-widget-text-editor\" data-id=\"2a0e9c0\" data-element_type=\"widget\" data-widget_type=\"text-editor.default\">\n\t\t\t\t<div class=\"elementor-widget-container\">\n\t\t\t\t\t\t\t\t\tBereit ? Klicken. Vorstellen. Wir k\u00fcmmern uns um den Rest. Das Ready to Tell-Team\t\t\t\t\t\t\t\t<\/div>\n\t\t\t\t<\/div>\n\t\t\t\t<\/div>\n\t\t<div class=\"elementor-element elementor-element-7f70db7 e-con-full e-flex e-con e-child\" data-id=\"7f70db7\" data-element_type=\"container\">\n\t\t\t\t<div class=\"elementor-element elementor-element-f74a545 elementor-widget elementor-widget-image\" data-id=\"f74a545\" data-element_type=\"widget\" data-widget_type=\"image.default\">\n\t\t\t\t<div class=\"elementor-widget-container\">\n\t\t\t\t\t\t\t\t\t\t\t\t\t\t\t<img fetchpriority=\"high\" decoding=\"async\" width=\"1000\" height=\"1000\" src=\"https:\/\/pret-a-raconter.com\/wp-content\/uploads\/2025\/03\/2.jpg\" class=\"attachment-large size-large wp-image-10065\" alt=\"Guillaume Tell revisit\u00e9\" srcset=\"https:\/\/pret-a-raconter.com\/wp-content\/uploads\/2025\/03\/2.jpg 1000w, https:\/\/pret-a-raconter.com\/wp-content\/uploads\/2025\/03\/2-300x300.jpg 300w, https:\/\/pret-a-raconter.com\/wp-content\/uploads\/2025\/03\/2-150x150.jpg 150w, https:\/\/pret-a-raconter.com\/wp-content\/uploads\/2025\/03\/2-768x768.jpg 768w, https:\/\/pret-a-raconter.com\/wp-content\/uploads\/2025\/03\/2-12x12.jpg 12w, https:\/\/pret-a-raconter.com\/wp-content\/uploads\/2025\/03\/2-400x400.jpg 400w, https:\/\/pret-a-raconter.com\/wp-content\/uploads\/2025\/03\/2-600x600.jpg 600w\" sizes=\"(max-width: 1000px) 100vw, 1000px\" \/>\t\t\t\t\t\t\t\t\t\t\t\t\t\t\t<\/div>\n\t\t\t\t<\/div>\n\t\t\t\t<\/div>\n\t\t\t\t<\/div>\n\t\t\t\t\t<\/div>\n\t\t\t\t<\/div>\n\t\t\t\t\t<\/div>\n\t\t\t\t<\/div>\n\t\t<div class=\"elementor-element elementor-element-46c34b8 e-flex e-con-boxed e-con e-parent\" data-id=\"46c34b8\" data-element_type=\"container\">\n\t\t\t\t\t<div class=\"e-con-inner\">\n\t\t\t\t<div class=\"elementor-element elementor-element-b89e69f elementor-widget elementor-widget-text-editor\" data-id=\"b89e69f\" data-element_type=\"widget\" data-widget_type=\"text-editor.default\">\n\t\t\t\t<div class=\"elementor-widget-container\">\n\t\t\t\t\t\t\t\t\t<p>Schlagworte: \u00dcber uns, \u00dcber unser Kreativteam, Wir erstellen Ihre Geschichten f\u00fcr Sie<\/p>\t\t\t\t\t\t\t\t<\/div>\n\t\t\t\t<\/div>\n\t\t\t\t\t<\/div>\n\t\t\t\t<\/div>\n\t\t\t\t<\/div>","protected":false},"excerpt":{"rendered":"<p>\u00c0 propos de notre plateforme Bienvenue sur pret-a-raconter.com, votre compagnon cr\u00e9atif dans l&#8217;univers fascinant de la narration. Notre mission est simple mais passionnante : transformer vos id\u00e9es en histoires captivantes, pr\u00eates \u00e0 \u00eatre partag\u00e9es et appr\u00e9ci\u00e9es par un public vari\u00e9. Chez Pret-a-Raconter.com, nous croyons fermement que chaque pens\u00e9e, chaque r\u00eave, chaque souvenir peut devenir le [&hellip;]<\/p>","protected":false},"author":1,"featured_media":0,"parent":0,"menu_order":0,"comment_status":"closed","ping_status":"closed","template":"","meta":{"_acf_changed":false,"pmpro_default_level":"","site-sidebar-layout":"no-sidebar","site-content-layout":"page-builder","ast-site-content-layout":"","site-content-style":"default","site-sidebar-style":"default","ast-global-header-display":"","ast-banner-title-visibility":"","ast-main-header-display":"","ast-hfb-above-header-display":"","ast-hfb-below-header-display":"","ast-hfb-mobile-header-display":"","site-post-title":"disabled","ast-breadcrumbs-content":"","ast-featured-img":"disabled","footer-sml-layout":"","theme-transparent-header-meta":"","adv-header-id-meta":"","stick-header-meta":"","header-above-stick-meta":"","header-main-stick-meta":"","header-below-stick-meta":"","astra-migrate-meta-layouts":"default","ast-page-background-enabled":"default","ast-page-background-meta":{"desktop":{"background-color":"var(--ast-global-color-4)","background-image":"","background-repeat":"repeat","background-position":"center center","background-size":"auto","background-attachment":"scroll","background-type":"","background-media":"","overlay-type":"","overlay-color":"","overlay-opacity":"","overlay-gradient":""},"tablet":{"background-color":"","background-image":"","background-repeat":"repeat","background-position":"center center","background-size":"auto","background-attachment":"scroll","background-type":"","background-media":"","overlay-type":"","overlay-color":"","overlay-opacity":"","overlay-gradient":""},"mobile":{"background-color":"","background-image":"","background-repeat":"repeat","background-position":"center center","background-size":"auto","background-attachment":"scroll","background-type":"","background-media":"","overlay-type":"","overlay-color":"","overlay-opacity":"","overlay-gradient":""}},"ast-content-background-meta":{"desktop":{"background-color":"var(--ast-global-color-5)","background-image":"","background-repeat":"repeat","background-position":"center center","background-size":"auto","background-attachment":"scroll","background-type":"","background-media":"","overlay-type":"","overlay-color":"","overlay-opacity":"","overlay-gradient":""},"tablet":{"background-color":"var(--ast-global-color-5)","background-image":"","background-repeat":"repeat","background-position":"center center","background-size":"auto","background-attachment":"scroll","background-type":"","background-media":"","overlay-type":"","overlay-color":"","overlay-opacity":"","overlay-gradient":""},"mobile":{"background-color":"var(--ast-global-color-5)","background-image":"","background-repeat":"repeat","background-position":"center center","background-size":"auto","background-attachment":"scroll","background-type":"","background-media":"","overlay-type":"","overlay-color":"","overlay-opacity":"","overlay-gradient":""}},"footnotes":""},"class_list":["post-151","page","type-page","status-publish","hentry","pmpro-has-access"],"acf":[],"_links":{"self":[{"href":"https:\/\/pret-a-raconter.com\/de\/wp-json\/wp\/v2\/pages\/151","targetHints":{"allow":["GET"]}}],"collection":[{"href":"https:\/\/pret-a-raconter.com\/de\/wp-json\/wp\/v2\/pages"}],"about":[{"href":"https:\/\/pret-a-raconter.com\/de\/wp-json\/wp\/v2\/types\/page"}],"author":[{"embeddable":true,"href":"https:\/\/pret-a-raconter.com\/de\/wp-json\/wp\/v2\/users\/1"}],"replies":[{"embeddable":true,"href":"https:\/\/pret-a-raconter.com\/de\/wp-json\/wp\/v2\/comments?post=151"}],"version-history":[{"count":0,"href":"https:\/\/pret-a-raconter.com\/de\/wp-json\/wp\/v2\/pages\/151\/revisions"}],"wp:attachment":[{"href":"https:\/\/pret-a-raconter.com\/de\/wp-json\/wp\/v2\/media?parent=151"}],"curies":[{"name":"wp","href":"https:\/\/api.w.org\/{rel}","templated":true}]}}