{"id":4817,"date":"2024-01-06T05:45:12","date_gmt":"2024-01-06T05:45:12","guid":{"rendered":"https:\/\/pret-a-raconter.com\/?page_id=4817"},"modified":"2024-01-13T10:34:54","modified_gmt":"2024-01-13T10:34:54","slug":"biographies","status":"publish","type":"page","link":"https:\/\/pret-a-raconter.com\/de\/biographies\/","title":{"rendered":"Biografien"},"content":{"rendered":"<div data-elementor-type=\"wp-page\" data-elementor-id=\"4817\" class=\"elementor elementor-4817\">\n\t\t\t\t<div class=\"elementor-element elementor-element-45bda2e e-flex e-con-boxed e-con e-parent\" data-id=\"45bda2e\" data-element_type=\"container\">\n\t\t\t\t\t<div class=\"e-con-inner\">\n\t\t\t\t<div class=\"elementor-element elementor-element-75edc4d elementor-widget elementor-widget-heading\" data-id=\"75edc4d\" data-element_type=\"widget\" data-widget_type=\"heading.default\">\n\t\t\t\t<div class=\"elementor-widget-container\">\n\t\t\t\t\t<h2 class=\"elementor-heading-title elementor-size-default\">Biografien<\/h2>\t\t\t\t<\/div>\n\t\t\t\t<\/div>\n\t\t\t\t<div class=\"elementor-element elementor-element-91eaeab elementor-widget elementor-widget-text-editor\" data-id=\"91eaeab\" data-element_type=\"widget\" data-widget_type=\"text-editor.default\">\n\t\t\t\t<div class=\"elementor-widget-container\">\n\t\t\t\t\t\t\t\t\t<h2 class=\"wp-block-heading\"><strong>Entdecken Sie die Kunst der personalisierten Biografie:<\/strong><\/h2>\n<h2 class=\"wp-block-heading\"><strong>Deine Geschichte, unser Stift<\/strong><\/h2>\n<p class=\"has-ast-global-color-8-color has-text-color has-link-color\">Willkommen in unserem einzigartigen Raum, in dem Ihre Erinnerungen und Erfahrungen in eine fesselnde Geschichte verwandelt werden. Wir sind stolz, Ihnen unseren exklusiven Biografie-Schreibservice pr\u00e4sentieren zu k\u00f6nnen, der Ihre Reise oder die Ihrer Lieben in unvergesslichem Stil festhalten soll.<\/p>\t\t\t\t\t\t\t\t<\/div>\n\t\t\t\t<\/div>\n\t\t\t\t<div class=\"elementor-element elementor-element-9012271 elementor-widget elementor-widget-heading\" data-id=\"9012271\" data-element_type=\"widget\" data-widget_type=\"heading.default\">\n\t\t\t\t<div class=\"elementor-widget-container\">\n\t\t\t\t\t<h2 class=\"elementor-heading-title elementor-size-default\">Beispiele<\/h2>\t\t\t\t<\/div>\n\t\t\t\t<\/div>\n\t\t\t\t<div class=\"elementor-element elementor-element-7976bc1 elementor-widget elementor-widget-text-editor\" data-id=\"7976bc1\" data-element_type=\"widget\" data-widget_type=\"text-editor.default\">\n\t\t\t\t<div class=\"elementor-widget-container\">\n\t\t\t\t\t\t\t\t\t<p><em>Um unsere Beispiele im PDF-Format zu entdecken, klicken Sie darauf!<\/em><\/p>\t\t\t\t\t\t\t\t<\/div>\n\t\t\t\t<\/div>\n\t\t<div class=\"elementor-element elementor-element-83e4233 e-flex e-con-boxed e-con e-child\" data-id=\"83e4233\" data-element_type=\"container\">\n\t\t\t\t\t<div class=\"e-con-inner\">\n\t\t<div class=\"elementor-element elementor-element-9a47cbb e-flex e-con-boxed e-con e-child\" data-id=\"9a47cbb\" data-element_type=\"container\">\n\t\t\t\t\t<div class=\"e-con-inner\">\n\t\t\t\t<div class=\"elementor-element elementor-element-dcaf259 elementor-widget elementor-widget-image\" data-id=\"dcaf259\" data-element_type=\"widget\" data-widget_type=\"image.default\">\n\t\t\t\t<div class=\"elementor-widget-container\">\n\t\t\t\t\t\t\t\t\t\t\t\t\t\t\t\t<a href=\"https:\/\/pret-a-raconter.com\/wp-content\/uploads\/2024\/01\/Jean-Dupont-style-classique.pdf\">\n\t\t\t\t\t\t\t<img fetchpriority=\"high\" decoding=\"async\" width=\"1100\" height=\"1700\" src=\"https:\/\/pret-a-raconter.com\/wp-content\/uploads\/2024\/01\/Jean-Dupont-style-classique-01.jpg\" class=\"attachment-full size-full wp-image-4879\" alt=\"\" srcset=\"https:\/\/pret-a-raconter.com\/wp-content\/uploads\/2024\/01\/Jean-Dupont-style-classique-01.jpg 1100w, https:\/\/pret-a-raconter.com\/wp-content\/uploads\/2024\/01\/Jean-Dupont-style-classique-01-194x300.jpg 194w, https:\/\/pret-a-raconter.com\/wp-content\/uploads\/2024\/01\/Jean-Dupont-style-classique-01-663x1024.jpg 663w, https:\/\/pret-a-raconter.com\/wp-content\/uploads\/2024\/01\/Jean-Dupont-style-classique-01-768x1187.jpg 768w, https:\/\/pret-a-raconter.com\/wp-content\/uploads\/2024\/01\/Jean-Dupont-style-classique-01-994x1536.jpg 994w, https:\/\/pret-a-raconter.com\/wp-content\/uploads\/2024\/01\/Jean-Dupont-style-classique-01-600x927.jpg 600w\" sizes=\"(max-width: 1100px) 100vw, 1100px\" \/>\t\t\t\t\t\t\t\t<\/a>\n\t\t\t\t\t\t\t\t\t\t\t\t\t\t\t<\/div>\n\t\t\t\t<\/div>\n\t\t\t\t<div class=\"elementor-element elementor-element-01702a5 elementor-widget elementor-widget-text-editor\" data-id=\"01702a5\" data-element_type=\"widget\" data-widget_type=\"text-editor.default\">\n\t\t\t\t<div class=\"elementor-widget-container\">\n\t\t\t\t\t\t\t\t\t<p><strong>Klassischer Stil<\/strong><\/p>\t\t\t\t\t\t\t\t<\/div>\n\t\t\t\t<\/div>\n\t\t\t\t\t<\/div>\n\t\t\t\t<\/div>\n\t\t<div class=\"elementor-element elementor-element-197f627 e-con-full e-flex e-con e-child\" data-id=\"197f627\" data-element_type=\"container\">\n\t\t\t\t<div class=\"elementor-element elementor-element-74b4e60 elementor-widget elementor-widget-image\" data-id=\"74b4e60\" data-element_type=\"widget\" data-widget_type=\"image.default\">\n\t\t\t\t<div class=\"elementor-widget-container\">\n\t\t\t\t\t\t\t\t\t\t\t\t\t\t\t\t<a href=\"https:\/\/pret-a-raconter.com\/wp-content\/uploads\/2024\/01\/jean-dupont-style-historique.pdf\">\n\t\t\t\t\t\t\t<img decoding=\"async\" width=\"1100\" height=\"1700\" src=\"https:\/\/pret-a-raconter.com\/wp-content\/uploads\/2024\/01\/jean-dupont-style-historique-01.jpg\" class=\"attachment-full size-full wp-image-4885\" alt=\"\" srcset=\"https:\/\/pret-a-raconter.com\/wp-content\/uploads\/2024\/01\/jean-dupont-style-historique-01.jpg 1100w, https:\/\/pret-a-raconter.com\/wp-content\/uploads\/2024\/01\/jean-dupont-style-historique-01-194x300.jpg 194w, https:\/\/pret-a-raconter.com\/wp-content\/uploads\/2024\/01\/jean-dupont-style-historique-01-663x1024.jpg 663w, https:\/\/pret-a-raconter.com\/wp-content\/uploads\/2024\/01\/jean-dupont-style-historique-01-768x1187.jpg 768w, https:\/\/pret-a-raconter.com\/wp-content\/uploads\/2024\/01\/jean-dupont-style-historique-01-994x1536.jpg 994w, https:\/\/pret-a-raconter.com\/wp-content\/uploads\/2024\/01\/jean-dupont-style-historique-01-600x927.jpg 600w\" sizes=\"(max-width: 1100px) 100vw, 1100px\" \/>\t\t\t\t\t\t\t\t<\/a>\n\t\t\t\t\t\t\t\t\t\t\t\t\t\t\t<\/div>\n\t\t\t\t<\/div>\n\t\t\t\t<div class=\"elementor-element elementor-element-a9ebddf elementor-widget elementor-widget-text-editor\" data-id=\"a9ebddf\" data-element_type=\"widget\" data-widget_type=\"text-editor.default\">\n\t\t\t\t<div class=\"elementor-widget-container\">\n\t\t\t\t\t\t\t\t\t<p><strong>Historischer Stil<\/strong><\/p>\t\t\t\t\t\t\t\t<\/div>\n\t\t\t\t<\/div>\n\t\t\t\t<\/div>\n\t\t<div class=\"elementor-element elementor-element-b6a0a1e e-flex e-con-boxed e-con e-child\" data-id=\"b6a0a1e\" data-element_type=\"container\">\n\t\t\t\t\t<div class=\"e-con-inner\">\n\t\t\t\t<div class=\"elementor-element elementor-element-3a3308a elementor-widget elementor-widget-image\" data-id=\"3a3308a\" data-element_type=\"widget\" data-widget_type=\"image.default\">\n\t\t\t\t<div class=\"elementor-widget-container\">\n\t\t\t\t\t\t\t\t\t\t\t\t\t\t\t\t<a href=\"https:\/\/pret-a-raconter.com\/wp-content\/uploads\/2024\/01\/jean-dupont-style-romance.pdf\">\n\t\t\t\t\t\t\t<img decoding=\"async\" width=\"1100\" height=\"1700\" src=\"https:\/\/pret-a-raconter.com\/wp-content\/uploads\/2024\/01\/jean-dupont-style-romance-01.jpg\" class=\"attachment-full size-full wp-image-4891\" alt=\"\" srcset=\"https:\/\/pret-a-raconter.com\/wp-content\/uploads\/2024\/01\/jean-dupont-style-romance-01.jpg 1100w, https:\/\/pret-a-raconter.com\/wp-content\/uploads\/2024\/01\/jean-dupont-style-romance-01-194x300.jpg 194w, https:\/\/pret-a-raconter.com\/wp-content\/uploads\/2024\/01\/jean-dupont-style-romance-01-663x1024.jpg 663w, https:\/\/pret-a-raconter.com\/wp-content\/uploads\/2024\/01\/jean-dupont-style-romance-01-768x1187.jpg 768w, https:\/\/pret-a-raconter.com\/wp-content\/uploads\/2024\/01\/jean-dupont-style-romance-01-994x1536.jpg 994w, https:\/\/pret-a-raconter.com\/wp-content\/uploads\/2024\/01\/jean-dupont-style-romance-01-600x927.jpg 600w\" sizes=\"(max-width: 1100px) 100vw, 1100px\" \/>\t\t\t\t\t\t\t\t<\/a>\n\t\t\t\t\t\t\t\t\t\t\t\t\t\t\t<\/div>\n\t\t\t\t<\/div>\n\t\t\t\t<div class=\"elementor-element elementor-element-8de2602 elementor-widget elementor-widget-text-editor\" data-id=\"8de2602\" data-element_type=\"widget\" data-widget_type=\"text-editor.default\">\n\t\t\t\t<div class=\"elementor-widget-container\">\n\t\t\t\t\t\t\t\t\t<p><strong>Romantischer Stil<\/strong><\/p>\t\t\t\t\t\t\t\t<\/div>\n\t\t\t\t<\/div>\n\t\t\t\t\t<\/div>\n\t\t\t\t<\/div>\n\t\t<div class=\"elementor-element elementor-element-b31a086 e-flex e-con-boxed e-con e-child\" data-id=\"b31a086\" data-element_type=\"container\">\n\t\t\t\t\t<div class=\"e-con-inner\">\n\t\t\t\t<div class=\"elementor-element elementor-element-7e1e09f elementor-widget elementor-widget-image\" data-id=\"7e1e09f\" data-element_type=\"widget\" data-widget_type=\"image.default\">\n\t\t\t\t<div class=\"elementor-widget-container\">\n\t\t\t\t\t\t\t\t\t\t\t\t\t\t\t\t<a href=\"https:\/\/pret-a-raconter.com\/wp-content\/uploads\/2024\/01\/jean-dupont-amusant.pdf\">\n\t\t\t\t\t\t\t<img loading=\"lazy\" decoding=\"async\" width=\"1100\" height=\"1700\" src=\"https:\/\/pret-a-raconter.com\/wp-content\/uploads\/2024\/01\/jean-dupont-amusant-01.jpg\" class=\"attachment-full size-full wp-image-4897\" alt=\"\" srcset=\"https:\/\/pret-a-raconter.com\/wp-content\/uploads\/2024\/01\/jean-dupont-amusant-01.jpg 1100w, https:\/\/pret-a-raconter.com\/wp-content\/uploads\/2024\/01\/jean-dupont-amusant-01-194x300.jpg 194w, https:\/\/pret-a-raconter.com\/wp-content\/uploads\/2024\/01\/jean-dupont-amusant-01-663x1024.jpg 663w, https:\/\/pret-a-raconter.com\/wp-content\/uploads\/2024\/01\/jean-dupont-amusant-01-768x1187.jpg 768w, https:\/\/pret-a-raconter.com\/wp-content\/uploads\/2024\/01\/jean-dupont-amusant-01-994x1536.jpg 994w, https:\/\/pret-a-raconter.com\/wp-content\/uploads\/2024\/01\/jean-dupont-amusant-01-600x927.jpg 600w\" sizes=\"(max-width: 1100px) 100vw, 1100px\" \/>\t\t\t\t\t\t\t\t<\/a>\n\t\t\t\t\t\t\t\t\t\t\t\t\t\t\t<\/div>\n\t\t\t\t<\/div>\n\t\t\t\t<div class=\"elementor-element elementor-element-05a5aad elementor-widget elementor-widget-text-editor\" data-id=\"05a5aad\" data-element_type=\"widget\" data-widget_type=\"text-editor.default\">\n\t\t\t\t<div class=\"elementor-widget-container\">\n\t\t\t\t\t\t\t\t\t<p><strong>Lustiger Stil<\/strong><\/p>\t\t\t\t\t\t\t\t<\/div>\n\t\t\t\t<\/div>\n\t\t\t\t\t<\/div>\n\t\t\t\t<\/div>\n\t\t\t\t\t<\/div>\n\t\t\t\t<\/div>\n\t\t\t\t\t<\/div>\n\t\t\t\t<\/div>\n\t\t<div class=\"elementor-element elementor-element-1892b1bd e-flex e-con-boxed e-con e-parent\" data-id=\"1892b1bd\" data-element_type=\"container\">\n\t\t\t\t\t<div class=\"e-con-inner\">\n\t\t\t\t<div class=\"elementor-element elementor-element-2b9dda8c elementor-widget elementor-widget-text-editor\" data-id=\"2b9dda8c\" data-element_type=\"widget\" data-widget_type=\"text-editor.default\">\n\t\t\t\t<div class=\"elementor-widget-container\">\n\t\t\t\t\t\t\t\t\t\n<p class=\"has-ast-global-color-8-color has-text-color has-link-color\">\u00a0<\/p>\n\n<h3 class=\"has-ast-global-color-8-color has-text-color has-link-color wp-elements-9f6942da99bd1b640d2af83445695066\"><strong>Unser Fachwissen steht Ihnen zur Verf\u00fcgung<\/strong><\/h3>\n\n<p class=\"has-ast-global-color-8-color has-text-color has-link-color wp-elements-f4b3976a7b8d231277dc85e644132eba\">Unser Team wird durch die Ankunft eines talentierten Autors bereichert, der auf die heikle Kunst der Biografie spezialisiert ist. Mit der Gabe, die Essenz der Menschen, die er beschreibt, einzufangen, verwandelt unser Autor jede Lebensgeschichte in ein faszinierendes Werk. Ob Sie eine Biografie mit am\u00fcsantem, historischem, romantischem Ton oder \u201eim Stil\u201c Ihrer Lieblingsautoren schreiben m\u00f6chten, unser Experte passt seinen Stil an Ihre Erwartungen an.<\/p>\n\n<p class=\"has-ast-global-color-8-color has-text-color has-link-color wp-elements-66ee7dce8a035fef73207564d6607a4f\"><strong>Ma\u00dfgeschneiderte Geschichten<\/strong><\/p>\n\n<p class=\"has-ast-global-color-8-color has-text-color has-link-color wp-elements-b6b4b17fa2c348bf82f5ad4f507019e6\">Jedes Leben ist ein Roman und unser Service besteht darin, jedes Kapitel festzuhalten. Unsere auf 5.000 W\u00f6rter begrenzten Biografien sind Zusammenfassungen von Emotionen, Wahrheit und Stil und bieten einen dichten, aber umfassenden \u00dcberblick \u00fcber das erz\u00e4hlte Leben.<\/p>\n\n<ul class=\"wp-block-list\">\n<li><strong>Lustiger Stil<\/strong>: F\u00fcr eine leichte und humorvolle Lekt\u00fcre entscheiden Sie sich f\u00fcr eine Biografie, die die Freude und Originalit\u00e4t Ihrer Reise widerspiegelt.<\/li>\n\n<li><strong>Historischer Stil<\/strong>: Ideal f\u00fcr diejenigen, die historische Momente erlebt haben oder ihre Geschichte in einer vergangenen \u00c4ra verankern m\u00f6chten. Dieser Stil verleiht Ihrer Geschichte eine zeitlose Dimension.<\/li>\n\n<li><strong>Romantischer Stil<\/strong>: Perfekt, um Ihr Leben in ein spannendes Abenteuer voller Romantik und Wendungen zu verwandeln.<\/li>\n\n<li><strong>Auf dem Weg von\u2026<\/strong>: Bewundern Sie einen bestimmten Autor oder literarischen Stil? Unsere Autoren k\u00f6nnen ihre Texte so anpassen, dass sie diesen Einfluss in Ihrer Biografie widerspiegeln.<\/li>\n<\/ul>\n\n<p><strong>Ihre Geschichte, ein Schatz zum Teilen<\/strong><\/p>\n\n<p>Ob Sie einem geliebten Menschen ein einzigartiges Geschenk machen, Ihr Familienerbst\u00fcck bewahren oder einfach Ihre Lebenserfahrung teilen \u2013 eine personalisierte Biografie ist eine unsch\u00e4tzbare M\u00f6glichkeit, Ihre sch\u00f6nsten Erinnerungen lebendig zu halten.<\/p>\n\n<p><strong>Kontaktieren Sie uns, um das Abenteuer zu beginnen<\/strong><\/p>\n\n<p class=\"has-ast-global-color-8-color has-text-color has-link-color wp-elements-9a546ae54bbcdf76fde5b9a00243d560\">Sind Sie bereit, Ihre Geschichte zu erz\u00e4hlen? Kontaktieren Sie uns noch heute, um Ihr Biografieprojekt zu besprechen. Lassen Sie uns gemeinsam Ihre Erinnerungen zum Leben erwecken.<\/p>\n\t\t\t\t\t\t\t\t<\/div>\n\t\t\t\t<\/div>\n\t\t\t\t\t<\/div>\n\t\t\t\t<\/div>\n\t\t\t\t<\/div>","protected":false},"excerpt":{"rendered":"<p>Biographies D\u00e9couvrez l\u2019art de la biographie personnalis\u00e9e : Votre histoire, notre plume Bienvenue dans notre espace unique o\u00f9 vos souvenirs et exp\u00e9riences se transforment en un r\u00e9cit captivant. Nous sommes fiers de vous pr\u00e9senter notre service exclusif de r\u00e9daction de biographies, con\u00e7u pour immortaliser votre parcours ou celui de vos proches dans un style inoubliable. [&hellip;]<\/p>","protected":false},"author":1,"featured_media":0,"parent":0,"menu_order":0,"comment_status":"closed","ping_status":"closed","template":"elementor_header_footer","meta":{"_acf_changed":false,"pmpro_default_level":"","site-sidebar-layout":"default","site-content-layout":"","ast-site-content-layout":"","site-content-style":"default","site-sidebar-style":"default","ast-global-header-display":"","ast-banner-title-visibility":"","ast-main-header-display":"","ast-hfb-above-header-display":"","ast-hfb-below-header-display":"","ast-hfb-mobile-header-display":"","site-post-title":"","ast-breadcrumbs-content":"","ast-featured-img":"","footer-sml-layout":"","theme-transparent-header-meta":"","adv-header-id-meta":"","stick-header-meta":"","header-above-stick-meta":"","header-main-stick-meta":"","header-below-stick-meta":"","astra-migrate-meta-layouts":"default","ast-page-background-enabled":"default","ast-page-background-meta":{"desktop":{"background-color":"var(--ast-global-color-4)","background-image":"","background-repeat":"repeat","background-position":"center center","background-size":"auto","background-attachment":"scroll","background-type":"","background-media":"","overlay-type":"","overlay-color":"","overlay-opacity":"","overlay-gradient":""},"tablet":{"background-color":"","background-image":"","background-repeat":"repeat","background-position":"center center","background-size":"auto","background-attachment":"scroll","background-type":"","background-media":"","overlay-type":"","overlay-color":"","overlay-opacity":"","overlay-gradient":""},"mobile":{"background-color":"","background-image":"","background-repeat":"repeat","background-position":"center center","background-size":"auto","background-attachment":"scroll","background-type":"","background-media":"","overlay-type":"","overlay-color":"","overlay-opacity":"","overlay-gradient":""}},"ast-content-background-meta":{"desktop":{"background-color":"var(--ast-global-color-5)","background-image":"","background-repeat":"repeat","background-position":"center center","background-size":"auto","background-attachment":"scroll","background-type":"","background-media":"","overlay-type":"","overlay-color":"","overlay-opacity":"","overlay-gradient":""},"tablet":{"background-color":"var(--ast-global-color-5)","background-image":"","background-repeat":"repeat","background-position":"center center","background-size":"auto","background-attachment":"scroll","background-type":"","background-media":"","overlay-type":"","overlay-color":"","overlay-opacity":"","overlay-gradient":""},"mobile":{"background-color":"var(--ast-global-color-5)","background-image":"","background-repeat":"repeat","background-position":"center center","background-size":"auto","background-attachment":"scroll","background-type":"","background-media":"","overlay-type":"","overlay-color":"","overlay-opacity":"","overlay-gradient":""}},"footnotes":""},"class_list":["post-4817","page","type-page","status-publish","hentry","pmpro-has-access"],"acf":[],"_links":{"self":[{"href":"https:\/\/pret-a-raconter.com\/de\/wp-json\/wp\/v2\/pages\/4817","targetHints":{"allow":["GET"]}}],"collection":[{"href":"https:\/\/pret-a-raconter.com\/de\/wp-json\/wp\/v2\/pages"}],"about":[{"href":"https:\/\/pret-a-raconter.com\/de\/wp-json\/wp\/v2\/types\/page"}],"author":[{"embeddable":true,"href":"https:\/\/pret-a-raconter.com\/de\/wp-json\/wp\/v2\/users\/1"}],"replies":[{"embeddable":true,"href":"https:\/\/pret-a-raconter.com\/de\/wp-json\/wp\/v2\/comments?post=4817"}],"version-history":[{"count":0,"href":"https:\/\/pret-a-raconter.com\/de\/wp-json\/wp\/v2\/pages\/4817\/revisions"}],"wp:attachment":[{"href":"https:\/\/pret-a-raconter.com\/de\/wp-json\/wp\/v2\/media?parent=4817"}],"curies":[{"name":"wp","href":"https:\/\/api.w.org\/{rel}","templated":true}]}}