{"id":4947,"date":"2024-01-10T15:04:02","date_gmt":"2024-01-10T15:04:02","guid":{"rendered":"https:\/\/pret-a-raconter.com\/?page_id=4947"},"modified":"2024-02-28T11:55:29","modified_gmt":"2024-02-28T11:55:29","slug":"histoires-courtes","status":"publish","type":"page","link":"https:\/\/pret-a-raconter.com\/de\/histoires-courtes\/","title":{"rendered":"Kurzgeschichten"},"content":{"rendered":"<div data-elementor-type=\"wp-page\" data-elementor-id=\"4947\" class=\"elementor elementor-4947\">\n\t\t\t\t<div class=\"elementor-element elementor-element-5933e9fe e-flex e-con-boxed e-con e-parent\" data-id=\"5933e9fe\" data-element_type=\"container\">\n\t\t\t\t\t<div class=\"e-con-inner\">\n\t\t<div class=\"elementor-element elementor-element-7c0eabae e-flex e-con-boxed e-con e-child\" data-id=\"7c0eabae\" data-element_type=\"container\">\n\t\t\t\t\t<div class=\"e-con-inner\">\n\t\t\t\t<div class=\"elementor-element elementor-element-25cd7bbc elementor-position-top elementor-widget elementor-widget-image-box\" data-id=\"25cd7bbc\" data-element_type=\"widget\" data-widget_type=\"image-box.default\">\n\t\t\t\t<div class=\"elementor-widget-container\">\n\t\t\t\t\t<div class=\"elementor-image-box-wrapper\"><figure class=\"elementor-image-box-img\"><img fetchpriority=\"high\" decoding=\"async\" width=\"1021\" height=\"1009\" src=\"https:\/\/pret-a-raconter.com\/wp-content\/uploads\/2023\/12\/4.jpg\" class=\"attachment-full size-full wp-image-4316\" alt=\"Chosir l&#039;auteur\" srcset=\"https:\/\/pret-a-raconter.com\/wp-content\/uploads\/2023\/12\/4.jpg 1021w, https:\/\/pret-a-raconter.com\/wp-content\/uploads\/2023\/12\/4-300x296.jpg 300w, https:\/\/pret-a-raconter.com\/wp-content\/uploads\/2023\/12\/4-768x759.jpg 768w\" sizes=\"(max-width: 1021px) 100vw, 1021px\" \/><\/figure><div class=\"elementor-image-box-content\"><h3 class=\"elementor-image-box-title\">W\u00e4hlen Sie Ihren Lieblingsgeschichtenerz\u00e4hler<\/h3><p class=\"elementor-image-box-description\">Lernen Sie unser Team aus qualifizierten Autoren kennen. W\u00e4hlen Sie von Fantasy-Epen bis hin zu herzerw\u00e4rmenden Liebesromanen einen Autor, der am besten zu Ihrer Vision passt<\/p><\/div><\/div>\t\t\t\t<\/div>\n\t\t\t\t<\/div>\n\t\t\t\t<div class=\"elementor-element elementor-element-3708d8c2 elementor-align-center elementor-widget elementor-widget-button\" data-id=\"3708d8c2\" data-element_type=\"widget\" data-widget_type=\"button.default\">\n\t\t\t\t<div class=\"elementor-widget-container\">\n\t\t\t\t\t\t\t\t\t<div class=\"elementor-button-wrapper\">\n\t\t\t\t\t<a class=\"elementor-button elementor-button-link elementor-size-sm\" href=\"https:\/\/pret-a-raconter.com\/de\/commander-une-histoire\/\">\n\t\t\t\t\t\t<span class=\"elementor-button-content-wrapper\">\n\t\t\t\t\t\t\t\t\t<span class=\"elementor-button-text\">Bestellen Sie eine Geschichte<\/span>\n\t\t\t\t\t<\/span>\n\t\t\t\t\t<\/a>\n\t\t\t\t<\/div>\n\t\t\t\t\t\t\t\t<\/div>\n\t\t\t\t<\/div>\n\t\t\t\t\t<\/div>\n\t\t\t\t<\/div>\n\t\t<div class=\"elementor-element elementor-element-428aa01f e-flex e-con-boxed e-con e-child\" data-id=\"428aa01f\" data-element_type=\"container\">\n\t\t\t\t\t<div class=\"e-con-inner\">\n\t\t\t\t<div class=\"elementor-element elementor-element-26c9cd78 elementor-position-top elementor-widget elementor-widget-image-box\" data-id=\"26c9cd78\" data-element_type=\"widget\" data-widget_type=\"image-box.default\">\n\t\t\t\t<div class=\"elementor-widget-container\">\n\t\t\t\t\t<div class=\"elementor-image-box-wrapper\"><figure class=\"elementor-image-box-img\"><img decoding=\"async\" width=\"1018\" height=\"1024\" src=\"https:\/\/pret-a-raconter.com\/wp-content\/uploads\/2023\/12\/6.jpg\" class=\"attachment-full size-full wp-image-4317\" alt=\"\" srcset=\"https:\/\/pret-a-raconter.com\/wp-content\/uploads\/2023\/12\/6.jpg 1018w, https:\/\/pret-a-raconter.com\/wp-content\/uploads\/2023\/12\/6-298x300.jpg 298w, https:\/\/pret-a-raconter.com\/wp-content\/uploads\/2023\/12\/6-150x150.jpg 150w, https:\/\/pret-a-raconter.com\/wp-content\/uploads\/2023\/12\/6-768x773.jpg 768w\" sizes=\"(max-width: 1018px) 100vw, 1018px\" \/><\/figure><div class=\"elementor-image-box-content\"><h3 class=\"elementor-image-box-title\">Gestalten Sie Ihre Geschichte<\/h3><p class=\"elementor-image-box-description\">Ob es sich um ein vages Konzept oder eine detaillierte Handlung handelt, unsere Autoren arbeiten mit Ihnen zusammen, um Ihre Idee in eine fesselnde Geschichte zu verwandeln<\/p><\/div><\/div>\t\t\t\t<\/div>\n\t\t\t\t<\/div>\n\t\t\t\t<div class=\"elementor-element elementor-element-ef77aca elementor-align-center elementor-widget elementor-widget-button\" data-id=\"ef77aca\" data-element_type=\"widget\" data-widget_type=\"button.default\">\n\t\t\t\t<div class=\"elementor-widget-container\">\n\t\t\t\t\t\t\t\t\t<div class=\"elementor-button-wrapper\">\n\t\t\t\t\t<a class=\"elementor-button elementor-button-link elementor-size-sm\" href=\"https:\/\/pret-a-raconter.com\/de\/commander-une-histoire\/\">\n\t\t\t\t\t\t<span class=\"elementor-button-content-wrapper\">\n\t\t\t\t\t\t\t\t\t<span class=\"elementor-button-text\">Bestellen Sie eine Geschichte<\/span>\n\t\t\t\t\t<\/span>\n\t\t\t\t\t<\/a>\n\t\t\t\t<\/div>\n\t\t\t\t\t\t\t\t<\/div>\n\t\t\t\t<\/div>\n\t\t\t\t\t<\/div>\n\t\t\t\t<\/div>\n\t\t\t\t\t<\/div>\n\t\t\t\t<\/div>\n\t\t<div class=\"elementor-element elementor-element-475c4c28 e-flex e-con-boxed e-con e-parent\" data-id=\"475c4c28\" data-element_type=\"container\">\n\t\t\t\t\t<div class=\"e-con-inner\">\n\t\t<div class=\"elementor-element elementor-element-68c1be3a e-flex e-con-boxed e-con e-child\" data-id=\"68c1be3a\" data-element_type=\"container\">\n\t\t\t\t\t<div class=\"e-con-inner\">\n\t\t\t\t<div class=\"elementor-element elementor-element-2f1302ae elementor-position-top elementor-widget elementor-widget-image-box\" data-id=\"2f1302ae\" data-element_type=\"widget\" data-widget_type=\"image-box.default\">\n\t\t\t\t<div class=\"elementor-widget-container\">\n\t\t\t\t\t<div class=\"elementor-image-box-wrapper\"><figure class=\"elementor-image-box-img\"><img decoding=\"async\" width=\"1024\" height=\"1024\" src=\"https:\/\/pret-a-raconter.com\/wp-content\/uploads\/2023\/12\/7.jpg\" class=\"attachment-full size-full wp-image-4318\" alt=\"\" srcset=\"https:\/\/pret-a-raconter.com\/wp-content\/uploads\/2023\/12\/7.jpg 1024w, https:\/\/pret-a-raconter.com\/wp-content\/uploads\/2023\/12\/7-300x300.jpg 300w, https:\/\/pret-a-raconter.com\/wp-content\/uploads\/2023\/12\/7-150x150.jpg 150w, https:\/\/pret-a-raconter.com\/wp-content\/uploads\/2023\/12\/7-768x768.jpg 768w\" sizes=\"(max-width: 1024px) 100vw, 1024px\" \/><\/figure><div class=\"elementor-image-box-content\"><h3 class=\"elementor-image-box-title\">W\u00e4hlen Sie Ihr Publikationsformat<\/h3><p class=\"elementor-image-box-description\">W\u00e4hlen Sie, wie Sie Ihre Geschichte teilen m\u00f6chten. Entscheiden Sie sich f\u00fcr ein E-Book, ein elegantes PDF oder sogar einen fesselnden Videotrailer. Mit oder ohne Urheberrecht, Sie haben die Wahl. Funktionalit\u00e4t <\/p><\/div><\/div>\t\t\t\t<\/div>\n\t\t\t\t<\/div>\n\t\t\t\t<div class=\"elementor-element elementor-element-1d691d96 elementor-align-center elementor-widget elementor-widget-button\" data-id=\"1d691d96\" data-element_type=\"widget\" data-widget_type=\"button.default\">\n\t\t\t\t<div class=\"elementor-widget-container\">\n\t\t\t\t\t\t\t\t\t<div class=\"elementor-button-wrapper\">\n\t\t\t\t\t<a class=\"elementor-button elementor-button-link elementor-size-sm\" href=\"https:\/\/pret-a-raconter.com\/de\/commander-une-histoire\/\">\n\t\t\t\t\t\t<span class=\"elementor-button-content-wrapper\">\n\t\t\t\t\t\t\t\t\t<span class=\"elementor-button-text\">Bestellen Sie eine Geschichte<\/span>\n\t\t\t\t\t<\/span>\n\t\t\t\t\t<\/a>\n\t\t\t\t<\/div>\n\t\t\t\t\t\t\t\t<\/div>\n\t\t\t\t<\/div>\n\t\t\t\t\t<\/div>\n\t\t\t\t<\/div>\n\t\t<div class=\"elementor-element elementor-element-7dab9c82 e-flex e-con-boxed e-con e-child\" data-id=\"7dab9c82\" data-element_type=\"container\">\n\t\t\t\t\t<div class=\"e-con-inner\">\n\t\t\t\t<div class=\"elementor-element elementor-element-54dee9a5 elementor-position-top elementor-widget elementor-widget-image-box\" data-id=\"54dee9a5\" data-element_type=\"widget\" data-widget_type=\"image-box.default\">\n\t\t\t\t<div class=\"elementor-widget-container\">\n\t\t\t\t\t<div class=\"elementor-image-box-wrapper\"><figure class=\"elementor-image-box-img\"><img loading=\"lazy\" decoding=\"async\" width=\"1024\" height=\"1024\" src=\"https:\/\/pret-a-raconter.com\/wp-content\/uploads\/2023\/12\/9f.png\" class=\"attachment-full size-full wp-image-4335\" alt=\"\" srcset=\"https:\/\/pret-a-raconter.com\/wp-content\/uploads\/2023\/12\/9f.png 1024w, https:\/\/pret-a-raconter.com\/wp-content\/uploads\/2023\/12\/9f-300x300.png 300w, https:\/\/pret-a-raconter.com\/wp-content\/uploads\/2023\/12\/9f-150x150.png 150w, https:\/\/pret-a-raconter.com\/wp-content\/uploads\/2023\/12\/9f-768x768.png 768w\" sizes=\"(max-width: 1024px) 100vw, 1024px\" \/><\/figure><div class=\"elementor-image-box-content\"><h3 class=\"elementor-image-box-title\">Beginnen Sie noch heute Ihre Reise zum Geschichtenerz\u00e4hlen<\/h3><p class=\"elementor-image-box-description\">Sind Sie bereit, Ihre Geschichte zum Leben zu erwecken? Besuchen Sie uns auf pret-a-raconter.com und begeben Sie sich auf eine beispiellose kreative Reise. Ihre Geschichte wartet auf Sie!<\/p><\/div><\/div>\t\t\t\t<\/div>\n\t\t\t\t<\/div>\n\t\t\t\t<div class=\"elementor-element elementor-element-589fb01c elementor-align-center elementor-widget elementor-widget-button\" data-id=\"589fb01c\" data-element_type=\"widget\" data-widget_type=\"button.default\">\n\t\t\t\t<div class=\"elementor-widget-container\">\n\t\t\t\t\t\t\t\t\t<div class=\"elementor-button-wrapper\">\n\t\t\t\t\t<a class=\"elementor-button elementor-button-link elementor-size-sm\" href=\"https:\/\/pret-a-raconter.com\/de\/commander-une-histoire\/\">\n\t\t\t\t\t\t<span class=\"elementor-button-content-wrapper\">\n\t\t\t\t\t\t\t\t\t<span class=\"elementor-button-text\">Bestellen Sie eine Geschichte<\/span>\n\t\t\t\t\t<\/span>\n\t\t\t\t\t<\/a>\n\t\t\t\t<\/div>\n\t\t\t\t\t\t\t\t<\/div>\n\t\t\t\t<\/div>\n\t\t\t\t\t<\/div>\n\t\t\t\t<\/div>\n\t\t\t\t\t<\/div>\n\t\t\t\t<\/div>\n\t\t<div class=\"elementor-element elementor-element-6ea51c6 e-flex e-con-boxed e-con e-parent\" data-id=\"6ea51c6\" data-element_type=\"container\">\n\t\t\t\t\t<div class=\"e-con-inner\">\n\t\t\t\t<div class=\"elementor-element elementor-element-a569ead elementor-widget elementor-widget-text-editor\" data-id=\"a569ead\" data-element_type=\"widget\" data-widget_type=\"text-editor.default\">\n\t\t\t\t<div class=\"elementor-widget-container\">\n\t\t\t\t\t\t\t\t\t<p>Schlagworte: Eine Geschichte schreiben | eine Kurzgeschichte erstellen | eine Geschichte erstellen | eine Geschichte bestellen<\/p>\t\t\t\t\t\t\t\t<\/div>\n\t\t\t\t<\/div>\n\t\t\t\t\t<\/div>\n\t\t\t\t<\/div>\n\t\t\t\t<\/div>","protected":false},"excerpt":{"rendered":"<p>S\u00e9lectionnez votre conteur pr\u00e9f\u00e9r\u00e9 Rencontrez notre \u00e9quipe d&#8217;auteurs qualifi\u00e9s. Des \u00e9pop\u00e9es fantastiques aux romances chaleureuses, choisissez un \u00e9crivain qui correspond le mieux \u00e0 votre vision Commander une histoire Formez la trame de votre histoire Qu&#8217;il s&#8217;agisse d&#8217;un concept vague ou d&#8217;une intrigue d\u00e9taill\u00e9e, nos auteurs travaillent avec vous pour d\u00e9velopper votre id\u00e9e en un r\u00e9cit [&hellip;]<\/p>","protected":false},"author":1,"featured_media":0,"parent":0,"menu_order":0,"comment_status":"closed","ping_status":"closed","template":"","meta":{"_acf_changed":false,"pmpro_default_level":"","site-sidebar-layout":"no-sidebar","site-content-layout":"page-builder","ast-site-content-layout":"","site-content-style":"default","site-sidebar-style":"default","ast-global-header-display":"","ast-banner-title-visibility":"","ast-main-header-display":"","ast-hfb-above-header-display":"","ast-hfb-below-header-display":"","ast-hfb-mobile-header-display":"","site-post-title":"disabled","ast-breadcrumbs-content":"","ast-featured-img":"disabled","footer-sml-layout":"","theme-transparent-header-meta":"","adv-header-id-meta":"","stick-header-meta":"","header-above-stick-meta":"","header-main-stick-meta":"","header-below-stick-meta":"","astra-migrate-meta-layouts":"default","ast-page-background-enabled":"default","ast-page-background-meta":{"desktop":{"background-color":"var(--ast-global-color-4)","background-image":"","background-repeat":"repeat","background-position":"center center","background-size":"auto","background-attachment":"scroll","background-type":"","background-media":"","overlay-type":"","overlay-color":"","overlay-opacity":"","overlay-gradient":""},"tablet":{"background-color":"","background-image":"","background-repeat":"repeat","background-position":"center center","background-size":"auto","background-attachment":"scroll","background-type":"","background-media":"","overlay-type":"","overlay-color":"","overlay-opacity":"","overlay-gradient":""},"mobile":{"background-color":"","background-image":"","background-repeat":"repeat","background-position":"center center","background-size":"auto","background-attachment":"scroll","background-type":"","background-media":"","overlay-type":"","overlay-color":"","overlay-opacity":"","overlay-gradient":""}},"ast-content-background-meta":{"desktop":{"background-color":"var(--ast-global-color-5)","background-image":"","background-repeat":"repeat","background-position":"center center","background-size":"auto","background-attachment":"scroll","background-type":"","background-media":"","overlay-type":"","overlay-color":"","overlay-opacity":"","overlay-gradient":""},"tablet":{"background-color":"var(--ast-global-color-5)","background-image":"","background-repeat":"repeat","background-position":"center center","background-size":"auto","background-attachment":"scroll","background-type":"","background-media":"","overlay-type":"","overlay-color":"","overlay-opacity":"","overlay-gradient":""},"mobile":{"background-color":"var(--ast-global-color-5)","background-image":"","background-repeat":"repeat","background-position":"center center","background-size":"auto","background-attachment":"scroll","background-type":"","background-media":"","overlay-type":"","overlay-color":"","overlay-opacity":"","overlay-gradient":""}},"footnotes":""},"class_list":["post-4947","page","type-page","status-publish","hentry","pmpro-has-access"],"acf":[],"_links":{"self":[{"href":"https:\/\/pret-a-raconter.com\/de\/wp-json\/wp\/v2\/pages\/4947","targetHints":{"allow":["GET"]}}],"collection":[{"href":"https:\/\/pret-a-raconter.com\/de\/wp-json\/wp\/v2\/pages"}],"about":[{"href":"https:\/\/pret-a-raconter.com\/de\/wp-json\/wp\/v2\/types\/page"}],"author":[{"embeddable":true,"href":"https:\/\/pret-a-raconter.com\/de\/wp-json\/wp\/v2\/users\/1"}],"replies":[{"embeddable":true,"href":"https:\/\/pret-a-raconter.com\/de\/wp-json\/wp\/v2\/comments?post=4947"}],"version-history":[{"count":0,"href":"https:\/\/pret-a-raconter.com\/de\/wp-json\/wp\/v2\/pages\/4947\/revisions"}],"wp:attachment":[{"href":"https:\/\/pret-a-raconter.com\/de\/wp-json\/wp\/v2\/media?parent=4947"}],"curies":[{"name":"wp","href":"https:\/\/api.w.org\/{rel}","templated":true}]}}