{"id":799,"date":"2023-08-24T10:41:02","date_gmt":"2023-08-24T10:41:02","guid":{"rendered":"https:\/\/pret-a-raconter.com\/centre-de-confidentialite\/contact\/"},"modified":"2024-01-08T09:04:19","modified_gmt":"2024-01-08T09:04:19","slug":"contact","status":"publish","type":"page","link":"https:\/\/pret-a-raconter.com\/de\/centre-de-confidentialite\/contact\/","title":{"rendered":"Kontakt"},"content":{"rendered":"<div data-elementor-type=\"wp-page\" data-elementor-id=\"799\" class=\"elementor elementor-799\">\n\t\t\t\t<div class=\"elementor-element elementor-element-94e92af e-flex e-con-boxed e-con e-parent\" data-id=\"94e92af\" data-element_type=\"container\">\n\t\t\t\t\t<div class=\"e-con-inner\">\n\t\t\t\t<div class=\"elementor-element elementor-element-088fd09 elementor-widget elementor-widget-heading\" data-id=\"088fd09\" data-element_type=\"widget\" data-widget_type=\"heading.default\">\n\t\t\t\t<div class=\"elementor-widget-container\">\n\t\t\t\t\t<h2 class=\"elementor-heading-title elementor-size-default\">Kontakt<\/h2>\t\t\t\t<\/div>\n\t\t\t\t<\/div>\n\t\t\t\t<div class=\"elementor-element elementor-element-566ff88 elementor-widget elementor-widget-text-editor\" data-id=\"566ff88\" data-element_type=\"widget\" data-widget_type=\"text-editor.default\">\n\t\t\t\t<div class=\"elementor-widget-container\">\n\t\t\t\t\t\t\t\t\t<h2>Digital Millennium Copyright Act (\u201eDMCA\u201c)<\/h2><br>\n<p>[MACL] respektiert die geistigen Eigentumsrechte anderer. Gem\u00e4\u00df dem DMCA wird [MACL] z\u00fcgig auf Anspr\u00fcche wegen Urheberrechtsverletzung auf der Website reagieren, wenn [MACL]s Urheberrechtsbeauftragter wie unten beschrieben ist. Nach Erhalt einer Mitteilung \u00fcber eine mutma\u00dfliche Urheberrechtsverletzung wird [MACL] nach eigenem Ermessen alle Ma\u00dfnahmen ergreifen, die es f\u00fcr angemessen h\u00e4lt, einschlie\u00dflich der Entfernung des mutma\u00dflich rechtsverletzenden Materials und der Sperrung des Zugriffs wegen Verst\u00f6\u00dfen. Wiederholte, urheberrechtlich gesch\u00fctzte Inhalte.<\/p>\n<p>Wenn Sie glauben, dass Ihre geistigen Eigentumsrechte durch [MACL] oder durch einen Dritten, der Materialien auf unsere Website hochgeladen hat, verletzt wurden, \u00fcbermitteln Sie bitte die folgenden Informationen an den unten genannten Urheberrechtsbeauftragten:<\/p>\n\n<p>Eine Beschreibung des urheberrechtlich gesch\u00fctzten Werks oder anderen geistigen Eigentums, von dem Sie behaupten, dass es verletzt wurde;<\/p>\n\n<p>Eine Beschreibung, wo sich das Material, von dem Sie behaupten, dass es einen Versto\u00df darstellt, auf der Website befindet;<\/p>\n\n<p>Eine Adresse, Telefonnummer und E-Mail-Adresse, unter der wir Sie kontaktieren k\u00f6nnen, und, falls abweichend, eine E-Mail-Adresse, unter der die mutma\u00dflich rechtsverletzende Partei, andernfalls [MACL], Sie kontaktieren kann;<\/p>\n\n<p>Eine Erkl\u00e4rung, dass Sie in gutem Glauben davon ausgehen, dass die Nutzung nicht vom Urheberrechtsinhaber oder anderen Inhabern geistiger Eigentumsrechte, seinem Vertreter oder dem Gesetz genehmigt wurde;<\/p>\n\n<p>Eine eidesstattliche Erkl\u00e4rung von Ihnen, dass die Informationen in Ihrer Bewertung korrekt sind und dass Sie der Eigent\u00fcmer des Urheberrechts oder des geistigen Eigentums sind oder befugt sind, im Namen des Eigent\u00fcmers zu handeln;<\/p>\n\n<p>Ihre elektronische oder physische Unterschrift.<\/p>\n\n<p>[MACL] kann zus\u00e4tzliche Informationen anfordern, bevor vermeintlich rechtsverletzendes Material entfernt wird. F\u00fcr den Fall, dass [MACL] das angeblich rechtsverletzende Material entfernt, wird [MACL] die f\u00fcr die Ver\u00f6ffentlichung dieser Materialien verantwortliche Person unverz\u00fcglich dar\u00fcber informieren, dass [MACL] die Materialien entfernt oder den Zugriff darauf gesperrt hat. [MACL] kann der verantwortlichen Person auch Ihre E-Mail-Adresse mitteilen, damit diese auf Ihre Vorw\u00fcrfe reagieren kann.<\/p>\n\n<p>Gem\u00e4\u00df 17 USC 512 (c). [MACL]<br>\nDer benannte Urheberrechtsvertreter ist:<\/p>\n\n[Manuela Lo Conte]<br>\n[+41 79 668 87 88]<br>\n[manuela@macl.ch]\t\t\t\t\t\t\t\t<\/div>\n\t\t\t\t<\/div>\n\t\t\t\t\t<\/div>\n\t\t\t\t<\/div>\n\t\t\t\t<\/div>","protected":false},"excerpt":{"rendered":"<p>Kontakt Digital Millennium Copyright Act (\u201eDMCA\u201c) [MACL] respektiert die geistigen Eigentumsrechte anderer. Gem\u00e4\u00df dem DMCA wird [MACL] z\u00fcgig auf Anspr\u00fcche wegen Urheberrechtsverletzung auf der Website reagieren, wenn der Urheberrechtsvertreter von [MACL] wie unten beschrieben ist. Nach Erhalt einer Mitteilung \u00fcber eine angebliche Urheberrechtsverletzung wird [MACL] alle [\u2026]<\/p>","protected":false},"author":1,"featured_media":0,"parent":796,"menu_order":0,"comment_status":"closed","ping_status":"closed","template":"elementor_header_footer","meta":{"_acf_changed":false,"pmpro_default_level":"","site-sidebar-layout":"default","site-content-layout":"","ast-site-content-layout":"","site-content-style":"default","site-sidebar-style":"default","ast-global-header-display":"","ast-banner-title-visibility":"","ast-main-header-display":"","ast-hfb-above-header-display":"","ast-hfb-below-header-display":"","ast-hfb-mobile-header-display":"","site-post-title":"","ast-breadcrumbs-content":"","ast-featured-img":"","footer-sml-layout":"","theme-transparent-header-meta":"","adv-header-id-meta":"","stick-header-meta":"","header-above-stick-meta":"","header-main-stick-meta":"","header-below-stick-meta":"","astra-migrate-meta-layouts":"default","ast-page-background-enabled":"default","ast-page-background-meta":{"desktop":{"background-color":"var(--ast-global-color-4)","background-image":"","background-repeat":"repeat","background-position":"center center","background-size":"auto","background-attachment":"scroll","background-type":"","background-media":"","overlay-type":"","overlay-color":"","overlay-opacity":"","overlay-gradient":""},"tablet":{"background-color":"","background-image":"","background-repeat":"repeat","background-position":"center center","background-size":"auto","background-attachment":"scroll","background-type":"","background-media":"","overlay-type":"","overlay-color":"","overlay-opacity":"","overlay-gradient":""},"mobile":{"background-color":"","background-image":"","background-repeat":"repeat","background-position":"center center","background-size":"auto","background-attachment":"scroll","background-type":"","background-media":"","overlay-type":"","overlay-color":"","overlay-opacity":"","overlay-gradient":""}},"ast-content-background-meta":{"desktop":{"background-color":"var(--ast-global-color-5)","background-image":"","background-repeat":"repeat","background-position":"center center","background-size":"auto","background-attachment":"scroll","background-type":"","background-media":"","overlay-type":"","overlay-color":"","overlay-opacity":"","overlay-gradient":""},"tablet":{"background-color":"var(--ast-global-color-5)","background-image":"","background-repeat":"repeat","background-position":"center center","background-size":"auto","background-attachment":"scroll","background-type":"","background-media":"","overlay-type":"","overlay-color":"","overlay-opacity":"","overlay-gradient":""},"mobile":{"background-color":"var(--ast-global-color-5)","background-image":"","background-repeat":"repeat","background-position":"center center","background-size":"auto","background-attachment":"scroll","background-type":"","background-media":"","overlay-type":"","overlay-color":"","overlay-opacity":"","overlay-gradient":""}},"footnotes":""},"class_list":["post-799","page","type-page","status-publish","hentry","pmpro-has-access"],"acf":[],"_links":{"self":[{"href":"https:\/\/pret-a-raconter.com\/de\/wp-json\/wp\/v2\/pages\/799","targetHints":{"allow":["GET"]}}],"collection":[{"href":"https:\/\/pret-a-raconter.com\/de\/wp-json\/wp\/v2\/pages"}],"about":[{"href":"https:\/\/pret-a-raconter.com\/de\/wp-json\/wp\/v2\/types\/page"}],"author":[{"embeddable":true,"href":"https:\/\/pret-a-raconter.com\/de\/wp-json\/wp\/v2\/users\/1"}],"replies":[{"embeddable":true,"href":"https:\/\/pret-a-raconter.com\/de\/wp-json\/wp\/v2\/comments?post=799"}],"version-history":[{"count":0,"href":"https:\/\/pret-a-raconter.com\/de\/wp-json\/wp\/v2\/pages\/799\/revisions"}],"up":[{"embeddable":true,"href":"https:\/\/pret-a-raconter.com\/de\/wp-json\/wp\/v2\/pages\/796"}],"wp:attachment":[{"href":"https:\/\/pret-a-raconter.com\/de\/wp-json\/wp\/v2\/media?parent=799"}],"curies":[{"name":"wp","href":"https:\/\/api.w.org\/{rel}","templated":true}]}}