{"id":801,"date":"2023-08-24T10:41:02","date_gmt":"2023-08-24T10:41:02","guid":{"rendered":"https:\/\/pret-a-raconter.com\/centre-de-confidentialite\/exclusion\/"},"modified":"2023-08-25T10:26:36","modified_gmt":"2023-08-25T10:26:36","slug":"exclusion","status":"publish","type":"page","link":"https:\/\/pret-a-raconter.com\/de\/centre-de-confidentialite\/exclusion\/","title":{"rendered":"Ausschluss"},"content":{"rendered":"<div data-elementor-type=\"wp-page\" data-elementor-id=\"801\" class=\"elementor elementor-801\">\n\t\t\t\t<div class=\"elementor-element elementor-element-680f808 e-flex e-con-boxed e-con e-parent\" data-id=\"680f808\" data-element_type=\"container\">\n\t\t\t\t\t<div class=\"e-con-inner\">\n\t\t\t\t<div class=\"elementor-element elementor-element-7638f88 elementor-widget elementor-widget-heading\" data-id=\"7638f88\" data-element_type=\"widget\" data-widget_type=\"heading.default\">\n\t\t\t\t<div class=\"elementor-widget-container\">\n\t\t\t\t\t<h2 class=\"elementor-heading-title elementor-size-default\">Ausschluss<\/h2>\t\t\t\t<\/div>\n\t\t\t\t<\/div>\n\t\t\t\t<div class=\"elementor-element elementor-element-1eb3abd elementor-widget elementor-widget-text-editor\" data-id=\"1eb3abd\" data-element_type=\"widget\" data-widget_type=\"text-editor.default\">\n\t\t\t\t<div class=\"elementor-widget-container\">\n\t\t\t\t\t\t\t\t\t<div id=\"vc_row-63c69c078715a\" class=\"vc_row wpb_row vc_row-fluid thegem-custom-63c69c07870eb1645\"><div class=\"wpb_column vc_column_container vc_col-sm-12 thegem-custom-63c69c078cc333462\"><div class=\"vc_column-inner thegem-custom-inner-63c69c078cc36\"><div class=\"wpb_wrapper thegem-custom-63c69c078cc333462\"><div class=\"thegem-te-heading thegem-custom-63c69c078cf337166\"><h4 id=\"thegem-heading-63c69c078cedf\" class=\"thegem-heading\">HAFTUNGSAUSSCHLUSS<br \/><br \/><\/h4><\/div><\/div><\/div><\/div><\/div><div id=\"vc_row-63c69c078d12a\" class=\"vc_row wpb_row vc_row-fluid thegem-custom-63c69c078d11a6512\"><div class=\"wpb_column vc_column_container vc_col-sm-12 thegem-custom-63c69c078d33e7623\"><div class=\"vc_column-inner thegem-custom-inner-63c69c078d340\"><div class=\"wpb_wrapper thegem-custom-63c69c078d33e7623\"><div class=\"thegem-te-heading thegem-custom-63c69c078d55c4177\"><h5 id=\"thegem-heading-63c69c078d534\" class=\"thegem-heading\">(1. Einleitung<br \/><br \/><\/h5><\/div><div class=\"wpb_text_column wpb_content_element thegem-vc-text thegem-custom-63c69c078d6688762\"><div class=\"wpb_wrapper\"><p>Dieser Haftungsausschluss regelt Ihre Nutzung unserer Website; Durch die Nutzung unserer Website akzeptieren Sie diesen Haftungsausschluss vollst\u00e4ndig.2<\/p><p>Wenn Sie mit irgendeinem Teil dieses Haftungsausschlusses nicht einverstanden sind, d\u00fcrfen Sie unsere Website nicht nutzen. [Unsere Website verwendet Cookies. Indem Sie unsere Website nutzen und deren Bedingungen akzeptieren<\/p><p>Haftungsausschluss: Sie stimmen unserer Verwendung von Cookies gem\u00e4\u00df den Bedingungen unserer [Datenschutzerkl\u00e4rung\/Cookie-Richtlinie] zu.]3<\/p><\/div><\/div><\/div><\/div><\/div><\/div><div id=\"vc_row-63c69c078d8db\" class=\"vc_row wpb_row vc_row-fluid thegem-custom-63c69c078d8ce8249\"><div class=\"wpb_column vc_column_container vc_col-sm-12 thegem-custom-63c69c078da505818\"><div class=\"vc_column-inner thegem-custom-inner-63c69c078da52\"><div class=\"wpb_wrapper thegem-custom-63c69c078da505818\"><div class=\"thegem-te-heading thegem-custom-63c69c078dbfc4470\"><h5 id=\"thegem-heading-63c69c078dbd2\" class=\"thegem-heading\">(2) Kredit<br \/><br \/><\/h5><\/div><div class=\"wpb_text_column wpb_content_element thegem-vc-text thegem-custom-63c69c078dca98318\"><div class=\"wpb_wrapper\"><p>Das Rechtsmodell, auf dem die Haftungsausschluss-Website basiert, ist auf der Website verf\u00fcgbar\u00a0<a href=\"https:\/\/magely.com\/\" target=\"_blank\" rel=\"noopener\">https:\/\/magely.com<\/a>\u00a0unter den Allgemeinen Gesch\u00e4ftsbedingungen<\/p><\/div><\/div><\/div><\/div><\/div><\/div><div id=\"vc_row-63c69c078de6b\" class=\"vc_row wpb_row vc_row-fluid thegem-custom-63c69c078de5f4596\"><div class=\"wpb_column vc_column_container vc_col-sm-12 thegem-custom-63c69c078dfe94067\"><div class=\"vc_column-inner thegem-custom-inner-63c69c078dfea\"><div class=\"wpb_wrapper thegem-custom-63c69c078dfe94067\"><div class=\"thegem-te-heading thegem-custom-63c69c078e17e5024\"><h5 id=\"thegem-heading-63c69c078e158\" class=\"thegem-heading\">(3) Geistige Eigentumsrechte<br \/><br \/><\/h5><\/div><div class=\"wpb_text_column wpb_content_element thegem-vc-text thegem-custom-63c69c078e2236664\"><div class=\"wpb_wrapper\"><p>Sofern nicht anders angegeben, besitzen wir oder unsere Lizenzgeber die geistigen Eigentumsrechte an der Website und dem Material auf der Website. Alle diese Intellektuellen unterliegen der untenstehenden Lizenz.<\/p><p>Eigentumsrechte bleiben vorbehalten<\/p><\/div><\/div><\/div><\/div><\/div><\/div><div id=\"vc_row-63c69c078e3d4\" class=\"vc_row wpb_row vc_row-fluid thegem-custom-63c69c078e3c86673\"><div class=\"wpb_column vc_column_container vc_col-sm-12 thegem-custom-63c69c078e5525170\"><div class=\"vc_column-inner thegem-custom-inner-63c69c078e553\"><div class=\"wpb_wrapper thegem-custom-63c69c078e5525170\"><div class=\"thegem-te-heading thegem-custom-63c69c078e6fe5931\"><h5 id=\"thegem-heading-63c69c078e6d8\" class=\"thegem-heading\">(4) Lizenz zur Nutzung der Website<br \/><br \/><\/h5><\/div><div class=\"wpb_text_column wpb_content_element thegem-vc-text thegem-custom-63c69c078e7a77538\"><div class=\"wpb_wrapper\"><p>Sie d\u00fcrfen Seiten [oder [andere Inhalte]] der Website nur zu Caching-Zwecken f\u00fcr Ihren pers\u00f6nlichen Gebrauch ansehen, herunterladen und ausdrucken, vorbehaltlich der nachstehenden Einschr\u00e4nkungen.<\/p><p>Du darfst nicht:<br \/>a) Material von dieser Website erneut ver\u00f6ffentlichen (einschlie\u00dflich der erneuten Ver\u00f6ffentlichung auf einer anderen Website);<br \/>Haftungsausschluss<br \/>(b) Material von der Website zu verkaufen, zu vermieten oder anderweitig unterzulizenzieren;<br \/>(c) jegliches Material von der Website \u00f6ffentlich anzuzeigen;<br \/>[(d) Material auf unserer Website f\u00fcr kommerzielle Zwecke zu reproduzieren, zu duplizieren, zu kopieren oder anderweitig zu nutzen;]<br \/>[(e) jegliches Material auf der Website zu modifizieren oder anderweitig zu modifizieren; oder]<br \/>[(f) Weiterverbreiten von Material von dieser Website [mit Ausnahme von Inhalten, die ausdr\u00fccklich und ausdr\u00fccklich zur Weiterverbreitung bereitgestellt werden [(z. B. unser Newsletter)].] [Wenn Inhalte ausdr\u00fccklich zur Weiterverbreitung bereitgestellt werden, d\u00fcrfen sie nicht nur [in Ihrem Unternehmen weiterverbreitet werden ].]<\/p><\/div><\/div><\/div><\/div><\/div><\/div><div id=\"vc_row-63c69c078e9d7\" class=\"vc_row wpb_row vc_row-fluid thegem-custom-63c69c078e9cb1376\"><div class=\"wpb_column vc_column_container vc_col-sm-12 thegem-custom-63c69c078eb605940\"><div class=\"vc_column-inner thegem-custom-inner-63c69c078eb62\"><div class=\"wpb_wrapper thegem-custom-63c69c078eb605940\"><div class=\"thegem-te-heading thegem-custom-63c69c078ed092844\"><h5 id=\"thegem-heading-63c69c078ece3\" class=\"thegem-heading\">(5) Einschr\u00e4nkung und Ausschluss von Gew\u00e4hrleistungen und Haftung<br \/><br \/><\/h5><\/div><div class=\"wpb_text_column wpb_content_element thegem-vc-text thegem-custom-63c69c078edb13833\"><div class=\"wpb_wrapper\"><p>Obwohl wir uns bem\u00fchen sicherzustellen, dass die Informationen auf dieser Website korrekt sind, \u00fcbernehmen wir keine Gew\u00e4hr f\u00fcr deren Vollst\u00e4ndigkeit oder Richtigkeit; Wir verpflichten uns auch nicht, daf\u00fcr zu sorgen, dass die Website verf\u00fcgbar bleibt oder dass das Material auf der Website auf dem neuesten Stand gehalten wird. Soweit gesetzlich zul\u00e4ssig, schlie\u00dfen wir alle Zusicherungen, Garantien und Bedingungen im Zusammenhang mit dieser Website und der Nutzung dieser Website aus (einschlie\u00dflich, aber nicht beschr\u00e4nkt auf alle gesetzlich implizierten Garantien f\u00fcr zufriedenstellende Qualit\u00e4t, Eignung f\u00fcr den Zweck und\/oder die Nutzung). angemessener Sorgfalt und Sachkenntnis).<\/p><p>Nichts in dieser Warnung wird:<br \/>(a) unsere oder Ihre Haftung f\u00fcr Tod oder Verletzung aufgrund von Fahrl\u00e4ssigkeit einzuschr\u00e4nken oder auszuschlie\u00dfen;<br \/>(b) unsere oder Ihre Haftung f\u00fcr Betrug oder arglistige Falschdarstellung einzuschr\u00e4nken oder auszuschlie\u00dfen;<br \/>(c) unsere oder Ihre Verbindlichkeiten auf eine Weise zu begrenzen, die nach geltendem Recht nicht zul\u00e4ssig ist; Oder<br \/>(d) alle unsere Verbindlichkeiten ausschlie\u00dfen, die nach geltendem Recht nicht ausgeschlossen werden d\u00fcrfen.<br \/>Die in diesem Abschnitt und an anderer Stelle in diesem Abschnitt dargelegten Haftungsbeschr\u00e4nkungen und -ausschl\u00fcsse<\/p><p>Warnung:<br \/>(a) unterliegen dem vorstehenden Absatz; Und<br \/>(b) regeln alle Haftungen, die sich aus dem Haftungsausschluss oder im Zusammenhang mit dem Gegenstand dieses Haftungsausschlusses ergeben, einschlie\u00dflich der Haftung aus Vertrag, unerlaubter Handlung (einschlie\u00dflich Fahrl\u00e4ssigkeit) und wegen Verletzung gesetzlicher Pflichten. [Soweit die Website und die Informationen und Dienste auf der Website kostenlos zur Verf\u00fcgung gestellt werden, haften wir nicht f\u00fcr Verluste oder Sch\u00e4den jeglicher Art.]<br \/>[Wir haften Ihnen gegen\u00fcber nicht f\u00fcr Verluste, die aus Ereignissen oder Ereignissen entstehen, die au\u00dferhalb unserer angemessenen Kontrolle liegen.]<br \/>[Wir haften Ihnen gegen\u00fcber nicht f\u00fcr Gesch\u00e4ftsverluste, einschlie\u00dflich (aber nicht beschr\u00e4nkt auf) Verlust oder Besch\u00e4digung von Gewinnen, Einkommen, Einnahmen, Nutzung, Produktion, erwarteten Einsparungen, Gesch\u00e4ften, Vertr\u00e4gen, Gesch\u00e4ftsm\u00f6glichkeiten oder Gesch\u00e4ftswert.]<br \/>[Wir haften Ihnen gegen\u00fcber nicht f\u00fcr den Verlust oder die Besch\u00e4digung von Daten, Datenbanken oder Software.]<br \/>[Wir haften Ihnen gegen\u00fcber nicht f\u00fcr besondere, indirekte oder Folgesch\u00e4den oder Verluste.]<\/p><\/div><\/div><\/div><\/div><\/div><\/div><div id=\"vc_row-63c69c078f010\" class=\"vc_row wpb_row vc_row-fluid thegem-custom-63c69c078f0052875\"><div class=\"wpb_column vc_column_container vc_col-sm-12 thegem-custom-63c69c078f1791057\"><div class=\"vc_column-inner thegem-custom-inner-63c69c078f17b\"><div class=\"wpb_wrapper thegem-custom-63c69c078f1791057\"><div class=\"thegem-te-heading thegem-custom-63c69c078f3121730\"><h5 id=\"thegem-heading-63c69c078f2ee\" class=\"thegem-heading\">(6) Ver\u00e4nderung<br \/><br \/><\/h5><\/div><div class=\"wpb_text_column wpb_content_element thegem-vc-text thegem-custom-63c69c078f3b9981\"><div class=\"wpb_wrapper\"><p>Wir k\u00f6nnen diesen Haftungsausschluss von Zeit zu Zeit \u00fcberarbeiten. Der \u00fcberarbeitete Haftungsausschluss gilt f\u00fcr die Nutzung unserer Website ab dem Datum der Ver\u00f6ffentlichung des \u00fcberarbeiteten Haftungsausschlusses auf unserer Website. Bitte \u00fcberpr\u00fcfen Sie diese Seite regelm\u00e4\u00dfig, um sicherzustellen, dass Sie mit der aktuellen Version vertraut sind.<\/p><\/div><\/div><\/div><\/div><\/div><\/div><div id=\"vc_row-63c69c078f55e\" class=\"vc_row wpb_row vc_row-fluid thegem-custom-63c69c078f5521490\"><div class=\"wpb_column vc_column_container vc_col-sm-12 thegem-custom-63c69c078f6d43037\"><div class=\"vc_column-inner thegem-custom-inner-63c69c078f6d5\"><div class=\"wpb_wrapper thegem-custom-63c69c078f6d43037\"><div class=\"thegem-te-heading thegem-custom-63c69c078f8667411\"><h5 id=\"thegem-heading-63c69c078f842\" class=\"thegem-heading\">(7) Gesamte Vereinbarung<br \/><br \/><\/h5><\/div><div class=\"wpb_text_column wpb_content_element thegem-vc-text thegem-custom-63c69c078f9091526\"><div class=\"wpb_wrapper\"><p>Dieser Haftungsausschluss [zusammen mit unserer Datenschutzrichtlinie] stellt die gesamte Vereinbarung zwischen Ihnen und uns in Bezug auf Ihre Nutzung unserer Website dar und ersetzt alle vorherigen Vereinbarungen in Bezug auf Ihre Nutzung dieser Website.<\/p><\/div><\/div><\/div><\/div><\/div><\/div><div id=\"vc_row-63c69c078fb0d\" class=\"vc_row wpb_row vc_row-fluid thegem-custom-63c69c078fb029740\"><div class=\"wpb_column vc_column_container vc_col-sm-12 thegem-custom-63c69c078fc731613\"><div class=\"vc_column-inner thegem-custom-inner-63c69c078fc74\"><div class=\"wpb_wrapper thegem-custom-63c69c078fc731613\"><div class=\"thegem-te-heading thegem-custom-63c69c078fe104375\"><h5 id=\"thegem-heading-63c69c078fdea\" class=\"thegem-heading\">(8) Recht und Gerichtsstand<br \/><br \/><\/h5><\/div><div class=\"wpb_text_column wpb_content_element thegem-vc-text thegem-custom-63c69c078feb741\"><div class=\"wpb_wrapper\"><p>Dieser Haftungsausschluss unterliegt schweizerischem Recht und wird in \u00dcbereinstimmung mit diesem ausgelegt. Alle Streitigkeiten im Zusammenhang mit diesem Haftungsausschluss unterliegen der [nicht] ausschlie\u00dflichen Zust\u00e4ndigkeit der schweizerischen Gerichte in Genf.<\/p><\/div><\/div><\/div><\/div><\/div><\/div><div id=\"vc_row-63c69c07900a3\" class=\"vc_row wpb_row vc_row-fluid thegem-custom-63c69c07900986458\"><div class=\"wpb_column vc_column_container vc_col-sm-12 thegem-custom-63c69c079021c374\"><div class=\"vc_column-inner thegem-custom-inner-63c69c079021e\"><div class=\"wpb_wrapper thegem-custom-63c69c079021c374\"><div class=\"thegem-te-heading thegem-custom-63c69c07903b06848\"><h5 id=\"thegem-heading-63c69c079038a\" class=\"thegem-heading\">(9) Unsere Angaben Unser vollst\u00e4ndiger Firmenname ist [Magely].<br \/><br \/><\/h5><\/div><div class=\"wpb_text_column wpb_content_element thegem-vc-text thegem-custom-63c69c07904545489\"><div class=\"wpb_wrapper\"><p>Unsere [registrierte] Adresse ist [Freiburg].<br \/>Sie k\u00f6nnen uns per E-Mail unter [info@magely.com] kontaktieren.<\/p><\/div><\/div><\/div><\/div><\/div><\/div>\t\t\t\t\t\t\t\t<\/div>\n\t\t\t\t<\/div>\n\t\t\t\t\t<\/div>\n\t\t\t\t<\/div>\n\t\t\t\t<\/div>","protected":false},"excerpt":{"rendered":"<p>Ausschluss HAFTUNGSAUSSCHLUSS (1) Einleitung Dieser Haftungsausschluss regelt Ihre Nutzung unserer Website; Durch die Nutzung unserer Website akzeptieren Sie diesen Haftungsausschluss vollst\u00e4ndig.2 Wenn Sie mit irgendeinem Teil dieses Haftungsausschlusses nicht einverstanden sind, d\u00fcrfen Sie unsere Website nicht nutzen. [Unsere Website verwendet Cookies. Durch die Nutzung unserer Website [\u2026]<\/p>","protected":false},"author":1,"featured_media":0,"parent":796,"menu_order":0,"comment_status":"closed","ping_status":"closed","template":"elementor_header_footer","meta":{"_acf_changed":false,"pmpro_default_level":"","site-sidebar-layout":"default","site-content-layout":"","ast-site-content-layout":"","site-content-style":"default","site-sidebar-style":"default","ast-global-header-display":"","ast-banner-title-visibility":"","ast-main-header-display":"","ast-hfb-above-header-display":"","ast-hfb-below-header-display":"","ast-hfb-mobile-header-display":"","site-post-title":"","ast-breadcrumbs-content":"","ast-featured-img":"","footer-sml-layout":"","theme-transparent-header-meta":"","adv-header-id-meta":"","stick-header-meta":"","header-above-stick-meta":"","header-main-stick-meta":"","header-below-stick-meta":"","astra-migrate-meta-layouts":"default","ast-page-background-enabled":"default","ast-page-background-meta":{"desktop":{"background-color":"var(--ast-global-color-4)","background-image":"","background-repeat":"repeat","background-position":"center center","background-size":"auto","background-attachment":"scroll","background-type":"","background-media":"","overlay-type":"","overlay-color":"","overlay-opacity":"","overlay-gradient":""},"tablet":{"background-color":"","background-image":"","background-repeat":"repeat","background-position":"center center","background-size":"auto","background-attachment":"scroll","background-type":"","background-media":"","overlay-type":"","overlay-color":"","overlay-opacity":"","overlay-gradient":""},"mobile":{"background-color":"","background-image":"","background-repeat":"repeat","background-position":"center center","background-size":"auto","background-attachment":"scroll","background-type":"","background-media":"","overlay-type":"","overlay-color":"","overlay-opacity":"","overlay-gradient":""}},"ast-content-background-meta":{"desktop":{"background-color":"var(--ast-global-color-5)","background-image":"","background-repeat":"repeat","background-position":"center center","background-size":"auto","background-attachment":"scroll","background-type":"","background-media":"","overlay-type":"","overlay-color":"","overlay-opacity":"","overlay-gradient":""},"tablet":{"background-color":"var(--ast-global-color-5)","background-image":"","background-repeat":"repeat","background-position":"center center","background-size":"auto","background-attachment":"scroll","background-type":"","background-media":"","overlay-type":"","overlay-color":"","overlay-opacity":"","overlay-gradient":""},"mobile":{"background-color":"var(--ast-global-color-5)","background-image":"","background-repeat":"repeat","background-position":"center center","background-size":"auto","background-attachment":"scroll","background-type":"","background-media":"","overlay-type":"","overlay-color":"","overlay-opacity":"","overlay-gradient":""}},"footnotes":""},"class_list":["post-801","page","type-page","status-publish","hentry","pmpro-has-access"],"acf":[],"_links":{"self":[{"href":"https:\/\/pret-a-raconter.com\/de\/wp-json\/wp\/v2\/pages\/801","targetHints":{"allow":["GET"]}}],"collection":[{"href":"https:\/\/pret-a-raconter.com\/de\/wp-json\/wp\/v2\/pages"}],"about":[{"href":"https:\/\/pret-a-raconter.com\/de\/wp-json\/wp\/v2\/types\/page"}],"author":[{"embeddable":true,"href":"https:\/\/pret-a-raconter.com\/de\/wp-json\/wp\/v2\/users\/1"}],"replies":[{"embeddable":true,"href":"https:\/\/pret-a-raconter.com\/de\/wp-json\/wp\/v2\/comments?post=801"}],"version-history":[{"count":0,"href":"https:\/\/pret-a-raconter.com\/de\/wp-json\/wp\/v2\/pages\/801\/revisions"}],"up":[{"embeddable":true,"href":"https:\/\/pret-a-raconter.com\/de\/wp-json\/wp\/v2\/pages\/796"}],"wp:attachment":[{"href":"https:\/\/pret-a-raconter.com\/de\/wp-json\/wp\/v2\/media?parent=801"}],"curies":[{"name":"wp","href":"https:\/\/api.w.org\/{rel}","templated":true}]}}