{"id":1114,"date":"2023-08-26T10:23:28","date_gmt":"2023-08-26T10:23:28","guid":{"rendered":"https:\/\/pret-a-raconter.com\/?page_id=1114"},"modified":"2024-01-08T09:02:42","modified_gmt":"2024-01-08T09:02:42","slug":"auteurs-1","status":"publish","type":"page","link":"https:\/\/pret-a-raconter.com\/es\/auteurs-1\/","title":{"rendered":"Autores 1"},"content":{"rendered":"<div data-elementor-type=\"wp-page\" data-elementor-id=\"1114\" class=\"elementor elementor-1114\">\n\t\t\t\t<div class=\"elementor-element elementor-element-3e554c4 e-flex e-con-boxed e-con e-parent\" data-id=\"3e554c4\" data-element_type=\"container\">\n\t\t\t\t\t<div class=\"e-con-inner\">\n\t\t<div class=\"elementor-element elementor-element-17bd7d2 e-flex e-con-boxed e-con e-parent\" data-id=\"17bd7d2\" data-element_type=\"container\">\n\t\t\t\t\t<div class=\"e-con-inner\">\n\t\t\t\t<div class=\"elementor-element elementor-element-a6f8b71 elementor-widget elementor-widget-heading\" data-id=\"a6f8b71\" data-element_type=\"widget\" data-widget_type=\"heading.default\">\n\t\t\t\t<div class=\"elementor-widget-container\">\n\t\t\t\t\t<h2 class=\"elementor-heading-title elementor-size-default\">Autores 1<\/h2>\t\t\t\t<\/div>\n\t\t\t\t<\/div>\n\t\t\t\t<div class=\"elementor-element elementor-element-6283d6e e-transform elementor-widget elementor-widget-text-editor\" data-id=\"6283d6e\" data-element_type=\"widget\" data-settings=\"{&quot;_transform_translateX_effect&quot;:{&quot;unit&quot;:&quot;px&quot;,&quot;size&quot;:&quot;&quot;,&quot;sizes&quot;:[]},&quot;_transform_translateX_effect_tablet&quot;:{&quot;unit&quot;:&quot;px&quot;,&quot;size&quot;:&quot;&quot;,&quot;sizes&quot;:[]},&quot;_transform_translateX_effect_mobile&quot;:{&quot;unit&quot;:&quot;px&quot;,&quot;size&quot;:&quot;&quot;,&quot;sizes&quot;:[]},&quot;_transform_translateY_effect&quot;:{&quot;unit&quot;:&quot;px&quot;,&quot;size&quot;:&quot;&quot;,&quot;sizes&quot;:[]},&quot;_transform_translateY_effect_tablet&quot;:{&quot;unit&quot;:&quot;px&quot;,&quot;size&quot;:&quot;&quot;,&quot;sizes&quot;:[]},&quot;_transform_translateY_effect_mobile&quot;:{&quot;unit&quot;:&quot;px&quot;,&quot;size&quot;:&quot;&quot;,&quot;sizes&quot;:[]}}\" data-widget_type=\"text-editor.default\">\n\t\t\t\t<div class=\"elementor-widget-container\">\n\t\t\t\t\t\t\t\t\t\u00a1Bienvenido a nuestra plataforma de publicaci\u00f3n de cuentos en l\u00ednea! Aqu\u00ed creemos en el poder de las palabras y el valor de cada historia, sin importar su extensi\u00f3n. Nuestra misi\u00f3n es dar voz a quienes no han tenido la oportunidad de publicarse en los circuitos tradicionales y ofrecer una mayor visibilidad en Internet a todos los autores en ciernes, apasionados o simplemente con ganas de compartir sus creaciones.\t\t\t\t\t\t\t\t<\/div>\n\t\t\t\t<\/div>\n\t\t\t\t<div class=\"elementor-element elementor-element-ea7a0de elementor-widget elementor-widget-text-editor\" data-id=\"ea7a0de\" data-element_type=\"widget\" data-widget_type=\"text-editor.default\">\n\t\t\t\t<div class=\"elementor-widget-container\">\n\t\t\t\t\t\t\t\t\tEntendemos que la creatividad no siempre puede contenerse en un n\u00famero limitado de p\u00e1ginas. Por eso hemos creado un espacio donde las historias de hasta 5000 palabras pueden encontrar su lugar. Si eres un escritor experimentado que busca experimentar con nuevos g\u00e9neros o un novato que desea compartir tu primera historia, nuestra plataforma est\u00e1 abierta a todos.\t\t\t\t\t\t\t\t<\/div>\n\t\t\t\t<\/div>\n\t\t\t\t<div class=\"elementor-element elementor-element-4583c19 elementor-widget elementor-widget-text-editor\" data-id=\"4583c19\" data-element_type=\"widget\" data-widget_type=\"text-editor.default\">\n\t\t\t\t<div class=\"elementor-widget-container\">\n\t\t\t\t\t\t\t\t\tLas caracter\u00edsticas de nuestro sitio de edici\u00f3n de historias incluyen:\t\t\t\t\t\t\t\t<\/div>\n\t\t\t\t<\/div>\n\t\t\t\t<div class=\"elementor-element elementor-element-0010bbf elementor-widget elementor-widget-text-editor\" data-id=\"0010bbf\" data-element_type=\"widget\" data-widget_type=\"text-editor.default\">\n\t\t\t\t<div class=\"elementor-widget-container\">\n\t\t\t\t\t\t\t\t\t<strong>1. Visibilidad en l\u00ednea:<\/strong> Tu historia merece ser le\u00edda por un p\u00fablico m\u00e1s amplio. Destacamos sus historias y las hacemos accesibles a una audiencia global.\t\t\t\t\t\t\t\t<\/div>\n\t\t\t\t<\/div>\n\t\t\t\t<div class=\"elementor-element elementor-element-1aaa76d elementor-widget elementor-widget-text-editor\" data-id=\"1aaa76d\" data-element_type=\"widget\" data-widget_type=\"text-editor.default\">\n\t\t\t\t<div class=\"elementor-widget-container\">\n\t\t\t\t\t\t\t\t\t<strong>2. Diversidad de g\u00e9nero:<\/strong> Ya sea ciencia ficci\u00f3n, romance, misterio, fantas\u00eda, fragmentos de la vida o cualquier otro g\u00e9nero, puedes explorar y publicar lo que te apasiona.\t\t\t\t\t\t\t\t<\/div>\n\t\t\t\t<\/div>\n\t\t\t\t<div class=\"elementor-element elementor-element-daf1fb1 elementor-widget elementor-widget-text-editor\" data-id=\"daf1fb1\" data-element_type=\"widget\" data-widget_type=\"text-editor.default\">\n\t\t\t\t<div class=\"elementor-widget-container\">\n\t\t\t\t\t\t\t\t\t<strong>3. Comentarios e interacciones:<\/strong> Los lectores pueden dejar comentarios y calificaciones en sus historias, brind\u00e1ndole informaci\u00f3n valiosa para mejorar y conectarse con su audiencia.\t\t\t\t\t\t\t\t<\/div>\n\t\t\t\t<\/div>\n\t\t\t\t<div class=\"elementor-element elementor-element-b54dda4 elementor-widget elementor-widget-text-editor\" data-id=\"b54dda4\" data-element_type=\"widget\" data-widget_type=\"text-editor.default\">\n\t\t\t\t<div class=\"elementor-widget-container\">\n\t\t\t\t\t\t\t\t\t<strong>4. Comunidad de Escritores:<\/strong> \u00danase a una comunidad de autores con ideas afines, intercambie consejos, participe en debates y crezcamos juntos como escritores.\t\t\t\t\t\t\t\t<\/div>\n\t\t\t\t<\/div>\n\t\t\t\t<div class=\"elementor-element elementor-element-d83b3c4 elementor-widget elementor-widget-text-editor\" data-id=\"d83b3c4\" data-element_type=\"widget\" data-widget_type=\"text-editor.default\">\n\t\t\t\t<div class=\"elementor-widget-container\">\n\t\t\t\t\t\t\t\t\t<strong>5. Accesibilidad: <\/strong>Nuestra plataforma es f\u00e1cil de usar y f\u00e1cil de usar, lo que le permite publicar, administrar y realizar un seguimiento de sus historias con facilidad.\t\t\t\t\t\t\t\t<\/div>\n\t\t\t\t<\/div>\n\t\t\t\t<div class=\"elementor-element elementor-element-9f9cfbb elementor-widget elementor-widget-text-editor\" data-id=\"9f9cfbb\" data-element_type=\"widget\" data-widget_type=\"text-editor.default\">\n\t\t\t\t<div class=\"elementor-widget-container\">\n\t\t\t\t\t\t\t\t\tYa sea que tenga una historia corta pero poderosa que contar o quiera experimentar con diferentes estilos de escritura, nuestro sitio de edici\u00f3n de historias est\u00e1 aqu\u00ed para ayudarlo. Da vida a tus ideas, comparte tus emociones y con\u00e9ctate con una audiencia apasionada por las palabras. \u00a1\u00danase a nosotros hoy y comience su viaje hacia una mayor visibilidad en l\u00ednea!\t\t\t\t\t\t\t\t<\/div>\n\t\t\t\t<\/div>\n\t\t\t\t\t<\/div>\n\t\t\t\t<\/div>\n\t\t\t\t\t<\/div>\n\t\t\t\t<\/div>\n\t\t\t\t<\/div>","protected":false},"excerpt":{"rendered":"<p>Auteurs 1 Bienvenue sur notre plateforme d&#8217;\u00e9dition de r\u00e9cits en ligne ! Ici, nous croyons en la puissance des mots et en la valeur de chaque histoire, quelle que soit sa longueur. Notre mission est de donner une voix \u00e0 ceux qui n&#8217;ont pas eu la chance d&#8217;\u00eatre publi\u00e9s dans les circuits traditionnels, et d&#8217;offrir [&hellip;]<\/p>","protected":false},"author":1,"featured_media":0,"parent":0,"menu_order":0,"comment_status":"closed","ping_status":"closed","template":"","meta":{"_acf_changed":false,"pmpro_default_level":"","site-sidebar-layout":"no-sidebar","site-content-layout":"page-builder","ast-site-content-layout":"","site-content-style":"default","site-sidebar-style":"default","ast-global-header-display":"","ast-banner-title-visibility":"","ast-main-header-display":"","ast-hfb-above-header-display":"","ast-hfb-below-header-display":"","ast-hfb-mobile-header-display":"","site-post-title":"disabled","ast-breadcrumbs-content":"","ast-featured-img":"disabled","footer-sml-layout":"","theme-transparent-header-meta":"","adv-header-id-meta":"","stick-header-meta":"","header-above-stick-meta":"","header-main-stick-meta":"","header-below-stick-meta":"","astra-migrate-meta-layouts":"default","ast-page-background-enabled":"default","ast-page-background-meta":{"desktop":{"background-color":"var(--ast-global-color-4)","background-image":"","background-repeat":"repeat","background-position":"center center","background-size":"auto","background-attachment":"scroll","background-type":"","background-media":"","overlay-type":"","overlay-color":"","overlay-opacity":"","overlay-gradient":""},"tablet":{"background-color":"","background-image":"","background-repeat":"repeat","background-position":"center center","background-size":"auto","background-attachment":"scroll","background-type":"","background-media":"","overlay-type":"","overlay-color":"","overlay-opacity":"","overlay-gradient":""},"mobile":{"background-color":"","background-image":"","background-repeat":"repeat","background-position":"center center","background-size":"auto","background-attachment":"scroll","background-type":"","background-media":"","overlay-type":"","overlay-color":"","overlay-opacity":"","overlay-gradient":""}},"ast-content-background-meta":{"desktop":{"background-color":"var(--ast-global-color-5)","background-image":"","background-repeat":"repeat","background-position":"center center","background-size":"auto","background-attachment":"scroll","background-type":"","background-media":"","overlay-type":"","overlay-color":"","overlay-opacity":"","overlay-gradient":""},"tablet":{"background-color":"var(--ast-global-color-5)","background-image":"","background-repeat":"repeat","background-position":"center center","background-size":"auto","background-attachment":"scroll","background-type":"","background-media":"","overlay-type":"","overlay-color":"","overlay-opacity":"","overlay-gradient":""},"mobile":{"background-color":"var(--ast-global-color-5)","background-image":"","background-repeat":"repeat","background-position":"center center","background-size":"auto","background-attachment":"scroll","background-type":"","background-media":"","overlay-type":"","overlay-color":"","overlay-opacity":"","overlay-gradient":""}},"footnotes":""},"class_list":["post-1114","page","type-page","status-publish","hentry","pmpro-has-access"],"acf":[],"_links":{"self":[{"href":"https:\/\/pret-a-raconter.com\/es\/wp-json\/wp\/v2\/pages\/1114","targetHints":{"allow":["GET"]}}],"collection":[{"href":"https:\/\/pret-a-raconter.com\/es\/wp-json\/wp\/v2\/pages"}],"about":[{"href":"https:\/\/pret-a-raconter.com\/es\/wp-json\/wp\/v2\/types\/page"}],"author":[{"embeddable":true,"href":"https:\/\/pret-a-raconter.com\/es\/wp-json\/wp\/v2\/users\/1"}],"replies":[{"embeddable":true,"href":"https:\/\/pret-a-raconter.com\/es\/wp-json\/wp\/v2\/comments?post=1114"}],"version-history":[{"count":0,"href":"https:\/\/pret-a-raconter.com\/es\/wp-json\/wp\/v2\/pages\/1114\/revisions"}],"wp:attachment":[{"href":"https:\/\/pret-a-raconter.com\/es\/wp-json\/wp\/v2\/media?parent=1114"}],"curies":[{"name":"wp","href":"https:\/\/api.w.org\/{rel}","templated":true}]}}