{"id":1127,"date":"2023-08-26T10:39:45","date_gmt":"2023-08-26T10:39:45","guid":{"rendered":"https:\/\/pret-a-raconter.com\/?page_id=1127"},"modified":"2024-01-08T09:06:13","modified_gmt":"2024-01-08T09:06:13","slug":"lecteurs-1","status":"publish","type":"page","link":"https:\/\/pret-a-raconter.com\/es\/lecteurs-1\/","title":{"rendered":"Lecteurs\u00a01"},"content":{"rendered":"<div data-elementor-type=\"wp-page\" data-elementor-id=\"1127\" class=\"elementor elementor-1127\">\n\t\t\t\t<div class=\"elementor-element elementor-element-3e554c4 e-flex e-con-boxed e-con e-parent\" data-id=\"3e554c4\" data-element_type=\"container\">\n\t\t\t\t\t<div class=\"e-con-inner\">\n\t\t<div class=\"elementor-element elementor-element-17bd7d2 e-flex e-con-boxed e-con e-parent\" data-id=\"17bd7d2\" data-element_type=\"container\">\n\t\t\t\t\t<div class=\"e-con-inner\">\n\t\t\t\t<div class=\"elementor-element elementor-element-a6f8b71 elementor-widget elementor-widget-heading\" data-id=\"a6f8b71\" data-element_type=\"widget\" data-widget_type=\"heading.default\">\n\t\t\t\t<div class=\"elementor-widget-container\">\n\t\t\t\t\t<h2 class=\"elementor-heading-title elementor-size-default\">Pret-a-raconter.com: Tu historia, tu elecci\u00f3n: un universo de creatividad a tu alcance<\/h2>\t\t\t\t<\/div>\n\t\t\t\t<\/div>\n\t\t\t\t<div class=\"elementor-element elementor-element-6283d6e elementor-widget elementor-widget-text-editor\" data-id=\"6283d6e\" data-element_type=\"widget\" data-widget_type=\"text-editor.default\">\n\t\t\t\t<div class=\"elementor-widget-container\">\n\t\t\t\t\t\t\t\t\t<p>Bienvenido a [Nombre de la plataforma], el lugar donde sus ideas se convierten en historias convincentes y personalizadas. Nuestro servicio \u00fanico le permite transformar sus pensamientos en historias hechas a medida, compartidas con el mundo.<\/p>\t\t\t\t\t\t\t\t<\/div>\n\t\t\t\t<\/div>\n\t\t\t\t<div class=\"elementor-element elementor-element-78ce72b elementor-widget elementor-widget-heading\" data-id=\"78ce72b\" data-element_type=\"widget\" data-widget_type=\"heading.default\">\n\t\t\t\t<div class=\"elementor-widget-container\">\n\t\t\t\t\t<h2 class=\"elementor-heading-title elementor-size-default\">Una experiencia creativa a medida<\/h2>\t\t\t\t<\/div>\n\t\t\t\t<\/div>\n\t\t\t\t<div class=\"elementor-element elementor-element-ea7a0de elementor-widget elementor-widget-text-editor\" data-id=\"ea7a0de\" data-element_type=\"widget\" data-widget_type=\"text-editor.default\">\n\t\t\t\t<div class=\"elementor-widget-container\">\n\t\t\t\t\t\t\t\t\t<p>En pret-a-raconter.com, t\u00fa eres el arquitecto de tu historia. As\u00ed es como funciona:<\/p><ol><li><strong>Elija la longitud:<\/strong> Desde historias cortas hasta historias elaboradas, seleccione la extensi\u00f3n que desee, hasta 5000 palabras.<\/li><li><strong>Establecer el asunto:<\/strong> Comparte tu tema, tus ideas o insp\u00edrate con nuestras sugerencias.<\/li><li><strong>Seleccione su escritor:<\/strong> Contamos con un talentoso panel de escritores. Elige el que mejor se adapte a tu estilo y visi\u00f3n.<\/li><li><strong>Decidir sobre los derechos de autor:<\/strong> Elija conservar los derechos de autor para uso exclusivo o opte por una opci\u00f3n libre de regal\u00edas m\u00e1s asequible<\/li><\/ol>\t\t\t\t\t\t\t\t<\/div>\n\t\t\t\t<\/div>\n\t\t\t\t<div class=\"elementor-element elementor-element-0adbd17 elementor-widget elementor-widget-heading\" data-id=\"0adbd17\" data-element_type=\"widget\" data-widget_type=\"heading.default\">\n\t\t\t\t<div class=\"elementor-widget-container\">\n\t\t\t\t\t<h2 class=\"elementor-heading-title elementor-size-default\">M\u00e1s que solo una historia\n\n<\/h2>\t\t\t\t<\/div>\n\t\t\t\t<\/div>\n\t\t\t\t<div class=\"elementor-element elementor-element-0010bbf elementor-widget elementor-widget-text-editor\" data-id=\"0010bbf\" data-element_type=\"widget\" data-widget_type=\"text-editor.default\">\n\t\t\t\t<div class=\"elementor-widget-container\">\n\t\t\t\t\t\t\t\t\t<p>Su historia personalizada viene con una variedad de opciones para una experiencia inmersiva:<\/p><ul><li><strong>V\u00eddeo tr\u00e1iler:<\/strong> Un v\u00eddeo cautivador para darle vida a tu historia incluso antes de la primera p\u00e1gina.<\/li><li><strong>Formatos vers\u00e1tiles:<\/strong> Recibe tu historia en formatos PDF y EPUB.<\/li><li><strong>Visibilidad en l\u00ednea:<\/strong> Tu historia tambi\u00e9n aparecer\u00e1 en los motores de b\u00fasqueda, aumentando su alcance e impacto.<\/li><\/ul>\t\t\t\t\t\t\t\t<\/div>\n\t\t\t\t<\/div>\n\t\t\t\t<div class=\"elementor-element elementor-element-4ee25d1 elementor-widget elementor-widget-heading\" data-id=\"4ee25d1\" data-element_type=\"widget\" data-widget_type=\"heading.default\">\n\t\t\t\t<div class=\"elementor-widget-container\">\n\t\t\t\t\t<h2 class=\"elementor-heading-title elementor-size-default\">\u00bfPor qu\u00e9 pret-a-raconter.com?<\/h2>\t\t\t\t<\/div>\n\t\t\t\t<\/div>\n\t\t\t\t<div class=\"elementor-element elementor-element-4583c19 elementor-widget elementor-widget-text-editor\" data-id=\"4583c19\" data-element_type=\"widget\" data-widget_type=\"text-editor.default\">\n\t\t\t\t<div class=\"elementor-widget-container\">\n\t\t\t\t\t\t\t\t\t<ul><li><strong>Personalizaci\u00f3n avanzada:<\/strong> Cada aspecto de tu historia es elegido por ti, lo que garantiza una creaci\u00f3n exclusivamente tuya.<\/li><li><strong>Calidad garantizada:<\/strong> Nuestros escritores son seleccionados por su talento y capacidad para hacer realidad sus ideas.<\/li><li><strong>Accesibilidad:<\/strong> Con opciones para cada presupuesto, cualquiera puede convertirse en creador de una obra \u00fanica.<\/li><\/ul>\t\t\t\t\t\t\t\t<\/div>\n\t\t\t\t<\/div>\n\t\t\t\t<div class=\"elementor-element elementor-element-e9c9603 elementor-widget elementor-widget-heading\" data-id=\"e9c9603\" data-element_type=\"widget\" data-widget_type=\"heading.default\">\n\t\t\t\t<div class=\"elementor-widget-container\">\n\t\t\t\t\t<h2 class=\"elementor-heading-title elementor-size-default\">Un regalo inolvidable, una historia compartida\n\n<\/h2>\t\t\t\t<\/div>\n\t\t\t\t<\/div>\n\t\t\t\t\t<\/div>\n\t\t\t\t<\/div>\n\t\t\t\t<div class=\"elementor-element elementor-element-daf4ed6 elementor-widget elementor-widget-text-editor\" data-id=\"daf4ed6\" data-element_type=\"widget\" data-widget_type=\"text-editor.default\">\n\t\t\t\t<div class=\"elementor-widget-container\">\n\t\t\t\t\t\t\t\t\t<p>Ya sea como regalo o para ti mismo, una historia personalizada es un regalo que abarca el tiempo y los corazones. Comp\u00e1rtelo con tus seres queridos, en las redes sociales, y deja tu huella en el mundo literario.<\/p>\t\t\t\t\t\t\t\t<\/div>\n\t\t\t\t<\/div>\n\t\t\t\t<div class=\"elementor-element elementor-element-f79ccad elementor-widget elementor-widget-heading\" data-id=\"f79ccad\" data-element_type=\"widget\" data-widget_type=\"heading.default\">\n\t\t\t\t<div class=\"elementor-widget-container\">\n\t\t\t\t\t<h2 class=\"elementor-heading-title elementor-size-default\">\u00danase a nosotros en pret-a-raconter.com\n\n<\/h2>\t\t\t\t<\/div>\n\t\t\t\t<\/div>\n\t\t\t\t<div class=\"elementor-element elementor-element-05608d2 elementor-widget elementor-widget-text-editor\" data-id=\"05608d2\" data-element_type=\"widget\" data-widget_type=\"text-editor.default\">\n\t\t\t\t<div class=\"elementor-widget-container\">\n\t\t\t\t\t\t\t\t\t<p><span style=\"color: #374151; font-family: S\u00f6hne, ui-sans-serif, system-ui, -apple-system, 'Segoe UI', Roboto, Ubuntu, Cantarell, 'Noto Sans', sans-serif, 'Helvetica Neue', Arial, 'Apple Color Emoji', 'Segoe UI Emoji', 'Segoe UI Symbol', 'Noto Color Emoji'; font-size: 16px; letter-spacing: normal; white-space-collapse: preserve;\">Tu imaginaci\u00f3n merece una plataforma que la valore. Con [Nombre de la plataforma], crea historias que se adapten a ti y comp\u00e1rtelas con el mundo. \u00a1Comienza hoy tu viaje al mundo de la creaci\u00f3n personalizada!<\/span><\/p>\t\t\t\t\t\t\t\t<\/div>\n\t\t\t\t<\/div>\n\t\t\t\t\t<\/div>\n\t\t\t\t<\/div>\n\t\t<div class=\"elementor-element elementor-element-11bc7a2 e-flex e-con-boxed e-con e-parent\" data-id=\"11bc7a2\" data-element_type=\"container\">\n\t\t\t\t\t<div class=\"e-con-inner\">\n\t\t\t\t<div class=\"elementor-element elementor-element-2ef30df elementor-widget elementor-widget-text-editor\" data-id=\"2ef30df\" data-element_type=\"widget\" data-widget_type=\"text-editor.default\">\n\t\t\t\t<div class=\"elementor-widget-container\">\n\t\t\t\t\t\t\t\t\t<p>Etiquetas: historias bajo pedido | Tu idea tu historia | historias en l\u00ednea para ti<\/p>\t\t\t\t\t\t\t\t<\/div>\n\t\t\t\t<\/div>\n\t\t\t\t\t<\/div>\n\t\t\t\t<\/div>\n\t\t\t\t<\/div>","protected":false},"excerpt":{"rendered":"<p>Pret-a-raconter.com: Votre Histoire, Votre Choix &#8211; Un Univers de Cr\u00e9ativit\u00e9 \u00e0 Port\u00e9e de Main Bienvenue sur [Nom de la Plateforme], l&#8217;endroit o\u00f9 vos id\u00e9es deviennent des histoires captivantes et personnalis\u00e9es. Notre service unique vous permet de transformer vos pens\u00e9es en r\u00e9cits sur mesure, partag\u00e9s avec le monde entier. Une Exp\u00e9rience de Cr\u00e9ation Sur Mesure Chez [&hellip;]<\/p>","protected":false},"author":1,"featured_media":0,"parent":0,"menu_order":0,"comment_status":"closed","ping_status":"closed","template":"","meta":{"_acf_changed":false,"pmpro_default_level":"","site-sidebar-layout":"no-sidebar","site-content-layout":"page-builder","ast-site-content-layout":"","site-content-style":"default","site-sidebar-style":"default","ast-global-header-display":"","ast-banner-title-visibility":"","ast-main-header-display":"","ast-hfb-above-header-display":"","ast-hfb-below-header-display":"","ast-hfb-mobile-header-display":"","site-post-title":"disabled","ast-breadcrumbs-content":"","ast-featured-img":"disabled","footer-sml-layout":"","theme-transparent-header-meta":"","adv-header-id-meta":"","stick-header-meta":"","header-above-stick-meta":"","header-main-stick-meta":"","header-below-stick-meta":"","astra-migrate-meta-layouts":"default","ast-page-background-enabled":"default","ast-page-background-meta":{"desktop":{"background-color":"var(--ast-global-color-4)","background-image":"","background-repeat":"repeat","background-position":"center center","background-size":"auto","background-attachment":"scroll","background-type":"","background-media":"","overlay-type":"","overlay-color":"","overlay-opacity":"","overlay-gradient":""},"tablet":{"background-color":"","background-image":"","background-repeat":"repeat","background-position":"center center","background-size":"auto","background-attachment":"scroll","background-type":"","background-media":"","overlay-type":"","overlay-color":"","overlay-opacity":"","overlay-gradient":""},"mobile":{"background-color":"","background-image":"","background-repeat":"repeat","background-position":"center center","background-size":"auto","background-attachment":"scroll","background-type":"","background-media":"","overlay-type":"","overlay-color":"","overlay-opacity":"","overlay-gradient":""}},"ast-content-background-meta":{"desktop":{"background-color":"var(--ast-global-color-5)","background-image":"","background-repeat":"repeat","background-position":"center center","background-size":"auto","background-attachment":"scroll","background-type":"","background-media":"","overlay-type":"","overlay-color":"","overlay-opacity":"","overlay-gradient":""},"tablet":{"background-color":"var(--ast-global-color-5)","background-image":"","background-repeat":"repeat","background-position":"center center","background-size":"auto","background-attachment":"scroll","background-type":"","background-media":"","overlay-type":"","overlay-color":"","overlay-opacity":"","overlay-gradient":""},"mobile":{"background-color":"var(--ast-global-color-5)","background-image":"","background-repeat":"repeat","background-position":"center center","background-size":"auto","background-attachment":"scroll","background-type":"","background-media":"","overlay-type":"","overlay-color":"","overlay-opacity":"","overlay-gradient":""}},"footnotes":""},"class_list":["post-1127","page","type-page","status-publish","hentry","pmpro-has-access"],"acf":[],"_links":{"self":[{"href":"https:\/\/pret-a-raconter.com\/es\/wp-json\/wp\/v2\/pages\/1127","targetHints":{"allow":["GET"]}}],"collection":[{"href":"https:\/\/pret-a-raconter.com\/es\/wp-json\/wp\/v2\/pages"}],"about":[{"href":"https:\/\/pret-a-raconter.com\/es\/wp-json\/wp\/v2\/types\/page"}],"author":[{"embeddable":true,"href":"https:\/\/pret-a-raconter.com\/es\/wp-json\/wp\/v2\/users\/1"}],"replies":[{"embeddable":true,"href":"https:\/\/pret-a-raconter.com\/es\/wp-json\/wp\/v2\/comments?post=1127"}],"version-history":[{"count":0,"href":"https:\/\/pret-a-raconter.com\/es\/wp-json\/wp\/v2\/pages\/1127\/revisions"}],"wp:attachment":[{"href":"https:\/\/pret-a-raconter.com\/es\/wp-json\/wp\/v2\/media?parent=1127"}],"curies":[{"name":"wp","href":"https:\/\/api.w.org\/{rel}","templated":true}]}}