{"id":151,"date":"2023-08-13T16:07:12","date_gmt":"2023-08-13T16:07:12","guid":{"rendered":"https:\/\/pret-a-raconter.com\/?page_id=151"},"modified":"2025-04-03T04:52:11","modified_gmt":"2025-04-03T04:52:11","slug":"a-propos","status":"publish","type":"page","link":"https:\/\/pret-a-raconter.com\/es\/a-propos\/","title":{"rendered":"A proposito"},"content":{"rendered":"<div data-elementor-type=\"wp-page\" data-elementor-id=\"151\" class=\"elementor elementor-151\">\n\t\t\t\t<div class=\"elementor-element elementor-element-3e554c4 elementor-hidden-desktop elementor-hidden-tablet elementor-hidden-mobile e-flex e-con-boxed e-con e-parent\" data-id=\"3e554c4\" data-element_type=\"container\">\n\t\t\t\t\t<div class=\"e-con-inner\">\n\t\t<div class=\"elementor-element elementor-element-17bd7d2 e-flex e-con-boxed e-con e-child\" data-id=\"17bd7d2\" data-element_type=\"container\">\n\t\t\t\t\t<div class=\"e-con-inner\">\n\t\t\t\t<div class=\"elementor-element elementor-element-b0975a0 elementor-widget elementor-widget-heading\" data-id=\"b0975a0\" data-element_type=\"widget\" data-widget_type=\"heading.default\">\n\t\t\t\t<div class=\"elementor-widget-container\">\n\t\t\t\t\t<h2 class=\"elementor-heading-title elementor-size-default\">Acerca de nuestra plataforma<\/h2>\t\t\t\t<\/div>\n\t\t\t\t<\/div>\n\t\t\t\t<div class=\"elementor-element elementor-element-6283d6e elementor-widget elementor-widget-text-editor\" data-id=\"6283d6e\" data-element_type=\"widget\" data-widget_type=\"text-editor.default\">\n\t\t\t\t<div class=\"elementor-widget-container\">\n\t\t\t\t\t\t\t\t\t<div data-pm-slice=\"1 1 []\" data-en-clipboard=\"true\">Bienvenido a <a href=\"http:\/\/Pret-a-Raconter.com\">listo-para-raconter.com<\/a>, tu compa\u00f1ero creativo en el fascinante mundo de la narraci\u00f3n. Nuestra misi\u00f3n es simple pero emocionante: transformar sus ideas en historias cautivadoras, listas para ser compartidas y disfrutadas por una audiencia diversa. en la casa de <a href=\"http:\/\/Pret-a-Raconter.com\">Pret-a-Raconter.com<\/a>, creemos firmemente que cada pensamiento, cada sue\u00f1o, cada recuerdo puede convertirse en la base de una historia inolvidable.<\/div>\t\t\t\t\t\t\t\t<\/div>\n\t\t\t\t<\/div>\n\t\t\t\t<div class=\"elementor-element elementor-element-94aae22 elementor-widget elementor-widget-text-editor\" data-id=\"94aae22\" data-element_type=\"widget\" data-widget_type=\"text-editor.default\">\n\t\t\t\t<div class=\"elementor-widget-container\">\n\t\t\t\t\t\t\t\t\t<p class=\"p1\">Nos alegra que est\u00e9 interesado en convertir sus ideas en historias. Como narradores, estamos aqu\u00ed para guiarlo a trav\u00e9s de este apasionante proceso.&nbsp;<span style=\"color: var( --e-global-color-text ); letter-spacing: 0.9px; text-align: var(--text-align);\">Primero, hablemos de tu idea. \u00bfYa tienes un esquema o idea general de lo que quieres escribir? Tal vez un concepto, personajes, un escenario o incluso simplemente una emoci\u00f3n o tema que quieras explorar. Si\u00e9ntete libre de compartir tanto o tan poco como quieras.<\/span><\/p>\n<p class=\"p1\">Luego discutiremos c\u00f3mo podemos desarrollar esta idea en una historia convincente. Esto puede incluir la estructuraci\u00f3n de la trama, el desarrollo de los personajes, el estilo de escritura y otros elementos clave de la narraci\u00f3n.<\/p>\n<p class=\"p2\">Su entusiasmo por convertir su idea en una historia es contagioso y estamos aqu\u00ed para ayudarlo en cada paso del camino. \u00a1Vamos!<\/p>\t\t\t\t\t\t\t\t<\/div>\n\t\t\t\t<\/div>\n\t\t\t\t<div class=\"elementor-element elementor-element-ea7a0de elementor-widget elementor-widget-text-editor\" data-id=\"ea7a0de\" data-element_type=\"widget\" data-widget_type=\"text-editor.default\">\n\t\t\t\t<div class=\"elementor-widget-container\">\n\t\t\t\t\t\t\t\t\t<div data-pm-slice=\"1 1 []\" data-en-clipboard=\"true\"><b>Nuestro servicio \u00fanico<\/b><\/div><div>\u00a0<\/div><div>TIENE <a href=\"http:\/\/Pret-a-Raconter.com\">listo-para-raconter.com<\/a>, ofrecemos un servicio personalizado de creaci\u00f3n de cuentos, con un l\u00edmite de 5000 palabras, para garantizar una narrativa densa y atractiva. Ya sea que tenga el esbozo de una idea o un concepto bien desarrollado, nuestro equipo de narradores profesionales est\u00e1 aqu\u00ed para transformarlo en una obra literaria fascinante.<\/div>\t\t\t\t\t\t\t\t<\/div>\n\t\t\t\t<\/div>\n\t\t\t\t<div class=\"elementor-element elementor-element-4583c19 elementor-widget elementor-widget-text-editor\" data-id=\"4583c19\" data-element_type=\"widget\" data-widget_type=\"text-editor.default\">\n\t\t\t\t<div class=\"elementor-widget-container\">\n\t\t\t\t\t\t\t\t\t<div data-pm-slice=\"1 1 []\" data-en-clipboard=\"true\"><b>Tu visi\u00f3n, nuestra pluma<\/b><\/div><div>\u00a0<\/div><div>Entendemos que cada historia es \u00fanica y por eso te ofrecemos la libertad de elegir el estilo de tu historia. Ya sea que prefiera un drama conmovedor, una aventura emocionante, un romance fascinante o un cuento de hadas moderno, estamos aqu\u00ed para darle vida a su visi\u00f3n. Adem\u00e1s, nuestro panel de talentosos narradores te permite seleccionar la voz que mejor se adapta a tu idea.<\/div>\t\t\t\t\t\t\t\t<\/div>\n\t\t\t\t<\/div>\n\t\t\t\t<div class=\"elementor-element elementor-element-0010bbf elementor-widget elementor-widget-text-editor\" data-id=\"0010bbf\" data-element_type=\"widget\" data-widget_type=\"text-editor.default\">\n\t\t\t\t<div class=\"elementor-widget-container\">\n\t\t\t\t\t\t\t\t\t<div data-pm-slice=\"1 1 []\" data-en-clipboard=\"true\"><b>Un paquete completo<\/b><\/div><div>\u00a0<\/div><div>Recibir tu historia es una experiencia en s\u00ed misma. Adem\u00e1s del texto, recibir\u00e1s una portada de libro personalizada, un archivo PDF, un formato EPUB para lectores electr\u00f3nicos y un avance de video de 30 segundos. Este enfoque multimedia garantiza que su historia no s\u00f3lo se lea, sino que tambi\u00e9n se vea y se sienta.<\/div>\t\t\t\t\t\t\t\t<\/div>\n\t\t\t\t<\/div>\n\t\t\t\t<div class=\"elementor-element elementor-element-1aaa76d elementor-widget elementor-widget-text-editor\" data-id=\"1aaa76d\" data-element_type=\"widget\" data-widget_type=\"text-editor.default\">\n\t\t\t\t<div class=\"elementor-widget-container\">\n\t\t\t\t\t\t\t\t\t<div data-pm-slice=\"1 1 []\" data-en-clipboard=\"true\"><b>Copyright: Tu elecci\u00f3n<\/b><\/div><div>\u00a0<\/div><div><div data-pm-slice=\"1 1 []\" data-en-clipboard=\"true\"><b>Nuestro compromiso<\/b><\/div><div>\u00a0<\/div><div>en la casa de <a href=\"http:\/\/Pret-a-Raconter.com\">listo-para-raconter.com<\/a>, Su satisfacci\u00f3n es nuestra prioridad. Estamos comprometidos a brindar un servicio de calidad, respetando sus ideas y su visi\u00f3n, mientras aportamos nuestra experiencia en storytelling. Nuestro objetivo es hacer de cada historia una obra que resuene, conmueva y quede grabada en la memoria.<\/div><p>Tambi\u00e9n ofrecemos la flexibilidad de elegir si desea conservar los derechos de autor de su historia. Puedes decidir compartirlo libremente, qued\u00e1rtelo para ti o incluso publicarlo bajo tu nombre.<\/p><\/div>\t\t\t\t\t\t\t\t<\/div>\n\t\t\t\t<\/div>\n\t\t\t\t<div class=\"elementor-element elementor-element-daf1fb1 elementor-widget elementor-widget-text-editor\" data-id=\"daf1fb1\" data-element_type=\"widget\" data-widget_type=\"text-editor.default\">\n\t\t\t\t<div class=\"elementor-widget-container\">\n\t\t\t\t\t\t\t\t\t<div data-pm-slice=\"1 1 []\" data-en-clipboard=\"true\">\u00danete a nosotros en esta aventura creativa y deja que <a href=\"http:\/\/Pret-a-Raconter.com\">listo-para-raconter.com<\/a> \u00a1Da vida a tus ideas!<\/div>\t\t\t\t\t\t\t\t<\/div>\n\t\t\t\t<\/div>\n\t\t\t\t<div class=\"elementor-element elementor-element-b54dda4 elementor-widget elementor-widget-text-editor\" data-id=\"b54dda4\" data-element_type=\"widget\" data-widget_type=\"text-editor.default\">\n\t\t\t\t<div class=\"elementor-widget-container\">\n\t\t\t\t\t\t\t\t\t<p>El dedicado equipo de pret-a-raconter.com<\/p>\t\t\t\t\t\t\t\t<\/div>\n\t\t\t\t<\/div>\n\t\t\t\t\t<\/div>\n\t\t\t\t<\/div>\n\t\t\t\t\t<\/div>\n\t\t\t\t<\/div>\n\t\t<div class=\"elementor-element elementor-element-ab02e8d e-flex e-con-boxed e-con e-parent\" data-id=\"ab02e8d\" data-element_type=\"container\">\n\t\t\t\t\t<div class=\"e-con-inner\">\n\t\t<div class=\"elementor-element elementor-element-ff4efe5 e-flex e-con-boxed e-con e-child\" data-id=\"ff4efe5\" data-element_type=\"container\">\n\t\t\t\t\t<div class=\"e-con-inner\">\n\t\t\t\t<div class=\"elementor-element elementor-element-6279f66 elementor-widget elementor-widget-heading\" data-id=\"6279f66\" data-element_type=\"widget\" data-widget_type=\"heading.default\">\n\t\t\t\t<div class=\"elementor-widget-container\">\n\t\t\t\t\t<h2 class=\"elementor-heading-title elementor-size-default\">Acerca de<\/h2>\t\t\t\t<\/div>\n\t\t\t\t<\/div>\n\t\t<div class=\"elementor-element elementor-element-6c861a9 e-con-full e-flex e-con e-child\" data-id=\"6c861a9\" data-element_type=\"container\">\n\t\t<div class=\"elementor-element elementor-element-cb83e6a e-con-full e-flex e-con e-child\" data-id=\"cb83e6a\" data-element_type=\"container\">\n\t\t\t\t<div class=\"elementor-element elementor-element-9a0476d elementor-widget elementor-widget-text-editor\" data-id=\"9a0476d\" data-element_type=\"widget\" data-widget_type=\"text-editor.default\">\n\t\t\t\t<div class=\"elementor-widget-container\">\n\t\t\t\t\t\t\t\t\tBienvenido a Pr\u00eat \u00e0 Raconter, la plataforma que transforma tus ideas en historias cortas, originales y hechas a medida.\n\t\t\t\t\t\t\t\t<\/div>\n\t\t\t\t<\/div>\n\t\t\t\t<div class=\"elementor-element elementor-element-b2e7c35 elementor-widget elementor-widget-text-editor\" data-id=\"b2e7c35\" data-element_type=\"widget\" data-widget_type=\"text-editor.default\">\n\t\t\t\t<div class=\"elementor-widget-container\">\n\t\t\t\t\t\t\t\t\tYa sea que tenga un concepto espec\u00edfico o simplemente una emoci\u00f3n para explorar, nuestros narradores dan vida a sus deseos. \u00bfDrama, aventura, absurdo o cuento de hadas moderno? Depende de ti elegir el estilo y el autor que te inspire.\n\t\t\t\t\t\t\t\t<\/div>\n\t\t\t\t<\/div>\n\t\t\t\t<div class=\"elementor-element elementor-element-cebc81e elementor-widget elementor-widget-heading\" data-id=\"cebc81e\" data-element_type=\"widget\" data-widget_type=\"heading.default\">\n\t\t\t\t<div class=\"elementor-widget-container\">\n\t\t\t\t\t<h2 class=\"elementor-heading-title elementor-size-default\">\u00bfC\u00f3mo funciona?\n<\/h2>\t\t\t\t<\/div>\n\t\t\t\t<\/div>\n\t\t\t\t<div class=\"elementor-element elementor-element-1a9948a elementor-widget elementor-widget-text-editor\" data-id=\"1a9948a\" data-element_type=\"widget\" data-widget_type=\"text-editor.default\">\n\t\t\t\t<div class=\"elementor-widget-container\">\n\t\t\t\t\t\t\t\t\tCompartes una idea (o solo un tema) Escribimos tu historia (hasta 5000 palabras) La recibes en PDF, con portada y mini video tr\u00e1iler\t\t\t\t\t\t\t\t<\/div>\n\t\t\t\t<\/div>\n\t\t\t\t<div class=\"elementor-element elementor-element-b43bcc9 elementor-widget elementor-widget-heading\" data-id=\"b43bcc9\" data-element_type=\"widget\" data-widget_type=\"heading.default\">\n\t\t\t\t<div class=\"elementor-widget-container\">\n\t\t\t\t\t<h2 class=\"elementor-heading-title elementor-size-default\">Tus ideas. Nuestras historias.\n<\/h2>\t\t\t\t<\/div>\n\t\t\t\t<\/div>\n\t\t\t\t<div class=\"elementor-element elementor-element-a63a81a elementor-widget elementor-widget-text-editor\" data-id=\"a63a81a\" data-element_type=\"widget\" data-widget_type=\"text-editor.default\">\n\t\t\t\t<div class=\"elementor-widget-container\">\n\t\t\t\t\t\t\t\t\tUsted mantiene el control total: tono, estilo y derechos de autor incluidos. Tu imaginaci\u00f3n, nuestra pluma.\n\t\t\t\t\t\t\t\t<\/div>\n\t\t\t\t<\/div>\n\t\t\t\t<div class=\"elementor-element elementor-element-2a0e9c0 elementor-widget elementor-widget-text-editor\" data-id=\"2a0e9c0\" data-element_type=\"widget\" data-widget_type=\"text-editor.default\">\n\t\t\t\t<div class=\"elementor-widget-container\">\n\t\t\t\t\t\t\t\t\tListo ? Hacer clic. Imaginar. Nosotros nos encargamos del resto. El equipo de Ready to Tell\t\t\t\t\t\t\t\t<\/div>\n\t\t\t\t<\/div>\n\t\t\t\t<\/div>\n\t\t<div class=\"elementor-element elementor-element-7f70db7 e-con-full e-flex e-con e-child\" data-id=\"7f70db7\" data-element_type=\"container\">\n\t\t\t\t<div class=\"elementor-element elementor-element-f74a545 elementor-widget elementor-widget-image\" data-id=\"f74a545\" data-element_type=\"widget\" data-widget_type=\"image.default\">\n\t\t\t\t<div class=\"elementor-widget-container\">\n\t\t\t\t\t\t\t\t\t\t\t\t\t\t\t<img fetchpriority=\"high\" decoding=\"async\" width=\"1000\" height=\"1000\" src=\"https:\/\/pret-a-raconter.com\/wp-content\/uploads\/2025\/03\/2.jpg\" class=\"attachment-large size-large wp-image-10065\" alt=\"Guillaume Tell revisit\u00e9\" srcset=\"https:\/\/pret-a-raconter.com\/wp-content\/uploads\/2025\/03\/2.jpg 1000w, https:\/\/pret-a-raconter.com\/wp-content\/uploads\/2025\/03\/2-300x300.jpg 300w, https:\/\/pret-a-raconter.com\/wp-content\/uploads\/2025\/03\/2-150x150.jpg 150w, https:\/\/pret-a-raconter.com\/wp-content\/uploads\/2025\/03\/2-768x768.jpg 768w, https:\/\/pret-a-raconter.com\/wp-content\/uploads\/2025\/03\/2-12x12.jpg 12w, https:\/\/pret-a-raconter.com\/wp-content\/uploads\/2025\/03\/2-400x400.jpg 400w, https:\/\/pret-a-raconter.com\/wp-content\/uploads\/2025\/03\/2-600x600.jpg 600w\" sizes=\"(max-width: 1000px) 100vw, 1000px\" \/>\t\t\t\t\t\t\t\t\t\t\t\t\t\t\t<\/div>\n\t\t\t\t<\/div>\n\t\t\t\t<\/div>\n\t\t\t\t<\/div>\n\t\t\t\t\t<\/div>\n\t\t\t\t<\/div>\n\t\t\t\t\t<\/div>\n\t\t\t\t<\/div>\n\t\t<div class=\"elementor-element elementor-element-46c34b8 e-flex e-con-boxed e-con e-parent\" data-id=\"46c34b8\" data-element_type=\"container\">\n\t\t\t\t\t<div class=\"e-con-inner\">\n\t\t\t\t<div class=\"elementor-element elementor-element-b89e69f elementor-widget elementor-widget-text-editor\" data-id=\"b89e69f\" data-element_type=\"widget\" data-widget_type=\"text-editor.default\">\n\t\t\t\t<div class=\"elementor-widget-container\">\n\t\t\t\t\t\t\t\t\t<p>Etiquetas: Acerca de, Acerca de nuestro equipo creativo, Creamos tus historias para ti<\/p>\t\t\t\t\t\t\t\t<\/div>\n\t\t\t\t<\/div>\n\t\t\t\t\t<\/div>\n\t\t\t\t<\/div>\n\t\t\t\t<\/div>","protected":false},"excerpt":{"rendered":"<p>\u00c0 propos de notre plateforme Bienvenue sur pret-a-raconter.com, votre compagnon cr\u00e9atif dans l&#8217;univers fascinant de la narration. Notre mission est simple mais passionnante : transformer vos id\u00e9es en histoires captivantes, pr\u00eates \u00e0 \u00eatre partag\u00e9es et appr\u00e9ci\u00e9es par un public vari\u00e9. Chez Pret-a-Raconter.com, nous croyons fermement que chaque pens\u00e9e, chaque r\u00eave, chaque souvenir peut devenir le [&hellip;]<\/p>","protected":false},"author":1,"featured_media":0,"parent":0,"menu_order":0,"comment_status":"closed","ping_status":"closed","template":"","meta":{"_acf_changed":false,"pmpro_default_level":"","site-sidebar-layout":"no-sidebar","site-content-layout":"page-builder","ast-site-content-layout":"","site-content-style":"default","site-sidebar-style":"default","ast-global-header-display":"","ast-banner-title-visibility":"","ast-main-header-display":"","ast-hfb-above-header-display":"","ast-hfb-below-header-display":"","ast-hfb-mobile-header-display":"","site-post-title":"disabled","ast-breadcrumbs-content":"","ast-featured-img":"disabled","footer-sml-layout":"","theme-transparent-header-meta":"","adv-header-id-meta":"","stick-header-meta":"","header-above-stick-meta":"","header-main-stick-meta":"","header-below-stick-meta":"","astra-migrate-meta-layouts":"default","ast-page-background-enabled":"default","ast-page-background-meta":{"desktop":{"background-color":"var(--ast-global-color-4)","background-image":"","background-repeat":"repeat","background-position":"center center","background-size":"auto","background-attachment":"scroll","background-type":"","background-media":"","overlay-type":"","overlay-color":"","overlay-opacity":"","overlay-gradient":""},"tablet":{"background-color":"","background-image":"","background-repeat":"repeat","background-position":"center center","background-size":"auto","background-attachment":"scroll","background-type":"","background-media":"","overlay-type":"","overlay-color":"","overlay-opacity":"","overlay-gradient":""},"mobile":{"background-color":"","background-image":"","background-repeat":"repeat","background-position":"center center","background-size":"auto","background-attachment":"scroll","background-type":"","background-media":"","overlay-type":"","overlay-color":"","overlay-opacity":"","overlay-gradient":""}},"ast-content-background-meta":{"desktop":{"background-color":"var(--ast-global-color-5)","background-image":"","background-repeat":"repeat","background-position":"center center","background-size":"auto","background-attachment":"scroll","background-type":"","background-media":"","overlay-type":"","overlay-color":"","overlay-opacity":"","overlay-gradient":""},"tablet":{"background-color":"var(--ast-global-color-5)","background-image":"","background-repeat":"repeat","background-position":"center center","background-size":"auto","background-attachment":"scroll","background-type":"","background-media":"","overlay-type":"","overlay-color":"","overlay-opacity":"","overlay-gradient":""},"mobile":{"background-color":"var(--ast-global-color-5)","background-image":"","background-repeat":"repeat","background-position":"center center","background-size":"auto","background-attachment":"scroll","background-type":"","background-media":"","overlay-type":"","overlay-color":"","overlay-opacity":"","overlay-gradient":""}},"footnotes":""},"class_list":["post-151","page","type-page","status-publish","hentry","pmpro-has-access"],"acf":[],"_links":{"self":[{"href":"https:\/\/pret-a-raconter.com\/es\/wp-json\/wp\/v2\/pages\/151","targetHints":{"allow":["GET"]}}],"collection":[{"href":"https:\/\/pret-a-raconter.com\/es\/wp-json\/wp\/v2\/pages"}],"about":[{"href":"https:\/\/pret-a-raconter.com\/es\/wp-json\/wp\/v2\/types\/page"}],"author":[{"embeddable":true,"href":"https:\/\/pret-a-raconter.com\/es\/wp-json\/wp\/v2\/users\/1"}],"replies":[{"embeddable":true,"href":"https:\/\/pret-a-raconter.com\/es\/wp-json\/wp\/v2\/comments?post=151"}],"version-history":[{"count":0,"href":"https:\/\/pret-a-raconter.com\/es\/wp-json\/wp\/v2\/pages\/151\/revisions"}],"wp:attachment":[{"href":"https:\/\/pret-a-raconter.com\/es\/wp-json\/wp\/v2\/media?parent=151"}],"curies":[{"name":"wp","href":"https:\/\/api.w.org\/{rel}","templated":true}]}}