{"id":162,"date":"2023-08-24T08:10:52","date_gmt":"2023-08-24T08:10:52","guid":{"rendered":"https:\/\/pret-a-raconter.com\/?page_id=162"},"modified":"2024-01-08T09:59:06","modified_gmt":"2024-01-08T09:59:06","slug":"blog","status":"publish","type":"page","link":"https:\/\/pret-a-raconter.com\/es\/blog\/","title":{"rendered":"Blog"},"content":{"rendered":"<div data-elementor-type=\"wp-page\" data-elementor-id=\"162\" class=\"elementor elementor-162\">\n\t\t\t\t<div class=\"elementor-element elementor-element-d5edb36 e-flex e-con-boxed e-con e-parent\" data-id=\"d5edb36\" data-element_type=\"container\">\n\t\t\t\t\t<div class=\"e-con-inner\">\n\t\t\t\t<div class=\"elementor-element elementor-element-1b4cdf4 elementor-widget elementor-widget-heading\" data-id=\"1b4cdf4\" data-element_type=\"widget\" data-widget_type=\"heading.default\">\n\t\t\t\t<div class=\"elementor-widget-container\">\n\t\t\t\t\t<h2 class=\"elementor-heading-title elementor-size-default\">Blog<\/h2>\t\t\t\t<\/div>\n\t\t\t\t<\/div>\n\t\t\t\t<div class=\"elementor-element elementor-element-1d7150c elementor-grid-eael-col-3 elementor-hidden-desktop elementor-hidden-tablet elementor-hidden-mobile elementor-grid-tablet-eael-col-2 elementor-grid-mobile-eael-col-1 elementor-widget elementor-widget-eael-post-grid\" data-id=\"1d7150c\" data-element_type=\"widget\" data-settings=\"{&quot;eael_post_grid_columns&quot;:&quot;eael-col-3&quot;,&quot;eael_post_grid_columns_tablet&quot;:&quot;eael-col-2&quot;,&quot;eael_post_grid_columns_mobile&quot;:&quot;eael-col-1&quot;}\" data-widget_type=\"eael-post-grid.default\">\n\t\t\t\t<div class=\"elementor-widget-container\">\n\t\t\t\t\t<div id=\"eael-post-grid-1d7150c\" class=\"eael-post-grid-container\">\n            <div class=\"eael-post-grid eael-post-appender eael-post-appender-1d7150c eael-post-grid-style-one\" data-layout-mode=\"grid\"><article class=\"eael-grid-post eael-post-grid-column\" data-id=\"6981\">\n        <div class=\"eael-grid-post-holder\">\n            <div class=\"eael-grid-post-holder-inner\"><div class=\"eael-entry-media\"><div class=\"eael-entry-overlay slide-up\"><i class=\"fas fa-long-arrow-alt-right\" aria-hidden=\"true\"><\/i><a href=\"https:\/\/pret-a-raconter.com\/es\/les-mini-films-de-30-secondes-arrivent-en-force\/\"><\/a><\/div><div class=\"eael-entry-thumbnail\">\n                <img fetchpriority=\"high\" decoding=\"async\" width=\"2000\" height=\"1972\" src=\"https:\/\/pret-a-raconter.com\/wp-content\/uploads\/2024\/04\/magnific-ygrB5Pr2la9Mvs1iSble-2.png\" class=\"attachment-full size-full wp-image-6983\" alt=\"\" srcset=\"https:\/\/pret-a-raconter.com\/wp-content\/uploads\/2024\/04\/magnific-ygrB5Pr2la9Mvs1iSble-2.png 2000w, https:\/\/pret-a-raconter.com\/wp-content\/uploads\/2024\/04\/magnific-ygrB5Pr2la9Mvs1iSble-2-300x296.png 300w, https:\/\/pret-a-raconter.com\/wp-content\/uploads\/2024\/04\/magnific-ygrB5Pr2la9Mvs1iSble-2-1024x1010.png 1024w, https:\/\/pret-a-raconter.com\/wp-content\/uploads\/2024\/04\/magnific-ygrB5Pr2la9Mvs1iSble-2-768x757.png 768w, https:\/\/pret-a-raconter.com\/wp-content\/uploads\/2024\/04\/magnific-ygrB5Pr2la9Mvs1iSble-2-1536x1514.png 1536w, https:\/\/pret-a-raconter.com\/wp-content\/uploads\/2024\/04\/magnific-ygrB5Pr2la9Mvs1iSble-2-12x12.png 12w, https:\/\/pret-a-raconter.com\/wp-content\/uploads\/2024\/04\/magnific-ygrB5Pr2la9Mvs1iSble-2-1320x1302.png 1320w\" sizes=\"(max-width: 2000px) 100vw, 2000px\" \/>\n            <\/div>\n        <\/div><div class=\"eael-entry-wrapper\"><header class=\"eael-entry-header\"><h2 class=\"eael-entry-title\"><a\n                        class=\"eael-grid-post-link\"\n                        href=\"https:\/\/pret-a-raconter.com\/es\/les-mini-films-de-30-secondes-arrivent-en-force\/\"\n                        title=\"\u00a1Las Minipel\u00edculas de 30 segundos llegan con fuerza!\">\u00a1Las Minipel\u00edculas de 30 segundos llegan con fuerza!<\/a><\/h2><\/header><div class=\"eael-entry-content\">\n                        <div class=\"eael-grid-post-excerpt\"><p>Mini-Films Maxi Plaisirs Estamos encantados de anunciar una nueva y emocionante...<\/p><a href=\"https:\/\/pret-a-raconter.com\/es\/les-mini-films-de-30-secondes-arrivent-en-force\/\" class=\"eael-post-elements-readmore-btn\">Leer m\u00e1s<\/a><\/div>\n                    <\/div><\/div><\/div>\n        <\/div>\n    <\/article><article class=\"eael-grid-post eael-post-grid-column\" data-id=\"5449\">\n        <div class=\"eael-grid-post-holder\">\n            <div class=\"eael-grid-post-holder-inner\"><div class=\"eael-entry-media\"><div class=\"eael-entry-overlay slide-up\"><i class=\"fas fa-long-arrow-alt-right\" aria-hidden=\"true\"><\/i><a href=\"https:\/\/pret-a-raconter.com\/es\/plongez-dans-un-monde-d-histoires-courtes\/\"><\/a><\/div><div class=\"eael-entry-thumbnail\">\n                <img decoding=\"async\" width=\"2560\" height=\"1463\" src=\"https:\/\/pret-a-raconter.com\/wp-content\/uploads\/2024\/02\/5-scaled.jpg\" class=\"attachment-full size-full wp-image-5450\" alt=\"Plongez dans un monde d\u2019histoires courtes\" srcset=\"https:\/\/pret-a-raconter.com\/wp-content\/uploads\/2024\/02\/5-scaled.jpg 2560w, https:\/\/pret-a-raconter.com\/wp-content\/uploads\/2024\/02\/5-300x171.jpg 300w, https:\/\/pret-a-raconter.com\/wp-content\/uploads\/2024\/02\/5-1024x585.jpg 1024w, https:\/\/pret-a-raconter.com\/wp-content\/uploads\/2024\/02\/5-768x439.jpg 768w, https:\/\/pret-a-raconter.com\/wp-content\/uploads\/2024\/02\/5-1536x878.jpg 1536w, https:\/\/pret-a-raconter.com\/wp-content\/uploads\/2024\/02\/5-2048x1170.jpg 2048w, https:\/\/pret-a-raconter.com\/wp-content\/uploads\/2024\/02\/5-1320x754.jpg 1320w\" sizes=\"(max-width: 2560px) 100vw, 2560px\" \/>\n            <\/div>\n        <\/div><div class=\"eael-entry-wrapper\"><header class=\"eael-entry-header\"><h2 class=\"eael-entry-title\"><a\n                        class=\"eael-grid-post-link\"\n                        href=\"https:\/\/pret-a-raconter.com\/es\/plongez-dans-un-monde-d-histoires-courtes\/\"\n                        title=\"Sum\u00e9rgete en un mundo de cuentos\">Sum\u00e9rgete en un mundo de cuentos<\/a><\/h2><\/header><div class=\"eael-entry-content\">\n                        <div class=\"eael-grid-post-excerpt\"><p>Sum\u00e9rgete en un mundo de cuentos Tienes una historia...<\/p><a href=\"https:\/\/pret-a-raconter.com\/es\/plongez-dans-un-monde-d-histoires-courtes\/\" class=\"eael-post-elements-readmore-btn\">Leer m\u00e1s<\/a><\/div>\n                    <\/div><\/div><\/div>\n        <\/div>\n    <\/article><article class=\"eael-grid-post eael-post-grid-column\" data-id=\"4832\">\n        <div class=\"eael-grid-post-holder\">\n            <div class=\"eael-grid-post-holder-inner\"><div class=\"eael-entry-media\"><div class=\"eael-entry-overlay slide-up\"><i class=\"fas fa-long-arrow-alt-right\" aria-hidden=\"true\"><\/i><a href=\"https:\/\/pret-a-raconter.com\/es\/racontez-votre-histoire-decouvrez-les-biographies\/\"><\/a><\/div><div class=\"eael-entry-thumbnail\">\n                <img decoding=\"async\" width=\"2026\" height=\"752\" src=\"https:\/\/pret-a-raconter.com\/wp-content\/uploads\/2024\/01\/demos.png\" class=\"attachment-full size-full wp-image-4833\" alt=\"Biographies\" srcset=\"https:\/\/pret-a-raconter.com\/wp-content\/uploads\/2024\/01\/demos.png 2026w, https:\/\/pret-a-raconter.com\/wp-content\/uploads\/2024\/01\/demos-300x111.png 300w, https:\/\/pret-a-raconter.com\/wp-content\/uploads\/2024\/01\/demos-1024x380.png 1024w, https:\/\/pret-a-raconter.com\/wp-content\/uploads\/2024\/01\/demos-768x285.png 768w, https:\/\/pret-a-raconter.com\/wp-content\/uploads\/2024\/01\/demos-1536x570.png 1536w, https:\/\/pret-a-raconter.com\/wp-content\/uploads\/2024\/01\/demos-1320x490.png 1320w, https:\/\/pret-a-raconter.com\/wp-content\/uploads\/2024\/01\/demos-600x223.png 600w\" sizes=\"(max-width: 2026px) 100vw, 2026px\" \/>\n            <\/div>\n        <\/div><div class=\"eael-entry-wrapper\"><header class=\"eael-entry-header\"><h2 class=\"eael-entry-title\"><a\n                        class=\"eael-grid-post-link\"\n                        href=\"https:\/\/pret-a-raconter.com\/es\/racontez-votre-histoire-decouvrez-les-biographies\/\"\n                        title=\"Cuente su historia: descubra las biograf\u00edas\">Cuente su historia: descubra las biograf\u00edas<\/a><\/h2><\/header><div class=\"eael-entry-content\">\n                        <div class=\"eael-grid-post-excerpt\"><p>Queridos lectores apasionados por las historias y los descubrimientos, \u00bfalguna vez han imaginado...<\/p><a href=\"https:\/\/pret-a-raconter.com\/es\/racontez-votre-histoire-decouvrez-les-biographies\/\" class=\"eael-post-elements-readmore-btn\">Leer m\u00e1s<\/a><\/div>\n                    <\/div><\/div><\/div>\n        <\/div>\n    <\/article><article class=\"eael-grid-post eael-post-grid-column\" data-id=\"3858\">\n        <div class=\"eael-grid-post-holder\">\n            <div class=\"eael-grid-post-holder-inner\"><div class=\"eael-entry-media\"><div class=\"eael-entry-overlay slide-up\"><i class=\"fas fa-long-arrow-alt-right\" aria-hidden=\"true\"><\/i><a href=\"https:\/\/pret-a-raconter.com\/es\/mini-recits-maxi-plaisirs\/\"><\/a><\/div><div class=\"eael-entry-thumbnail\">\n                <img loading=\"lazy\" decoding=\"async\" width=\"1792\" height=\"1024\" src=\"https:\/\/pret-a-raconter.com\/wp-content\/uploads\/2023\/11\/Mini.recits-maxi-plaisir.jpg\" class=\"attachment-full size-full wp-image-3860\" alt=\"Mini R\u00e9cits Maxi Plaisirs\" srcset=\"https:\/\/pret-a-raconter.com\/wp-content\/uploads\/2023\/11\/Mini.recits-maxi-plaisir.jpg 1792w, https:\/\/pret-a-raconter.com\/wp-content\/uploads\/2023\/11\/Mini.recits-maxi-plaisir-300x171.jpg 300w, https:\/\/pret-a-raconter.com\/wp-content\/uploads\/2023\/11\/Mini.recits-maxi-plaisir-1024x585.jpg 1024w, https:\/\/pret-a-raconter.com\/wp-content\/uploads\/2023\/11\/Mini.recits-maxi-plaisir-768x439.jpg 768w, https:\/\/pret-a-raconter.com\/wp-content\/uploads\/2023\/11\/Mini.recits-maxi-plaisir-1536x878.jpg 1536w, https:\/\/pret-a-raconter.com\/wp-content\/uploads\/2023\/11\/Mini.recits-maxi-plaisir-1320x754.jpg 1320w\" sizes=\"(max-width: 1792px) 100vw, 1792px\" \/>\n            <\/div>\n        <\/div><div class=\"eael-entry-wrapper\"><header class=\"eael-entry-header\"><h2 class=\"eael-entry-title\"><a\n                        class=\"eael-grid-post-link\"\n                        href=\"https:\/\/pret-a-raconter.com\/es\/mini-recits-maxi-plaisirs\/\"\n                        title=\"Mini Historias Maxi Placeres\">Mini Historias Maxi Placeres<\/a><\/h2><\/header><div class=\"eael-entry-content\">\n                        <div class=\"eael-grid-post-excerpt\"><p>Mini Cuentos Maxi Placeres Lectura de cuentos presenta...<\/p><a href=\"https:\/\/pret-a-raconter.com\/es\/mini-recits-maxi-plaisirs\/\" class=\"eael-post-elements-readmore-btn\">Leer m\u00e1s<\/a><\/div>\n                    <\/div><\/div><\/div>\n        <\/div>\n    <\/article><\/div>\n            <div class=\"clearfix\"><\/div>\n        <\/div>            <div class=\"eael-load-more-button-wrap eael-force-hide\">\n                <button class=\"eael-load-more-button\" id=\"eael-load-more-btn-1d7150c\" data-widget-id=\"1d7150c\" data-widget=\"1d7150c\" data-page-id=\"162\" data-template=\"{&quot;dir&quot;:&quot;lite&quot;,&quot;file_name&quot;:&quot;default.php&quot;,&quot;name&quot;:&quot;Post-Grid&quot;}\" data-class=\"Essential_Addons_Elementor\\Elements\\Post_Grid\" data-layout=\"grid\" data-page=\"1\" data-args=\"orderby=date&amp;order=desc&amp;ignore_sticky_posts=1&amp;post_status=publish&amp;posts_per_page=4&amp;offset=0&amp;post_type=post\" data-max-page=\"4\">\n                    <span class=\"eael-btn-loader button__loader\"><\/span>\n                    <span class=\"eael_load_more_text\">Carga m\u00e1s<\/span>\n                <\/button>\n            <\/div>\n            \t\t\t\t<\/div>\n\t\t\t\t<\/div>\n\t\t\t\t<div class=\"elementor-element elementor-element-c4fe065 elementor-hidden-desktop elementor-hidden-tablet elementor-hidden-mobile elementor-widget elementor-widget-elementskit-blog-posts\" data-id=\"c4fe065\" data-element_type=\"widget\" data-widget_type=\"elementskit-blog-posts.default\">\n\t\t\t\t<div class=\"elementor-widget-container\">\n\t\t\t\t\t<div class=\"ekit-wid-con\" >        <div id=\"post-items--c4fe065\" class=\"row post-items\">\n                    <div class=\"col-md-12\">\n\n                                    <div class=\"elementskit-blog-block-post\">\n                        <div class=\"row no-gutters\">\n                                                            <div class=\"col-md-6 order-1\">\n                                    <a href=\"https:\/\/pret-a-raconter.com\/es\/les-mini-films-de-30-secondes-arrivent-en-force\/\" class=\"elementskit-entry-thumb\">\n                                        <img decoding=\"async\" src=\"https:\/\/pret-a-raconter.com\/wp-content\/uploads\/2024\/04\/magnific-ygrB5Pr2la9Mvs1iSble-2.png\" alt=\"Les Mini-films de 30 secondes arrivent en force!\">\n                                    <\/a><!-- .elementskit-entry-thumb END -->\n                                <\/div>\n                            \n                            <div class=\"col-md-6 order-2\">\n                                <div class=\"elementskit-post-body\">\n                                    <div class=\"elementskit-entry-header\">\n                                        \n                                            \n                                                                                            \t\t\t\t<h2 class=\"entry-title\">\n\t\t\t\t\t<a href=\"https:\/\/pret-a-raconter.com\/es\/les-mini-films-de-30-secondes-arrivent-en-force\/\">\n\t\t\t\t\t\t\u00a1Las Minipel\u00edculas de 30 segundos llegan con fuerza!\t\t\t\t\t<\/a>\n\t\t\t\t<\/h2>\n\t\t\t                                            \n                                                                                <\/div><!-- .elementskit-entry-header END -->\n\n                                                                            <div class=\"elementskit-post-footer\">\n                                                                                            <p>Mini-Films Maxi Plaisirs Nous sommes ravis d&#8217;annoncer une nouveaut\u00e9 passionnante sur Pr\u00eat-\u00e0-Raconter.com : l&#8217;introduction de notre toute nouvelle cat\u00e9gorie de mini-films de 30 secondes maximum ! Cette initiative offre \u00e0&hellip;<\/p>\n                                                                                                                                        \t\t\t\t\t\t\t\t\t\t\t<div class=\"post-meta-list\">\n\t\t\t\t\t\t\t\t\t\t\t\t\t<\/div>\n\t\t\t\t\t                                                                                    <\/div><!-- .elementskit-post-footer END -->\n                                                                    <\/div><!-- .elementskit-post-body END -->\n                            <\/div>\n                        <\/div>\n                    <\/div><!-- .elementskit-blog-block-post .radius .gradient-bg END -->\n                \n            <\/div>\n                    <div class=\"col-md-12\">\n\n                                    <div class=\"elementskit-blog-block-post\">\n                        <div class=\"row no-gutters\">\n                                                            <div class=\"col-md-6 order-1\">\n                                    <a href=\"https:\/\/pret-a-raconter.com\/es\/plongez-dans-un-monde-d-histoires-courtes\/\" class=\"elementskit-entry-thumb\">\n                                        <img decoding=\"async\" src=\"https:\/\/pret-a-raconter.com\/wp-content\/uploads\/2024\/02\/5-scaled.jpg\" alt=\"Plongez dans un monde d\u2019histoires courtes\">\n                                    <\/a><!-- .elementskit-entry-thumb END -->\n                                <\/div>\n                            \n                            <div class=\"col-md-6 order-2\">\n                                <div class=\"elementskit-post-body\">\n                                    <div class=\"elementskit-entry-header\">\n                                        \n                                            \n                                                                                            \t\t\t\t<h2 class=\"entry-title\">\n\t\t\t\t\t<a href=\"https:\/\/pret-a-raconter.com\/es\/plongez-dans-un-monde-d-histoires-courtes\/\">\n\t\t\t\t\t\tSum\u00e9rgete en un mundo de cuentos\t\t\t\t\t<\/a>\n\t\t\t\t<\/h2>\n\t\t\t                                            \n                                                                                <\/div><!-- .elementskit-entry-header END -->\n\n                                                                            <div class=\"elementskit-post-footer\">\n                                                                                            <p>Plongez dans un monde d\u2019histoires courtes Vous avez une histoire \u00e0 partager ? D\u00e9couvrez le pouvoir de l&#8217;\u00e9criture sur notre plateforme d&#8217;\u00e9dition de r\u00e9cits en ligne ! https:\/\/pret-a-raconter.com est un&hellip;<\/p>\n                                                                                                                                        \t\t\t\t\t\t\t\t\t\t\t<div class=\"post-meta-list\">\n\t\t\t\t\t\t\t\t\t\t\t\t\t<\/div>\n\t\t\t\t\t                                                                                    <\/div><!-- .elementskit-post-footer END -->\n                                                                    <\/div><!-- .elementskit-post-body END -->\n                            <\/div>\n                        <\/div>\n                    <\/div><!-- .elementskit-blog-block-post .radius .gradient-bg END -->\n                \n            <\/div>\n                    <div class=\"col-md-12\">\n\n                                    <div class=\"elementskit-blog-block-post\">\n                        <div class=\"row no-gutters\">\n                                                            <div class=\"col-md-6 order-1\">\n                                    <a href=\"https:\/\/pret-a-raconter.com\/es\/racontez-votre-histoire-decouvrez-les-biographies\/\" class=\"elementskit-entry-thumb\">\n                                        <img decoding=\"async\" src=\"https:\/\/pret-a-raconter.com\/wp-content\/uploads\/2024\/01\/demos.png\" alt=\"Racontez Votre Histoire : D\u00e9couvrez les Biographies\">\n                                    <\/a><!-- .elementskit-entry-thumb END -->\n                                <\/div>\n                            \n                            <div class=\"col-md-6 order-2\">\n                                <div class=\"elementskit-post-body\">\n                                    <div class=\"elementskit-entry-header\">\n                                        \n                                            \n                                                                                            \t\t\t\t<h2 class=\"entry-title\">\n\t\t\t\t\t<a href=\"https:\/\/pret-a-raconter.com\/es\/racontez-votre-histoire-decouvrez-les-biographies\/\">\n\t\t\t\t\t\tCuente su historia: descubra las biograf\u00edas\t\t\t\t\t<\/a>\n\t\t\t\t<\/h2>\n\t\t\t                                            \n                                                                                <\/div><!-- .elementskit-entry-header END -->\n\n                                                                            <div class=\"elementskit-post-footer\">\n                                                                                            <p>Chers lecteurs passionn\u00e9s d&#8217;histoires et de d\u00e9couvertes, avez-vous d\u00e9j\u00e0 imagin\u00e9 comment serait votre biographie si elle \u00e9tait \u00e9crite par un professionnel ? Pret-a-Raconter.com est ravi d&#8217;annoncer le lancement d&#8217;un service&hellip;<\/p>\n                                                                                                                                        \t\t\t\t\t\t\t\t\t\t\t<div class=\"post-meta-list\">\n\t\t\t\t\t\t\t\t\t\t\t\t\t<\/div>\n\t\t\t\t\t                                                                                    <\/div><!-- .elementskit-post-footer END -->\n                                                                    <\/div><!-- .elementskit-post-body END -->\n                            <\/div>\n                        <\/div>\n                    <\/div><!-- .elementskit-blog-block-post .radius .gradient-bg END -->\n                \n            <\/div>\n                <\/div>\n       <\/div>\t\t\t\t<\/div>\n\t\t\t\t<\/div>\n\t\t\t\t\t<\/div>\n\t\t\t\t<\/div>\n\t\t\t\t<\/div>","protected":false},"excerpt":{"rendered":"<p>Blog Les th\u00e8mes et les genres populaires Les th\u00e8mes et les genres populaires Vous avez une histoire&#8230; Read More La r\u00e9vision et l&#8217;inspiration La r\u00e9vision et l&#8217;inspiration: polir son histoire Vous avez une&#8230; Read More Caract\u00e9risation en peu de mots Caract\u00e9risation en peu de mots Vous avez une histoire \u00e0&#8230; Read More La structure d&#8217;une [&hellip;]<\/p>","protected":false},"author":1,"featured_media":0,"parent":0,"menu_order":0,"comment_status":"closed","ping_status":"closed","template":"elementor_header_footer","meta":{"_acf_changed":false,"pmpro_default_level":"","site-sidebar-layout":"no-sidebar","site-content-layout":"page-builder","ast-site-content-layout":"","site-content-style":"default","site-sidebar-style":"default","ast-global-header-display":"","ast-banner-title-visibility":"","ast-main-header-display":"","ast-hfb-above-header-display":"","ast-hfb-below-header-display":"","ast-hfb-mobile-header-display":"","site-post-title":"disabled","ast-breadcrumbs-content":"","ast-featured-img":"disabled","footer-sml-layout":"","theme-transparent-header-meta":"","adv-header-id-meta":"","stick-header-meta":"","header-above-stick-meta":"","header-main-stick-meta":"","header-below-stick-meta":"","astra-migrate-meta-layouts":"default","ast-page-background-enabled":"default","ast-page-background-meta":{"desktop":{"background-color":"var(--ast-global-color-4)","background-image":"","background-repeat":"repeat","background-position":"center center","background-size":"auto","background-attachment":"scroll","background-type":"","background-media":"","overlay-type":"","overlay-color":"","overlay-opacity":"","overlay-gradient":""},"tablet":{"background-color":"","background-image":"","background-repeat":"repeat","background-position":"center center","background-size":"auto","background-attachment":"scroll","background-type":"","background-media":"","overlay-type":"","overlay-color":"","overlay-opacity":"","overlay-gradient":""},"mobile":{"background-color":"","background-image":"","background-repeat":"repeat","background-position":"center center","background-size":"auto","background-attachment":"scroll","background-type":"","background-media":"","overlay-type":"","overlay-color":"","overlay-opacity":"","overlay-gradient":""}},"ast-content-background-meta":{"desktop":{"background-color":"var(--ast-global-color-5)","background-image":"","background-repeat":"repeat","background-position":"center center","background-size":"auto","background-attachment":"scroll","background-type":"","background-media":"","overlay-type":"","overlay-color":"","overlay-opacity":"","overlay-gradient":""},"tablet":{"background-color":"var(--ast-global-color-5)","background-image":"","background-repeat":"repeat","background-position":"center center","background-size":"auto","background-attachment":"scroll","background-type":"","background-media":"","overlay-type":"","overlay-color":"","overlay-opacity":"","overlay-gradient":""},"mobile":{"background-color":"var(--ast-global-color-5)","background-image":"","background-repeat":"repeat","background-position":"center center","background-size":"auto","background-attachment":"scroll","background-type":"","background-media":"","overlay-type":"","overlay-color":"","overlay-opacity":"","overlay-gradient":""}},"footnotes":""},"class_list":["post-162","page","type-page","status-publish","hentry","pmpro-has-access"],"acf":[],"_links":{"self":[{"href":"https:\/\/pret-a-raconter.com\/es\/wp-json\/wp\/v2\/pages\/162","targetHints":{"allow":["GET"]}}],"collection":[{"href":"https:\/\/pret-a-raconter.com\/es\/wp-json\/wp\/v2\/pages"}],"about":[{"href":"https:\/\/pret-a-raconter.com\/es\/wp-json\/wp\/v2\/types\/page"}],"author":[{"embeddable":true,"href":"https:\/\/pret-a-raconter.com\/es\/wp-json\/wp\/v2\/users\/1"}],"replies":[{"embeddable":true,"href":"https:\/\/pret-a-raconter.com\/es\/wp-json\/wp\/v2\/comments?post=162"}],"version-history":[{"count":0,"href":"https:\/\/pret-a-raconter.com\/es\/wp-json\/wp\/v2\/pages\/162\/revisions"}],"wp:attachment":[{"href":"https:\/\/pret-a-raconter.com\/es\/wp-json\/wp\/v2\/media?parent=162"}],"curies":[{"name":"wp","href":"https:\/\/api.w.org\/{rel}","templated":true}]}}