{"id":3105,"date":"2023-09-23T10:41:05","date_gmt":"2023-09-23T10:41:05","guid":{"rendered":"https:\/\/pret-a-raconter.com\/?page_id=3105"},"modified":"2025-04-02T06:44:16","modified_gmt":"2025-04-02T06:44:16","slug":"contact","status":"publish","type":"page","link":"https:\/\/pret-a-raconter.com\/es\/contact\/","title":{"rendered":"Contactar"},"content":{"rendered":"<div data-elementor-type=\"wp-page\" data-elementor-id=\"3105\" class=\"elementor elementor-3105\">\n\t\t\t\t<div class=\"elementor-element elementor-element-3e554c4 e-flex e-con-boxed e-con e-parent\" data-id=\"3e554c4\" data-element_type=\"container\">\n\t\t\t\t\t<div class=\"e-con-inner\">\n\t\t<div class=\"elementor-element elementor-element-17bd7d2 e-flex e-con-boxed e-con e-child\" data-id=\"17bd7d2\" data-element_type=\"container\">\n\t\t\t\t\t<div class=\"e-con-inner\">\n\t\t\t\t<div class=\"elementor-element elementor-element-b0975a0 elementor-widget elementor-widget-heading\" data-id=\"b0975a0\" data-element_type=\"widget\" data-widget_type=\"heading.default\">\n\t\t\t\t<div class=\"elementor-widget-container\">\n\t\t\t\t\t<h2 class=\"elementor-heading-title elementor-size-default\">Cont\u00e1ctenos<\/h2>\t\t\t\t<\/div>\n\t\t\t\t<\/div>\n\t\t\t\t<div class=\"elementor-element elementor-element-6283d6e blue-link elementor-widget elementor-widget-text-editor\" data-id=\"6283d6e\" data-element_type=\"widget\" data-widget_type=\"text-editor.default\">\n\t\t\t\t<div class=\"elementor-widget-container\">\n\t\t\t\t\t\t\t\t\t<div draggable=\"false\" data-pm-slice=\"1 1 []\" data-en-clipboard=\"true\">\u00bfAlguna pregunta? \u00bfUna idea para compartir? \u00bfQuieres escribir tu pr\u00f3xima historia juntos? Nuestro equipo estar\u00e1 encantado de ayudarle.<\/div><div draggable=\"false\">en la casa de <a href=\"https:\/\/pret-a-raconter.com\/es\/\"><i>Listo para contar<\/i><\/a>Cada mensaje es el comienzo de una aventura. Ya sea para una colaboraci\u00f3n, un proyecto personalizado o simplemente una linda palabra, \u00a1estamos aqu\u00ed!<\/div><hr \/><h3 draggable=\"false\">\u00a0Lo que nos gusta recibir:<\/h3><ul><li draggable=\"false\"><div draggable=\"false\">Tus ideas locas o conmovedoras<\/div><\/li><li draggable=\"false\"><div draggable=\"false\">Tus comentarios sobre nuestras historias<\/div><\/li><li draggable=\"false\"><div draggable=\"false\">Tus deseos de creaci\u00f3n personalizada<\/div><\/li><li draggable=\"false\"><div draggable=\"false\">O simplemente un hola\u00a0<\/div><\/li><\/ul><hr \/><div draggable=\"false\"><b>Escr\u00edbenos, te responderemos r\u00e1pidamente.<\/b><a draggable=\"false\" href=\"https:\/\/vite.Et\">Y<\/a> \u00bfQui\u00e9n sabe? Tu mensaje bien podr\u00eda convertirse en\u2026 un <a href=\"https:\/\/video-sur-demande.com\">historia<\/a>.<\/div>\t\t\t\t\t\t\t\t<\/div>\n\t\t\t\t<\/div>\n\t\t\t\t<div class=\"elementor-element elementor-element-7f32dcf elementor-widget elementor-widget-wpforms\" data-id=\"7f32dcf\" data-element_type=\"widget\" data-widget_type=\"wpforms.default\">\n\t\t\t\t<div class=\"elementor-widget-container\">\n\t\t\t\t\t<style id=\"wpforms-css-vars-elementor-widget-7f32dcf\">\n\t\t\t\t.elementor-widget-wpforms.elementor-element-7f32dcf {\n\t\t\t\t--wpforms-button-background-color: #000000;\n--wpforms-button-text-color: #CCC5B9;\n--wpforms-field-size-input-height: 43px;\n--wpforms-field-size-input-spacing: 15px;\n--wpforms-field-size-font-size: 16px;\n--wpforms-field-size-line-height: 19px;\n--wpforms-field-size-padding-h: 14px;\n--wpforms-field-size-checkbox-size: 16px;\n--wpforms-field-size-sublabel-spacing: 5px;\n--wpforms-field-size-icon-size: 1;\n--wpforms-label-size-font-size: 16px;\n--wpforms-label-size-line-height: 19px;\n--wpforms-label-size-sublabel-font-size: 14px;\n--wpforms-label-size-sublabel-line-height: 17px;\n--wpforms-button-size-font-size: 20px;\n--wpforms-button-size-height: 48px;\n--wpforms-button-size-padding-h: 20px;\n--wpforms-button-size-margin-top: 15px;\n\n\t\t\t}\n\t\t\t<\/style><div class=\"wpforms-container wpforms-container-full wpforms-render-modern\" id=\"wpforms-3081\"><form id=\"wpforms-form-3081\" class=\"wpforms-validate wpforms-form wpforms-ajax-form\" data-formid=\"3081\" method=\"post\" enctype=\"multipart\/form-data\" action=\"\/es\/wp-json\/wp\/v2\/pages\/3105\" data-token=\"7d575fff89a8439fe435854d6a6850f4\" data-token-time=\"1777476638\" data-trp-original-action=\"\/es\/wp-json\/wp\/v2\/pages\/3105\"><noscript class=\"wpforms-error-noscript\">Por favor, activa JavaScript en tu navegador para completar este formulario.<\/noscript><div class=\"wpforms-hidden\" id=\"wpforms-error-noscript\">Por favor, activa JavaScript en tu navegador para completar este formulario.<\/div><div class=\"wpforms-field-container\"><div id=\"wpforms-3081-field_0-container\" class=\"wpforms-field wpforms-field-name\" data-field-id=\"0\"><label class=\"wpforms-field-label\" for=\"wpforms-3081-field_0\">Apellido y Nombre <span class=\"wpforms-required-label\" aria-hidden=\"true\">*<\/span><\/label><input type=\"text\" id=\"wpforms-3081-field_0\" class=\"wpforms-field-large wpforms-field-required\" name=\"wpforms[fields][0]\" aria-errormessage=\"wpforms-3081-field_0-error\" required><\/div><div id=\"wpforms-3081-field_1-container\" class=\"wpforms-field wpforms-field-email\" data-field-id=\"1\"><label class=\"wpforms-field-label\" for=\"wpforms-3081-field_1\">Correo electr\u00f3nico <span class=\"wpforms-required-label\" aria-hidden=\"true\">*<\/span><\/label><input type=\"email\" id=\"wpforms-3081-field_1\" class=\"wpforms-field-large wpforms-field-required\" name=\"wpforms[fields][1]\" spellcheck=\"false\" aria-errormessage=\"wpforms-3081-field_1-error\" required><\/div><div id=\"wpforms-3081-field_2-container\" class=\"wpforms-field wpforms-field-textarea\" data-field-id=\"2\"><label class=\"wpforms-field-label\" for=\"wpforms-3081-field_2\">Comentario o mensaje<\/label><textarea id=\"wpforms-3081-field_2\" class=\"wpforms-field-medium\" name=\"wpforms[fields][2]\" aria-errormessage=\"wpforms-3081-field_2-error\" ><\/textarea><\/div><\/div><!-- .wpforms-field-container --><div class=\"wpforms-submit-container\" ><input type=\"hidden\" name=\"wpforms[id]\" value=\"3081\"><input type=\"hidden\" name=\"page_title\" value=\"\"><input type=\"hidden\" name=\"page_url\" value=\"https:\/\/pret-a-raconter.com\/es\/wp-json\/wp\/v2\/pages\/3105\"><input type=\"hidden\" name=\"url_referer\" value=\"\"><button type=\"submit\" name=\"wpforms[submit]\" id=\"wpforms-submit-3081\" class=\"wpforms-submit\" data-alt-text=\"Envoi en cours...\" data-submit-text=\"Soumettre\" aria-live=\"assertive\" value=\"wpforms-submit\">Entregar<\/button><img decoding=\"async\" src=\"https:\/\/pret-a-raconter.com\/wp-content\/plugins\/wpforms-lite\/assets\/images\/submit-spin.svg\" class=\"wpforms-submit-spinner\" style=\"display: none;\" width=\"26\" height=\"26\" alt=\"Cargando\"><\/div><input type=\"hidden\" name=\"trp-form-language\" value=\"es\"\/><\/form><\/div>  <!-- .wpforms-container -->\t\t\t\t<\/div>\n\t\t\t\t<\/div>\n\t\t\t\t\t<\/div>\n\t\t\t\t<\/div>\n\t\t\t\t\t<\/div>\n\t\t\t\t<\/div>\n\t\t\t\t<\/div>","protected":false},"excerpt":{"rendered":"<p>Contactez-nous Une question ? Une id\u00e9e \u00e0 partager ? Envie qu\u2019on \u00e9crive ensemble votre prochaine histoire ?Notre \u00e9quipe vous r\u00e9pond avec plaisir.Chez Pr\u00eat \u00e0 Raconter, chaque message est le d\u00e9but d\u2019une aventure.Que ce soit pour une collaboration, un projet sur mesure ou juste un mot sympa, on est l\u00e0 ! \u00a0Ce qu\u2019on aime recevoir : [&hellip;]<\/p>","protected":false},"author":1,"featured_media":0,"parent":0,"menu_order":0,"comment_status":"closed","ping_status":"closed","template":"","meta":{"_acf_changed":false,"pmpro_default_level":"","site-sidebar-layout":"no-sidebar","site-content-layout":"page-builder","ast-site-content-layout":"","site-content-style":"default","site-sidebar-style":"default","ast-global-header-display":"","ast-banner-title-visibility":"","ast-main-header-display":"","ast-hfb-above-header-display":"","ast-hfb-below-header-display":"","ast-hfb-mobile-header-display":"","site-post-title":"disabled","ast-breadcrumbs-content":"","ast-featured-img":"disabled","footer-sml-layout":"","theme-transparent-header-meta":"","adv-header-id-meta":"","stick-header-meta":"","header-above-stick-meta":"","header-main-stick-meta":"","header-below-stick-meta":"","astra-migrate-meta-layouts":"default","ast-page-background-enabled":"default","ast-page-background-meta":{"desktop":{"background-color":"var(--ast-global-color-4)","background-image":"","background-repeat":"repeat","background-position":"center center","background-size":"auto","background-attachment":"scroll","background-type":"","background-media":"","overlay-type":"","overlay-color":"","overlay-opacity":"","overlay-gradient":""},"tablet":{"background-color":"","background-image":"","background-repeat":"repeat","background-position":"center center","background-size":"auto","background-attachment":"scroll","background-type":"","background-media":"","overlay-type":"","overlay-color":"","overlay-opacity":"","overlay-gradient":""},"mobile":{"background-color":"","background-image":"","background-repeat":"repeat","background-position":"center center","background-size":"auto","background-attachment":"scroll","background-type":"","background-media":"","overlay-type":"","overlay-color":"","overlay-opacity":"","overlay-gradient":""}},"ast-content-background-meta":{"desktop":{"background-color":"var(--ast-global-color-5)","background-image":"","background-repeat":"repeat","background-position":"center center","background-size":"auto","background-attachment":"scroll","background-type":"","background-media":"","overlay-type":"","overlay-color":"","overlay-opacity":"","overlay-gradient":""},"tablet":{"background-color":"var(--ast-global-color-5)","background-image":"","background-repeat":"repeat","background-position":"center center","background-size":"auto","background-attachment":"scroll","background-type":"","background-media":"","overlay-type":"","overlay-color":"","overlay-opacity":"","overlay-gradient":""},"mobile":{"background-color":"var(--ast-global-color-5)","background-image":"","background-repeat":"repeat","background-position":"center center","background-size":"auto","background-attachment":"scroll","background-type":"","background-media":"","overlay-type":"","overlay-color":"","overlay-opacity":"","overlay-gradient":""}},"footnotes":""},"class_list":["post-3105","page","type-page","status-publish","hentry","pmpro-has-access"],"acf":[],"_links":{"self":[{"href":"https:\/\/pret-a-raconter.com\/es\/wp-json\/wp\/v2\/pages\/3105","targetHints":{"allow":["GET"]}}],"collection":[{"href":"https:\/\/pret-a-raconter.com\/es\/wp-json\/wp\/v2\/pages"}],"about":[{"href":"https:\/\/pret-a-raconter.com\/es\/wp-json\/wp\/v2\/types\/page"}],"author":[{"embeddable":true,"href":"https:\/\/pret-a-raconter.com\/es\/wp-json\/wp\/v2\/users\/1"}],"replies":[{"embeddable":true,"href":"https:\/\/pret-a-raconter.com\/es\/wp-json\/wp\/v2\/comments?post=3105"}],"version-history":[{"count":0,"href":"https:\/\/pret-a-raconter.com\/es\/wp-json\/wp\/v2\/pages\/3105\/revisions"}],"wp:attachment":[{"href":"https:\/\/pret-a-raconter.com\/es\/wp-json\/wp\/v2\/media?parent=3105"}],"curies":[{"name":"wp","href":"https:\/\/api.w.org\/{rel}","templated":true}]}}