{"id":799,"date":"2023-08-24T10:41:02","date_gmt":"2023-08-24T10:41:02","guid":{"rendered":"https:\/\/pret-a-raconter.com\/centre-de-confidentialite\/contact\/"},"modified":"2024-01-08T09:04:19","modified_gmt":"2024-01-08T09:04:19","slug":"contact","status":"publish","type":"page","link":"https:\/\/pret-a-raconter.com\/es\/centre-de-confidentialite\/contact\/","title":{"rendered":"Contactar"},"content":{"rendered":"<div data-elementor-type=\"wp-page\" data-elementor-id=\"799\" class=\"elementor elementor-799\">\n\t\t\t\t<div class=\"elementor-element elementor-element-94e92af e-flex e-con-boxed e-con e-parent\" data-id=\"94e92af\" data-element_type=\"container\">\n\t\t\t\t\t<div class=\"e-con-inner\">\n\t\t\t\t<div class=\"elementor-element elementor-element-088fd09 elementor-widget elementor-widget-heading\" data-id=\"088fd09\" data-element_type=\"widget\" data-widget_type=\"heading.default\">\n\t\t\t\t<div class=\"elementor-widget-container\">\n\t\t\t\t\t<h2 class=\"elementor-heading-title elementor-size-default\">Contactar<\/h2>\t\t\t\t<\/div>\n\t\t\t\t<\/div>\n\t\t\t\t<div class=\"elementor-element elementor-element-566ff88 elementor-widget elementor-widget-text-editor\" data-id=\"566ff88\" data-element_type=\"widget\" data-widget_type=\"text-editor.default\">\n\t\t\t\t<div class=\"elementor-widget-container\">\n\t\t\t\t\t\t\t\t\t<h2>Ley de Derechos de Autor del Milenio Digital (\u201cDMCA\u201d)<\/h2><br>\n<p>[MACL] respeta los derechos de propiedad intelectual de otros. Seg\u00fan la DMCA, [MACL] responder\u00e1 r\u00e1pidamente a los reclamos de infracci\u00f3n de derechos de autor en el Sitio si el Agente de derechos de autor de [MACL] se describe a continuaci\u00f3n. Al recibir una notificaci\u00f3n que alega una infracci\u00f3n de derechos de autor, [MACL] tomar\u00e1 las medidas que considere apropiadas a su entera discreci\u00f3n, incluida la eliminaci\u00f3n del material supuestamente infractor y la cancelaci\u00f3n del acceso por violaciones al contenido repetido protegido por derechos de autor.<\/p>\n<p>Si cree que sus derechos de propiedad intelectual han sido violados por [MACL] o por un tercero que subi\u00f3 materiales a nuestro sitio web, proporcione la siguiente informaci\u00f3n al agente de derechos de autor designado a continuaci\u00f3n:<\/p>\n\n<p>Una descripci\u00f3n del trabajo protegido por derechos de autor u otra propiedad intelectual que usted afirma que ha sido infringida;<\/p>\n\n<p>Una descripci\u00f3n de d\u00f3nde se encuentra en el Sitio el material que usted afirma infringe;<\/p>\n\n<p>Una direcci\u00f3n, n\u00famero de tel\u00e9fono y direcci\u00f3n de correo electr\u00f3nico donde podamos comunicarnos con usted y, si es diferente, una direcci\u00f3n de correo electr\u00f3nico donde la supuesta parte infractora, de lo contrario [MACL], pueda comunicarse con usted;<\/p>\n\n<p>Una declaraci\u00f3n de que cree de buena fe que el uso no est\u00e1 autorizado por el propietario de los derechos de autor u otro propietario de derechos de propiedad intelectual, su agente o la ley;<\/p>\n\n<p>Una declaraci\u00f3n suya, bajo pena de perjurio, de que la informaci\u00f3n contenida en su rese\u00f1a es precisa y de que usted es el propietario de los derechos de autor o de la propiedad intelectual o est\u00e1 autorizado a actuar en nombre del propietario;<\/p>\n\n<p>Su firma electr\u00f3nica o f\u00edsica.<\/p>\n\n<p>[MACL] puede solicitar informaci\u00f3n adicional antes de eliminar cualquier material supuestamente infractor. En caso de que [MACL] elimine el material supuestamente infractor, [MACL] notificar\u00e1 inmediatamente a la persona responsable de publicar dichos materiales que [MACL] ha eliminado o deshabilitado el acceso a los materiales. [MACL] tambi\u00e9n puede proporcionar a la persona responsable su direcci\u00f3n de correo electr\u00f3nico para que pueda responder a sus acusaciones.<\/p>\n\n<p>De conformidad con 17 USC 512 (c). [MACL]<br>\nEl agente de derechos de autor designado es:<\/p>\n\n[Manuela Lo Conte]<br>\n[+41 79 668 87 88]<br>\n[manuela@macl.ch]\t\t\t\t\t\t\t\t<\/div>\n\t\t\t\t<\/div>\n\t\t\t\t\t<\/div>\n\t\t\t\t<\/div>\n\t\t\t\t<\/div>","protected":false},"excerpt":{"rendered":"<p>La Ley de Derechos de Autor del Milenio Digital (\u201cDMCA\u201d) [MACL] respeta los derechos de propiedad intelectual de otros. Seg\u00fan la DMCA, [MACL] responder\u00e1 r\u00e1pidamente a los reclamos de infracci\u00f3n de derechos de autor en el Sitio si el Agente de derechos de autor de [MACL] se describe a continuaci\u00f3n. Al recibir una notificaci\u00f3n que alega infracci\u00f3n de derechos de autor, [MACL] tomar\u00e1 todas las medidas necesarias [\u2026]<\/p>","protected":false},"author":1,"featured_media":0,"parent":796,"menu_order":0,"comment_status":"closed","ping_status":"closed","template":"elementor_header_footer","meta":{"_acf_changed":false,"pmpro_default_level":"","site-sidebar-layout":"default","site-content-layout":"","ast-site-content-layout":"","site-content-style":"default","site-sidebar-style":"default","ast-global-header-display":"","ast-banner-title-visibility":"","ast-main-header-display":"","ast-hfb-above-header-display":"","ast-hfb-below-header-display":"","ast-hfb-mobile-header-display":"","site-post-title":"","ast-breadcrumbs-content":"","ast-featured-img":"","footer-sml-layout":"","theme-transparent-header-meta":"","adv-header-id-meta":"","stick-header-meta":"","header-above-stick-meta":"","header-main-stick-meta":"","header-below-stick-meta":"","astra-migrate-meta-layouts":"default","ast-page-background-enabled":"default","ast-page-background-meta":{"desktop":{"background-color":"var(--ast-global-color-4)","background-image":"","background-repeat":"repeat","background-position":"center center","background-size":"auto","background-attachment":"scroll","background-type":"","background-media":"","overlay-type":"","overlay-color":"","overlay-opacity":"","overlay-gradient":""},"tablet":{"background-color":"","background-image":"","background-repeat":"repeat","background-position":"center center","background-size":"auto","background-attachment":"scroll","background-type":"","background-media":"","overlay-type":"","overlay-color":"","overlay-opacity":"","overlay-gradient":""},"mobile":{"background-color":"","background-image":"","background-repeat":"repeat","background-position":"center center","background-size":"auto","background-attachment":"scroll","background-type":"","background-media":"","overlay-type":"","overlay-color":"","overlay-opacity":"","overlay-gradient":""}},"ast-content-background-meta":{"desktop":{"background-color":"var(--ast-global-color-5)","background-image":"","background-repeat":"repeat","background-position":"center center","background-size":"auto","background-attachment":"scroll","background-type":"","background-media":"","overlay-type":"","overlay-color":"","overlay-opacity":"","overlay-gradient":""},"tablet":{"background-color":"var(--ast-global-color-5)","background-image":"","background-repeat":"repeat","background-position":"center center","background-size":"auto","background-attachment":"scroll","background-type":"","background-media":"","overlay-type":"","overlay-color":"","overlay-opacity":"","overlay-gradient":""},"mobile":{"background-color":"var(--ast-global-color-5)","background-image":"","background-repeat":"repeat","background-position":"center center","background-size":"auto","background-attachment":"scroll","background-type":"","background-media":"","overlay-type":"","overlay-color":"","overlay-opacity":"","overlay-gradient":""}},"footnotes":""},"class_list":["post-799","page","type-page","status-publish","hentry","pmpro-has-access"],"acf":[],"_links":{"self":[{"href":"https:\/\/pret-a-raconter.com\/es\/wp-json\/wp\/v2\/pages\/799","targetHints":{"allow":["GET"]}}],"collection":[{"href":"https:\/\/pret-a-raconter.com\/es\/wp-json\/wp\/v2\/pages"}],"about":[{"href":"https:\/\/pret-a-raconter.com\/es\/wp-json\/wp\/v2\/types\/page"}],"author":[{"embeddable":true,"href":"https:\/\/pret-a-raconter.com\/es\/wp-json\/wp\/v2\/users\/1"}],"replies":[{"embeddable":true,"href":"https:\/\/pret-a-raconter.com\/es\/wp-json\/wp\/v2\/comments?post=799"}],"version-history":[{"count":0,"href":"https:\/\/pret-a-raconter.com\/es\/wp-json\/wp\/v2\/pages\/799\/revisions"}],"up":[{"embeddable":true,"href":"https:\/\/pret-a-raconter.com\/es\/wp-json\/wp\/v2\/pages\/796"}],"wp:attachment":[{"href":"https:\/\/pret-a-raconter.com\/es\/wp-json\/wp\/v2\/media?parent=799"}],"curies":[{"name":"wp","href":"https:\/\/api.w.org\/{rel}","templated":true}]}}