{"id":801,"date":"2023-08-24T10:41:02","date_gmt":"2023-08-24T10:41:02","guid":{"rendered":"https:\/\/pret-a-raconter.com\/centre-de-confidentialite\/exclusion\/"},"modified":"2023-08-25T10:26:36","modified_gmt":"2023-08-25T10:26:36","slug":"exclusion","status":"publish","type":"page","link":"https:\/\/pret-a-raconter.com\/es\/centre-de-confidentialite\/exclusion\/","title":{"rendered":"Exclusi\u00f3n"},"content":{"rendered":"<div data-elementor-type=\"wp-page\" data-elementor-id=\"801\" class=\"elementor elementor-801\">\n\t\t\t\t<div class=\"elementor-element elementor-element-680f808 e-flex e-con-boxed e-con e-parent\" data-id=\"680f808\" data-element_type=\"container\">\n\t\t\t\t\t<div class=\"e-con-inner\">\n\t\t\t\t<div class=\"elementor-element elementor-element-7638f88 elementor-widget elementor-widget-heading\" data-id=\"7638f88\" data-element_type=\"widget\" data-widget_type=\"heading.default\">\n\t\t\t\t<div class=\"elementor-widget-container\">\n\t\t\t\t\t<h2 class=\"elementor-heading-title elementor-size-default\">Exclusi\u00f3n<\/h2>\t\t\t\t<\/div>\n\t\t\t\t<\/div>\n\t\t\t\t<div class=\"elementor-element elementor-element-1eb3abd elementor-widget elementor-widget-text-editor\" data-id=\"1eb3abd\" data-element_type=\"widget\" data-widget_type=\"text-editor.default\">\n\t\t\t\t<div class=\"elementor-widget-container\">\n\t\t\t\t\t\t\t\t\t<div id=\"vc_row-63c69c078715a\" class=\"vc_row wpb_row vc_row-fluid thegem-custom-63c69c07870eb1645\"><div class=\"wpb_column vc_column_container vc_col-sm-12 thegem-custom-63c69c078cc333462\"><div class=\"vc_column-inner thegem-custom-inner-63c69c078cc36\"><div class=\"wpb_wrapper thegem-custom-63c69c078cc333462\"><div class=\"thegem-te-heading thegem-custom-63c69c078cf337166\"><h4 id=\"thegem-heading-63c69c078cedf\" class=\"thegem-heading\">DESCARGO DE RESPONSABILIDAD<br \/><br \/><\/h4><\/div><\/div><\/div><\/div><\/div><div id=\"vc_row-63c69c078d12a\" class=\"vc_row wpb_row vc_row-fluid thegem-custom-63c69c078d11a6512\"><div class=\"wpb_column vc_column_container vc_col-sm-12 thegem-custom-63c69c078d33e7623\"><div class=\"vc_column-inner thegem-custom-inner-63c69c078d340\"><div class=\"wpb_wrapper thegem-custom-63c69c078d33e7623\"><div class=\"thegem-te-heading thegem-custom-63c69c078d55c4177\"><h5 id=\"thegem-heading-63c69c078d534\" class=\"thegem-heading\">(1. Introducci\u00f3n<br \/><br \/><\/h5><\/div><div class=\"wpb_text_column wpb_content_element thegem-vc-text thegem-custom-63c69c078d6688762\"><div class=\"wpb_wrapper\"><p>Este descargo de responsabilidad rige el uso que usted haga de nuestro sitio web; Al utilizar nuestro sitio web, usted acepta este descargo de responsabilidad en su totalidad.2<\/p><p>Si no est\u00e1 de acuerdo con alguna parte de este descargo de responsabilidad, no debe utilizar nuestro sitio web. [Nuestro sitio web utiliza cookies. Al utilizar nuestro sitio web y aceptar los t\u00e9rminos de este<\/p><p>Descargo de responsabilidad, usted acepta nuestro uso de cookies de acuerdo con los t\u00e9rminos de nuestra [pol\u00edtica de privacidad\/pol\u00edtica de cookies].]3<\/p><\/div><\/div><\/div><\/div><\/div><\/div><div id=\"vc_row-63c69c078d8db\" class=\"vc_row wpb_row vc_row-fluid thegem-custom-63c69c078d8ce8249\"><div class=\"wpb_column vc_column_container vc_col-sm-12 thegem-custom-63c69c078da505818\"><div class=\"vc_column-inner thegem-custom-inner-63c69c078da52\"><div class=\"wpb_wrapper thegem-custom-63c69c078da505818\"><div class=\"thegem-te-heading thegem-custom-63c69c078dbfc4470\"><h5 id=\"thegem-heading-63c69c078dbd2\" class=\"thegem-heading\">(2) cr\u00e9dito<br \/><br \/><\/h5><\/div><div class=\"wpb_text_column wpb_content_element thegem-vc-text thegem-custom-63c69c078dca98318\"><div class=\"wpb_wrapper\"><p>El modelo legal en el que se basa el sitio web de aviso legal est\u00e1 disponible en el sitio.\u00a0<a href=\"https:\/\/magely.com\/\" target=\"_blank\" rel=\"noopener\">https:\/\/magely.com<\/a>\u00a0bajo t\u00e9rminos y condiciones<\/p><\/div><\/div><\/div><\/div><\/div><\/div><div id=\"vc_row-63c69c078de6b\" class=\"vc_row wpb_row vc_row-fluid thegem-custom-63c69c078de5f4596\"><div class=\"wpb_column vc_column_container vc_col-sm-12 thegem-custom-63c69c078dfe94067\"><div class=\"vc_column-inner thegem-custom-inner-63c69c078dfea\"><div class=\"wpb_wrapper thegem-custom-63c69c078dfe94067\"><div class=\"thegem-te-heading thegem-custom-63c69c078e17e5024\"><h5 id=\"thegem-heading-63c69c078e158\" class=\"thegem-heading\">(3) Derechos de propiedad intelectual<br \/><br \/><\/h5><\/div><div class=\"wpb_text_column wpb_content_element thegem-vc-text thegem-custom-63c69c078e2236664\"><div class=\"wpb_wrapper\"><p>A menos que se indique lo contrario, nosotros o nuestros licenciantes poseemos los derechos de propiedad intelectual del sitio web y el material del sitio web. Sujeto a la licencia a continuaci\u00f3n, todos esos intelectuales.<\/p><p>Los derechos de propiedad est\u00e1n reservados.<\/p><\/div><\/div><\/div><\/div><\/div><\/div><div id=\"vc_row-63c69c078e3d4\" class=\"vc_row wpb_row vc_row-fluid thegem-custom-63c69c078e3c86673\"><div class=\"wpb_column vc_column_container vc_col-sm-12 thegem-custom-63c69c078e5525170\"><div class=\"vc_column-inner thegem-custom-inner-63c69c078e553\"><div class=\"wpb_wrapper thegem-custom-63c69c078e5525170\"><div class=\"thegem-te-heading thegem-custom-63c69c078e6fe5931\"><h5 id=\"thegem-heading-63c69c078e6d8\" class=\"thegem-heading\">(4) Licencia para utilizar el sitio web<br \/><br \/><\/h5><\/div><div class=\"wpb_text_column wpb_content_element thegem-vc-text thegem-custom-63c69c078e7a77538\"><div class=\"wpb_wrapper\"><p>Puede ver, descargar con fines de almacenamiento en cach\u00e9 \u00fanicamente e imprimir p\u00e1ginas [u [otro contenido]] del sitio web para su uso personal, sujeto a las siguientes restricciones.<\/p><p>Usted no debe:<br \/>a) volver a publicar material de este sitio web (incluida la republicaci\u00f3n en otro sitio web);<br \/>Descargo de responsabilidad<br \/>(b) vender, alquilar o sublicenciar de otro modo material del sitio web;<br \/>(c) mostrar cualquier material del sitio web en p\u00fablico;<br \/>[(d) Reproducir, duplicar, copiar o explotar de otro modo el material de nuestro sitio web para cualquier fin comercial;]<br \/>[(e) modificar o modificar de otro modo cualquier material del sitio web; o entonces]<br \/>[(f) Redistribuir material de este sitio web [excepto el contenido que espec\u00edfica y expresamente est\u00e9 disponible para su redistribuci\u00f3n [(como nuestro bolet\u00edn informativo)].] [Cuando el contenido est\u00e9 espec\u00edficamente disponible para su redistribuci\u00f3n, no podr\u00e1 redistribuirse \u00fanicamente [en su empresa] ].]<\/p><\/div><\/div><\/div><\/div><\/div><\/div><div id=\"vc_row-63c69c078e9d7\" class=\"vc_row wpb_row vc_row-fluid thegem-custom-63c69c078e9cb1376\"><div class=\"wpb_column vc_column_container vc_col-sm-12 thegem-custom-63c69c078eb605940\"><div class=\"vc_column-inner thegem-custom-inner-63c69c078eb62\"><div class=\"wpb_wrapper thegem-custom-63c69c078eb605940\"><div class=\"thegem-te-heading thegem-custom-63c69c078ed092844\"><h5 id=\"thegem-heading-63c69c078ece3\" class=\"thegem-heading\">(5) Limitaci\u00f3n y exclusi\u00f3n de garant\u00edas y responsabilidad<br \/><br \/><\/h5><\/div><div class=\"wpb_text_column wpb_content_element thegem-vc-text thegem-custom-63c69c078edb13833\"><div class=\"wpb_wrapper\"><p>Si bien nos esforzamos por garantizar que la informaci\u00f3n de este sitio web sea correcta, no garantizamos su integridad o exactitud; ni nos comprometemos a garantizar que el sitio web permanezca disponible o que el material del sitio web se mantenga actualizado. En la medida m\u00e1xima permitida por la ley aplicable, excluimos todas las representaciones, garant\u00edas y condiciones relacionadas con este sitio web y el uso de este sitio web (incluidas, entre otras, cualquier garant\u00eda impl\u00edcita por ley de calidad satisfactoria, idoneidad para el prop\u00f3sito y\/o el uso). de cuidado y habilidad razonables).<\/p><p>Nada en esta advertencia:<br \/>(a) limitar o excluir nuestra responsabilidad o la suya por muerte o lesiones resultantes de negligencia;<br \/>(b) limitar o excluir nuestra responsabilidad o la suya por fraude o tergiversaci\u00f3n fraudulenta;<br \/>(c) limitar cualquiera de nuestras responsabilidades o las suyas de cualquier forma que no est\u00e9 permitida por la ley aplicable; O<br \/>(d) excluir cualquiera de nuestras responsabilidades que no puedan excluirse seg\u00fan la ley aplicable.<br \/>Las limitaciones y exclusiones de responsabilidad establecidas en esta secci\u00f3n y en otras partes de este<\/p><p>Advertencia:<br \/>(a) est\u00e1n sujetos al p\u00e1rrafo anterior; Y<br \/>(b) regir todas las responsabilidades que surjan en virtud de la exenci\u00f3n de responsabilidad o en relaci\u00f3n con el objeto de esta exenci\u00f3n de responsabilidad, incluidas las responsabilidades que surjan en el contrato, en agravio (incluida la negligencia) y por incumplimiento del deber legal. [En la medida en que el sitio web y la informaci\u00f3n y los servicios del sitio web se proporcionen de forma gratuita, no seremos responsables de ninguna p\u00e9rdida o da\u00f1o de ning\u00fan tipo.]<br \/>[No seremos responsables ante usted con respecto a cualquier p\u00e9rdida que surja de cualquier evento o evento fuera de nuestro control razonable.]<br \/>[No seremos responsables ante usted con respecto a p\u00e9rdidas comerciales, incluyendo (sin limitaci\u00f3n) p\u00e9rdida o da\u00f1o de ganancias, ingresos, uso, producci\u00f3n, ahorros anticipados, negocios, contratos, oportunidades comerciales o buena voluntad.]<br \/>[No seremos responsables ante usted con respecto a cualquier p\u00e9rdida o corrupci\u00f3n de datos, bases de datos o software.]<br \/>[No seremos responsables ante usted con respecto a ninguna p\u00e9rdida o da\u00f1o especial, indirecto o consecuente.]<\/p><\/div><\/div><\/div><\/div><\/div><\/div><div id=\"vc_row-63c69c078f010\" class=\"vc_row wpb_row vc_row-fluid thegem-custom-63c69c078f0052875\"><div class=\"wpb_column vc_column_container vc_col-sm-12 thegem-custom-63c69c078f1791057\"><div class=\"vc_column-inner thegem-custom-inner-63c69c078f17b\"><div class=\"wpb_wrapper thegem-custom-63c69c078f1791057\"><div class=\"thegem-te-heading thegem-custom-63c69c078f3121730\"><h5 id=\"thegem-heading-63c69c078f2ee\" class=\"thegem-heading\">(6) Variaci\u00f3n<br \/><br \/><\/h5><\/div><div class=\"wpb_text_column wpb_content_element thegem-vc-text thegem-custom-63c69c078f3b9981\"><div class=\"wpb_wrapper\"><p>Podemos revisar este descargo de responsabilidad de vez en cuando. La exenci\u00f3n de responsabilidad revisada se aplicar\u00e1 al uso de nuestro sitio web a partir de la fecha de publicaci\u00f3n de la exenci\u00f3n de responsabilidad revisada en nuestro sitio web. Por favor revise esta p\u00e1gina peri\u00f3dicamente para asegurarse de que est\u00e1 familiarizado con la versi\u00f3n actual.<\/p><\/div><\/div><\/div><\/div><\/div><\/div><div id=\"vc_row-63c69c078f55e\" class=\"vc_row wpb_row vc_row-fluid thegem-custom-63c69c078f5521490\"><div class=\"wpb_column vc_column_container vc_col-sm-12 thegem-custom-63c69c078f6d43037\"><div class=\"vc_column-inner thegem-custom-inner-63c69c078f6d5\"><div class=\"wpb_wrapper thegem-custom-63c69c078f6d43037\"><div class=\"thegem-te-heading thegem-custom-63c69c078f8667411\"><h5 id=\"thegem-heading-63c69c078f842\" class=\"thegem-heading\">(7) Acuerdo completo<br \/><br \/><\/h5><\/div><div class=\"wpb_text_column wpb_content_element thegem-vc-text thegem-custom-63c69c078f9091526\"><div class=\"wpb_wrapper\"><p>Este descargo de responsabilidad [, junto con nuestra pol\u00edtica de privacidad,] constituye el acuerdo completo entre usted y nosotros en relaci\u00f3n con su uso de nuestro sitio web y reemplaza todos los acuerdos anteriores con respecto a su uso de este sitio web.<\/p><\/div><\/div><\/div><\/div><\/div><\/div><div id=\"vc_row-63c69c078fb0d\" class=\"vc_row wpb_row vc_row-fluid thegem-custom-63c69c078fb029740\"><div class=\"wpb_column vc_column_container vc_col-sm-12 thegem-custom-63c69c078fc731613\"><div class=\"vc_column-inner thegem-custom-inner-63c69c078fc74\"><div class=\"wpb_wrapper thegem-custom-63c69c078fc731613\"><div class=\"thegem-te-heading thegem-custom-63c69c078fe104375\"><h5 id=\"thegem-heading-63c69c078fdea\" class=\"thegem-heading\">(8) Ley y jurisdicci\u00f3n<br \/><br \/><\/h5><\/div><div class=\"wpb_text_column wpb_content_element thegem-vc-text thegem-custom-63c69c078feb741\"><div class=\"wpb_wrapper\"><p>Este descargo de responsabilidad se regir\u00e1 e interpretar\u00e1 de acuerdo con la ley suiza, y cualquier disputa relacionada con este descargo de responsabilidad estar\u00e1 sujeta a la jurisdicci\u00f3n [no] exclusiva de los tribunales de Suiza en Ginebra.<\/p><\/div><\/div><\/div><\/div><\/div><\/div><div id=\"vc_row-63c69c07900a3\" class=\"vc_row wpb_row vc_row-fluid thegem-custom-63c69c07900986458\"><div class=\"wpb_column vc_column_container vc_col-sm-12 thegem-custom-63c69c079021c374\"><div class=\"vc_column-inner thegem-custom-inner-63c69c079021e\"><div class=\"wpb_wrapper thegem-custom-63c69c079021c374\"><div class=\"thegem-te-heading thegem-custom-63c69c07903b06848\"><h5 id=\"thegem-heading-63c69c079038a\" class=\"thegem-heading\">(9) Nuestros detalles El nombre completo de nuestra empresa es [Magely].<br \/><br \/><\/h5><\/div><div class=\"wpb_text_column wpb_content_element thegem-vc-text thegem-custom-63c69c07904545489\"><div class=\"wpb_wrapper\"><p>Nuestra direcci\u00f3n [registrada] es [Friburgo].<br \/>Puede contactarnos por correo electr\u00f3nico a [info@magely.com].<\/p><\/div><\/div><\/div><\/div><\/div><\/div>\t\t\t\t\t\t\t\t<\/div>\n\t\t\t\t<\/div>\n\t\t\t\t\t<\/div>\n\t\t\t\t<\/div>\n\t\t\t\t<\/div>","protected":false},"excerpt":{"rendered":"<p>Exclusi\u00f3n DESCARGO DE RESPONSABILIDAD (1) Introducci\u00f3n Este descargo de responsabilidad rige el uso que usted haga de nuestro sitio web; Al utilizar nuestro sitio web, usted acepta este descargo de responsabilidad en su totalidad.2 Si no est\u00e1 de acuerdo con alguna parte de este descargo de responsabilidad, no debe utilizar nuestro sitio web. [Nuestro sitio web utiliza cookies. Al utilizar nuestro sitio [\u2026]<\/p>","protected":false},"author":1,"featured_media":0,"parent":796,"menu_order":0,"comment_status":"closed","ping_status":"closed","template":"elementor_header_footer","meta":{"_acf_changed":false,"pmpro_default_level":"","site-sidebar-layout":"default","site-content-layout":"","ast-site-content-layout":"","site-content-style":"default","site-sidebar-style":"default","ast-global-header-display":"","ast-banner-title-visibility":"","ast-main-header-display":"","ast-hfb-above-header-display":"","ast-hfb-below-header-display":"","ast-hfb-mobile-header-display":"","site-post-title":"","ast-breadcrumbs-content":"","ast-featured-img":"","footer-sml-layout":"","theme-transparent-header-meta":"","adv-header-id-meta":"","stick-header-meta":"","header-above-stick-meta":"","header-main-stick-meta":"","header-below-stick-meta":"","astra-migrate-meta-layouts":"default","ast-page-background-enabled":"default","ast-page-background-meta":{"desktop":{"background-color":"var(--ast-global-color-4)","background-image":"","background-repeat":"repeat","background-position":"center center","background-size":"auto","background-attachment":"scroll","background-type":"","background-media":"","overlay-type":"","overlay-color":"","overlay-opacity":"","overlay-gradient":""},"tablet":{"background-color":"","background-image":"","background-repeat":"repeat","background-position":"center center","background-size":"auto","background-attachment":"scroll","background-type":"","background-media":"","overlay-type":"","overlay-color":"","overlay-opacity":"","overlay-gradient":""},"mobile":{"background-color":"","background-image":"","background-repeat":"repeat","background-position":"center center","background-size":"auto","background-attachment":"scroll","background-type":"","background-media":"","overlay-type":"","overlay-color":"","overlay-opacity":"","overlay-gradient":""}},"ast-content-background-meta":{"desktop":{"background-color":"var(--ast-global-color-5)","background-image":"","background-repeat":"repeat","background-position":"center center","background-size":"auto","background-attachment":"scroll","background-type":"","background-media":"","overlay-type":"","overlay-color":"","overlay-opacity":"","overlay-gradient":""},"tablet":{"background-color":"var(--ast-global-color-5)","background-image":"","background-repeat":"repeat","background-position":"center center","background-size":"auto","background-attachment":"scroll","background-type":"","background-media":"","overlay-type":"","overlay-color":"","overlay-opacity":"","overlay-gradient":""},"mobile":{"background-color":"var(--ast-global-color-5)","background-image":"","background-repeat":"repeat","background-position":"center center","background-size":"auto","background-attachment":"scroll","background-type":"","background-media":"","overlay-type":"","overlay-color":"","overlay-opacity":"","overlay-gradient":""}},"footnotes":""},"class_list":["post-801","page","type-page","status-publish","hentry","pmpro-has-access"],"acf":[],"_links":{"self":[{"href":"https:\/\/pret-a-raconter.com\/es\/wp-json\/wp\/v2\/pages\/801","targetHints":{"allow":["GET"]}}],"collection":[{"href":"https:\/\/pret-a-raconter.com\/es\/wp-json\/wp\/v2\/pages"}],"about":[{"href":"https:\/\/pret-a-raconter.com\/es\/wp-json\/wp\/v2\/types\/page"}],"author":[{"embeddable":true,"href":"https:\/\/pret-a-raconter.com\/es\/wp-json\/wp\/v2\/users\/1"}],"replies":[{"embeddable":true,"href":"https:\/\/pret-a-raconter.com\/es\/wp-json\/wp\/v2\/comments?post=801"}],"version-history":[{"count":0,"href":"https:\/\/pret-a-raconter.com\/es\/wp-json\/wp\/v2\/pages\/801\/revisions"}],"up":[{"embeddable":true,"href":"https:\/\/pret-a-raconter.com\/es\/wp-json\/wp\/v2\/pages\/796"}],"wp:attachment":[{"href":"https:\/\/pret-a-raconter.com\/es\/wp-json\/wp\/v2\/media?parent=801"}],"curies":[{"name":"wp","href":"https:\/\/api.w.org\/{rel}","templated":true}]}}