{"id":1127,"date":"2023-08-26T10:39:45","date_gmt":"2023-08-26T10:39:45","guid":{"rendered":"https:\/\/pret-a-raconter.com\/?page_id=1127"},"modified":"2024-01-08T09:06:13","modified_gmt":"2024-01-08T09:06:13","slug":"lecteurs-1","status":"publish","type":"page","link":"https:\/\/pret-a-raconter.com\/it\/lecteurs-1\/","title":{"rendered":"Lecteurs\u00a01"},"content":{"rendered":"<div data-elementor-type=\"wp-page\" data-elementor-id=\"1127\" class=\"elementor elementor-1127\">\n\t\t\t\t<div class=\"elementor-element elementor-element-3e554c4 e-flex e-con-boxed e-con e-parent\" data-id=\"3e554c4\" data-element_type=\"container\">\n\t\t\t\t\t<div class=\"e-con-inner\">\n\t\t<div class=\"elementor-element elementor-element-17bd7d2 e-flex e-con-boxed e-con e-parent\" data-id=\"17bd7d2\" data-element_type=\"container\">\n\t\t\t\t\t<div class=\"e-con-inner\">\n\t\t\t\t<div class=\"elementor-element elementor-element-a6f8b71 elementor-widget elementor-widget-heading\" data-id=\"a6f8b71\" data-element_type=\"widget\" data-widget_type=\"heading.default\">\n\t\t\t\t<div class=\"elementor-widget-container\">\n\t\t\t\t\t<h2 class=\"elementor-heading-title elementor-size-default\">Pret-a-raconter.com: la tua storia, la tua scelta - Un universo di creativit\u00e0 a portata di mano<\/h2>\t\t\t\t<\/div>\n\t\t\t\t<\/div>\n\t\t\t\t<div class=\"elementor-element elementor-element-6283d6e elementor-widget elementor-widget-text-editor\" data-id=\"6283d6e\" data-element_type=\"widget\" data-widget_type=\"text-editor.default\">\n\t\t\t\t<div class=\"elementor-widget-container\">\n\t\t\t\t\t\t\t\t\t<p>Benvenuti su [Nome piattaforma], il luogo in cui le tue idee diventano storie accattivanti e personalizzate. Il nostro servizio esclusivo ti consente di trasformare i tuoi pensieri in storie personalizzate, condivise con il mondo.<\/p>\t\t\t\t\t\t\t\t<\/div>\n\t\t\t\t<\/div>\n\t\t\t\t<div class=\"elementor-element elementor-element-78ce72b elementor-widget elementor-widget-heading\" data-id=\"78ce72b\" data-element_type=\"widget\" data-widget_type=\"heading.default\">\n\t\t\t\t<div class=\"elementor-widget-container\">\n\t\t\t\t\t<h2 class=\"elementor-heading-title elementor-size-default\">Un&#039;esperienza di creazione su misura<\/h2>\t\t\t\t<\/div>\n\t\t\t\t<\/div>\n\t\t\t\t<div class=\"elementor-element elementor-element-ea7a0de elementor-widget elementor-widget-text-editor\" data-id=\"ea7a0de\" data-element_type=\"widget\" data-widget_type=\"text-editor.default\">\n\t\t\t\t<div class=\"elementor-widget-container\">\n\t\t\t\t\t\t\t\t\t<p>Su pret-a-raconter.com sei l&#039;architetto della tua storia. Ecco come funziona:<\/p><ol><li><strong>Scegli la lunghezza:<\/strong> Dai racconti brevi alle narrazioni elaborate, seleziona la lunghezza desiderata fino a 5000 parole.<\/li><li><strong>Imposta l&#039;oggetto:<\/strong> Condividi il tuo tema, le tue idee o lasciati ispirare dai nostri suggerimenti.<\/li><li><strong>Seleziona il tuo scrittore:<\/strong> Disponiamo di un team di scrittori di talento. Scegli quello pi\u00f9 adatto al tuo stile e alla tua visione.<\/li><li><strong>Decidi il copyright:<\/strong> Scegli di mantenere il copyright per uso esclusivo oppure opta per un&#039;opzione royalty-free pi\u00f9 conveniente<\/li><\/ol>\t\t\t\t\t\t\t\t<\/div>\n\t\t\t\t<\/div>\n\t\t\t\t<div class=\"elementor-element elementor-element-0adbd17 elementor-widget elementor-widget-heading\" data-id=\"0adbd17\" data-element_type=\"widget\" data-widget_type=\"heading.default\">\n\t\t\t\t<div class=\"elementor-widget-container\">\n\t\t\t\t\t<h2 class=\"elementor-heading-title elementor-size-default\">Pi\u00f9 di una semplice storia\n\n<\/h2>\t\t\t\t<\/div>\n\t\t\t\t<\/div>\n\t\t\t\t<div class=\"elementor-element elementor-element-0010bbf elementor-widget elementor-widget-text-editor\" data-id=\"0010bbf\" data-element_type=\"widget\" data-widget_type=\"text-editor.default\">\n\t\t\t\t<div class=\"elementor-widget-container\">\n\t\t\t\t\t\t\t\t\t<p>La tua storia personalizzata include una serie di opzioni per un&#039;esperienza coinvolgente:<\/p><ul><li><strong>Trailer video:<\/strong> Un video accattivante per dare vita alla tua storia prima ancora di pubblicarla sulla prima pagina.<\/li><li><strong>Formati versatili:<\/strong> Ricevi la tua storia nei formati PDF ed EPUB.<\/li><li><strong>Visibilit\u00e0 online:<\/strong> La tua storia sar\u00e0 presente anche nei motori di ricerca, aumentandone la portata e l&#039;impatto.<\/li><\/ul>\t\t\t\t\t\t\t\t<\/div>\n\t\t\t\t<\/div>\n\t\t\t\t<div class=\"elementor-element elementor-element-4ee25d1 elementor-widget elementor-widget-heading\" data-id=\"4ee25d1\" data-element_type=\"widget\" data-widget_type=\"heading.default\">\n\t\t\t\t<div class=\"elementor-widget-container\">\n\t\t\t\t\t<h2 class=\"elementor-heading-title elementor-size-default\">Perch\u00e9 pret-a-raconter.com?<\/h2>\t\t\t\t<\/div>\n\t\t\t\t<\/div>\n\t\t\t\t<div class=\"elementor-element elementor-element-4583c19 elementor-widget elementor-widget-text-editor\" data-id=\"4583c19\" data-element_type=\"widget\" data-widget_type=\"text-editor.default\">\n\t\t\t\t<div class=\"elementor-widget-container\">\n\t\t\t\t\t\t\t\t\t<ul><li><strong>Personalizzazione avanzata:<\/strong> Ogni aspetto della tua storia \u00e8 scelto da te, per garantire una creazione che ti rispecchi.<\/li><li><strong>Garanzia di qualit\u00e0:<\/strong> I nostri scrittori vengono selezionati per il loro talento e la loro capacit\u00e0 di dare vita alle tue idee.<\/li><li><strong>Accessibilit\u00e0:<\/strong> Grazie alle opzioni adatte a tutte le tasche, chiunque pu\u00f2 diventare il creatore di un&#039;opera unica.<\/li><\/ul>\t\t\t\t\t\t\t\t<\/div>\n\t\t\t\t<\/div>\n\t\t\t\t<div class=\"elementor-element elementor-element-e9c9603 elementor-widget elementor-widget-heading\" data-id=\"e9c9603\" data-element_type=\"widget\" data-widget_type=\"heading.default\">\n\t\t\t\t<div class=\"elementor-widget-container\">\n\t\t\t\t\t<h2 class=\"elementor-heading-title elementor-size-default\">Un regalo indimenticabile, una storia condivisa\n\n<\/h2>\t\t\t\t<\/div>\n\t\t\t\t<\/div>\n\t\t\t\t\t<\/div>\n\t\t\t\t<\/div>\n\t\t\t\t<div class=\"elementor-element elementor-element-daf4ed6 elementor-widget elementor-widget-text-editor\" data-id=\"daf4ed6\" data-element_type=\"widget\" data-widget_type=\"text-editor.default\">\n\t\t\t\t<div class=\"elementor-widget-container\">\n\t\t\t\t\t\t\t\t\t<p>Che sia un regalo o un regalo per s\u00e9 stessi, una storia personalizzata \u00e8 un dono che dura nel tempo e nei cuori. Condividilo con i tuoi cari, sui social media e lascia il segno nel mondo letterario.<\/p>\t\t\t\t\t\t\t\t<\/div>\n\t\t\t\t<\/div>\n\t\t\t\t<div class=\"elementor-element elementor-element-f79ccad elementor-widget elementor-widget-heading\" data-id=\"f79ccad\" data-element_type=\"widget\" data-widget_type=\"heading.default\">\n\t\t\t\t<div class=\"elementor-widget-container\">\n\t\t\t\t\t<h2 class=\"elementor-heading-title elementor-size-default\">Unisciti a noi su pret-a-raconter.com\n\n<\/h2>\t\t\t\t<\/div>\n\t\t\t\t<\/div>\n\t\t\t\t<div class=\"elementor-element elementor-element-05608d2 elementor-widget elementor-widget-text-editor\" data-id=\"05608d2\" data-element_type=\"widget\" data-widget_type=\"text-editor.default\">\n\t\t\t\t<div class=\"elementor-widget-container\">\n\t\t\t\t\t\t\t\t\t<p><span style=\"color: #374151; font-family: S\u00f6hne, ui-sans-serif, system-ui, -apple-system, 'Segoe UI', Roboto, Ubuntu, Cantarell, 'Noto Sans', sans-serif, 'Helvetica Neue', Arial, 'Apple Color Emoji', 'Segoe UI Emoji', 'Segoe UI Symbol', 'Noto Color Emoji'; font-size: 16px; letter-spacing: normal; white-space-collapse: preserve;\">La tua immaginazione merita una piattaforma che la valorizzi. Con [Nome piattaforma], crea storie uniche e condividile con il mondo. Inizia oggi stesso il tuo viaggio nel mondo della creazione personalizzata!<\/span><\/p>\t\t\t\t\t\t\t\t<\/div>\n\t\t\t\t<\/div>\n\t\t\t\t\t<\/div>\n\t\t\t\t<\/div>\n\t\t<div class=\"elementor-element elementor-element-11bc7a2 e-flex e-con-boxed e-con e-parent\" data-id=\"11bc7a2\" data-element_type=\"container\">\n\t\t\t\t\t<div class=\"e-con-inner\">\n\t\t\t\t<div class=\"elementor-element elementor-element-2ef30df elementor-widget elementor-widget-text-editor\" data-id=\"2ef30df\" data-element_type=\"widget\" data-widget_type=\"text-editor.default\">\n\t\t\t\t<div class=\"elementor-widget-container\">\n\t\t\t\t\t\t\t\t\t<p>Tag: storie su richiesta | La tua idea, la tua storia | storie online per te<\/p>\t\t\t\t\t\t\t\t<\/div>\n\t\t\t\t<\/div>\n\t\t\t\t\t<\/div>\n\t\t\t\t<\/div>\n\t\t\t\t<\/div>","protected":false},"excerpt":{"rendered":"<p>Pret-a-raconter.com: Votre Histoire, Votre Choix &#8211; Un Univers de Cr\u00e9ativit\u00e9 \u00e0 Port\u00e9e de Main Bienvenue sur [Nom de la Plateforme], l&#8217;endroit o\u00f9 vos id\u00e9es deviennent des histoires captivantes et personnalis\u00e9es. Notre service unique vous permet de transformer vos pens\u00e9es en r\u00e9cits sur mesure, partag\u00e9s avec le monde entier. Une Exp\u00e9rience de Cr\u00e9ation Sur Mesure Chez [&hellip;]<\/p>","protected":false},"author":1,"featured_media":0,"parent":0,"menu_order":0,"comment_status":"closed","ping_status":"closed","template":"","meta":{"_acf_changed":false,"pmpro_default_level":"","site-sidebar-layout":"no-sidebar","site-content-layout":"page-builder","ast-site-content-layout":"","site-content-style":"default","site-sidebar-style":"default","ast-global-header-display":"","ast-banner-title-visibility":"","ast-main-header-display":"","ast-hfb-above-header-display":"","ast-hfb-below-header-display":"","ast-hfb-mobile-header-display":"","site-post-title":"disabled","ast-breadcrumbs-content":"","ast-featured-img":"disabled","footer-sml-layout":"","theme-transparent-header-meta":"","adv-header-id-meta":"","stick-header-meta":"","header-above-stick-meta":"","header-main-stick-meta":"","header-below-stick-meta":"","astra-migrate-meta-layouts":"default","ast-page-background-enabled":"default","ast-page-background-meta":{"desktop":{"background-color":"var(--ast-global-color-4)","background-image":"","background-repeat":"repeat","background-position":"center center","background-size":"auto","background-attachment":"scroll","background-type":"","background-media":"","overlay-type":"","overlay-color":"","overlay-opacity":"","overlay-gradient":""},"tablet":{"background-color":"","background-image":"","background-repeat":"repeat","background-position":"center center","background-size":"auto","background-attachment":"scroll","background-type":"","background-media":"","overlay-type":"","overlay-color":"","overlay-opacity":"","overlay-gradient":""},"mobile":{"background-color":"","background-image":"","background-repeat":"repeat","background-position":"center center","background-size":"auto","background-attachment":"scroll","background-type":"","background-media":"","overlay-type":"","overlay-color":"","overlay-opacity":"","overlay-gradient":""}},"ast-content-background-meta":{"desktop":{"background-color":"var(--ast-global-color-5)","background-image":"","background-repeat":"repeat","background-position":"center center","background-size":"auto","background-attachment":"scroll","background-type":"","background-media":"","overlay-type":"","overlay-color":"","overlay-opacity":"","overlay-gradient":""},"tablet":{"background-color":"var(--ast-global-color-5)","background-image":"","background-repeat":"repeat","background-position":"center center","background-size":"auto","background-attachment":"scroll","background-type":"","background-media":"","overlay-type":"","overlay-color":"","overlay-opacity":"","overlay-gradient":""},"mobile":{"background-color":"var(--ast-global-color-5)","background-image":"","background-repeat":"repeat","background-position":"center center","background-size":"auto","background-attachment":"scroll","background-type":"","background-media":"","overlay-type":"","overlay-color":"","overlay-opacity":"","overlay-gradient":""}},"footnotes":""},"class_list":["post-1127","page","type-page","status-publish","hentry","pmpro-has-access"],"acf":[],"_links":{"self":[{"href":"https:\/\/pret-a-raconter.com\/it\/wp-json\/wp\/v2\/pages\/1127","targetHints":{"allow":["GET"]}}],"collection":[{"href":"https:\/\/pret-a-raconter.com\/it\/wp-json\/wp\/v2\/pages"}],"about":[{"href":"https:\/\/pret-a-raconter.com\/it\/wp-json\/wp\/v2\/types\/page"}],"author":[{"embeddable":true,"href":"https:\/\/pret-a-raconter.com\/it\/wp-json\/wp\/v2\/users\/1"}],"replies":[{"embeddable":true,"href":"https:\/\/pret-a-raconter.com\/it\/wp-json\/wp\/v2\/comments?post=1127"}],"version-history":[{"count":0,"href":"https:\/\/pret-a-raconter.com\/it\/wp-json\/wp\/v2\/pages\/1127\/revisions"}],"wp:attachment":[{"href":"https:\/\/pret-a-raconter.com\/it\/wp-json\/wp\/v2\/media?parent=1127"}],"curies":[{"name":"wp","href":"https:\/\/api.w.org\/{rel}","templated":true}]}}