{"id":151,"date":"2023-08-13T16:07:12","date_gmt":"2023-08-13T16:07:12","guid":{"rendered":"https:\/\/pret-a-raconter.com\/?page_id=151"},"modified":"2025-04-03T04:52:11","modified_gmt":"2025-04-03T04:52:11","slug":"a-propos","status":"publish","type":"page","link":"https:\/\/pret-a-raconter.com\/it\/a-propos\/","title":{"rendered":"Di"},"content":{"rendered":"<div data-elementor-type=\"wp-page\" data-elementor-id=\"151\" class=\"elementor elementor-151\">\n\t\t\t\t<div class=\"elementor-element elementor-element-3e554c4 elementor-hidden-desktop elementor-hidden-tablet elementor-hidden-mobile e-flex e-con-boxed e-con e-parent\" data-id=\"3e554c4\" data-element_type=\"container\">\n\t\t\t\t\t<div class=\"e-con-inner\">\n\t\t<div class=\"elementor-element elementor-element-17bd7d2 e-flex e-con-boxed e-con e-child\" data-id=\"17bd7d2\" data-element_type=\"container\">\n\t\t\t\t\t<div class=\"e-con-inner\">\n\t\t\t\t<div class=\"elementor-element elementor-element-b0975a0 elementor-widget elementor-widget-heading\" data-id=\"b0975a0\" data-element_type=\"widget\" data-widget_type=\"heading.default\">\n\t\t\t\t<div class=\"elementor-widget-container\">\n\t\t\t\t\t<h2 class=\"elementor-heading-title elementor-size-default\">Informazioni sulla nostra piattaforma<\/h2>\t\t\t\t<\/div>\n\t\t\t\t<\/div>\n\t\t\t\t<div class=\"elementor-element elementor-element-6283d6e elementor-widget elementor-widget-text-editor\" data-id=\"6283d6e\" data-element_type=\"widget\" data-widget_type=\"text-editor.default\">\n\t\t\t\t<div class=\"elementor-widget-container\">\n\t\t\t\t\t\t\t\t\t<div data-pm-slice=\"1 1 []\" data-en-clipboard=\"true\">Benvenuti a <a href=\"http:\/\/Pret-a-Raconter.com\">pronto-a-raccontare.com<\/a>, il tuo compagno creativo nell&#039;affascinante mondo della narrazione. La nostra missione \u00e8 semplice ma entusiasmante: trasformare le vostre idee in storie accattivanti, pronte per essere condivise e apprezzate da un pubblico eterogeneo. A casa di <a href=\"http:\/\/Pret-a-Raconter.com\">Pronti-a-raccontare.com<\/a>, crediamo fermamente che ogni pensiero, ogni sogno, ogni ricordo possa diventare il fondamento di una storia indimenticabile.<\/div>\t\t\t\t\t\t\t\t<\/div>\n\t\t\t\t<\/div>\n\t\t\t\t<div class=\"elementor-element elementor-element-94aae22 elementor-widget elementor-widget-text-editor\" data-id=\"94aae22\" data-element_type=\"widget\" data-widget_type=\"text-editor.default\">\n\t\t\t\t<div class=\"elementor-widget-container\">\n\t\t\t\t\t\t\t\t\t<p class=\"p1\">Siamo lieti che tu sia interessato a trasformare le tue idee in storie. Come narratori, siamo qui per guidarvi attraverso questo entusiasmante processo.&nbsp;<span style=\"color: var( --e-global-color-text ); letter-spacing: 0.9px; text-align: var(--text-align);\">Per prima cosa parliamo della tua idea. Hai gi\u00e0 uno schema o un&#039;idea generale di ci\u00f2 che vuoi scrivere? Forse un concetto, dei personaggi, un&#039;ambientazione o anche solo un&#039;emozione o un tema che vuoi esplorare. Sentiti libero di condividere quanto vuoi, tanto o poco.<\/span><\/p>\n<p class=\"p1\">Ora vedremo come possiamo trasformare questa idea in una storia avvincente. Ci\u00f2 pu\u00f2 includere la strutturazione della trama, lo sviluppo dei personaggi, lo stile di scrittura e altri elementi chiave della narrazione.<\/p>\n<p class=\"p2\">Il tuo entusiasmo nel trasformare la tua idea in una storia \u00e8 contagioso e noi siamo qui per aiutarti in ogni fase del percorso. Andiamo!<\/p>\t\t\t\t\t\t\t\t<\/div>\n\t\t\t\t<\/div>\n\t\t\t\t<div class=\"elementor-element elementor-element-ea7a0de elementor-widget elementor-widget-text-editor\" data-id=\"ea7a0de\" data-element_type=\"widget\" data-widget_type=\"text-editor.default\">\n\t\t\t\t<div class=\"elementor-widget-container\">\n\t\t\t\t\t\t\t\t\t<div data-pm-slice=\"1 1 []\" data-en-clipboard=\"true\"><b>Il nostro servizio unico<\/b><\/div><div>\u00a0<\/div><div>HA <a href=\"http:\/\/Pret-a-Raconter.com\">pronto-a-raccontare.com<\/a>, offriamo un servizio personalizzato di creazione di racconti brevi, con un limite di 5000 parole, per garantire una narrazione densa e coinvolgente. Che tu abbia solo un abbozzo di idea o un concetto ben sviluppato, il nostro team di narratori professionisti \u00e8 qui per trasformarlo in un&#039;affascinante opera letteraria.<\/div>\t\t\t\t\t\t\t\t<\/div>\n\t\t\t\t<\/div>\n\t\t\t\t<div class=\"elementor-element elementor-element-4583c19 elementor-widget elementor-widget-text-editor\" data-id=\"4583c19\" data-element_type=\"widget\" data-widget_type=\"text-editor.default\">\n\t\t\t\t<div class=\"elementor-widget-container\">\n\t\t\t\t\t\t\t\t\t<div data-pm-slice=\"1 1 []\" data-en-clipboard=\"true\"><b>La tua visione, la nostra penna<\/b><\/div><div>\u00a0<\/div><div>Sappiamo che ogni storia \u00e8 unica, ecco perch\u00e9 ti diamo la libert\u00e0 di scegliere lo stile della tua storia. Che tu preferisca un dramma toccante, un&#039;avventura emozionante, una storia d&#039;amore inquietante o una fiaba moderna, siamo qui per dare vita alla tua visione. Inoltre, il nostro team di talentuosi narratori ti consentir\u00e0 di scegliere la voce pi\u00f9 adatta alla tua idea.<\/div>\t\t\t\t\t\t\t\t<\/div>\n\t\t\t\t<\/div>\n\t\t\t\t<div class=\"elementor-element elementor-element-0010bbf elementor-widget elementor-widget-text-editor\" data-id=\"0010bbf\" data-element_type=\"widget\" data-widget_type=\"text-editor.default\">\n\t\t\t\t<div class=\"elementor-widget-container\">\n\t\t\t\t\t\t\t\t\t<div data-pm-slice=\"1 1 []\" data-en-clipboard=\"true\"><b>Un pacchetto completo<\/b><\/div><div>\u00a0<\/div><div>Ricevere la tua storia \u00e8 un&#039;esperienza unica. Oltre al testo, riceverai una copertina personalizzata, un file PDF, un formato EPUB per e-reader e un trailer video di 30 secondi. Questo approccio multimediale garantisce che la tua storia non venga solo letta, ma anche vista e sentita.<\/div>\t\t\t\t\t\t\t\t<\/div>\n\t\t\t\t<\/div>\n\t\t\t\t<div class=\"elementor-element elementor-element-1aaa76d elementor-widget elementor-widget-text-editor\" data-id=\"1aaa76d\" data-element_type=\"widget\" data-widget_type=\"text-editor.default\">\n\t\t\t\t<div class=\"elementor-widget-container\">\n\t\t\t\t\t\t\t\t\t<div data-pm-slice=\"1 1 []\" data-en-clipboard=\"true\"><b>Copyright: la tua scelta<\/b><\/div><div>\u00a0<\/div><div><div data-pm-slice=\"1 1 []\" data-en-clipboard=\"true\"><b>Il nostro impegno<\/b><\/div><div>\u00a0<\/div><div>A casa di <a href=\"http:\/\/Pret-a-Raconter.com\">pronto-a-raccontare.com<\/a>, la vostra soddisfazione \u00e8 la nostra priorit\u00e0. Ci impegniamo a fornire un servizio di qualit\u00e0, rispettando le vostre idee e la vostra visione, apportando al contempo la nostra competenza nella narrazione. Il nostro obiettivo \u00e8 fare di ogni storia un&#039;opera che risuoni, commuova e resti impressa nella memoria.<\/div><p>Offriamo anche la flessibilit\u00e0 di scegliere se mantenere o meno il copyright della tua storia. Puoi quindi decidere di condividerlo liberamente, di tenerlo per te o addirittura di pubblicarlo sotto il tuo nome.<\/p><\/div>\t\t\t\t\t\t\t\t<\/div>\n\t\t\t\t<\/div>\n\t\t\t\t<div class=\"elementor-element elementor-element-daf1fb1 elementor-widget elementor-widget-text-editor\" data-id=\"daf1fb1\" data-element_type=\"widget\" data-widget_type=\"text-editor.default\">\n\t\t\t\t<div class=\"elementor-widget-container\">\n\t\t\t\t\t\t\t\t\t<div data-pm-slice=\"1 1 []\" data-en-clipboard=\"true\">Unisciti a noi in questa avventura creativa e lascia che <a href=\"http:\/\/Pret-a-Raconter.com\">pronto-a-raccontare.com<\/a> dai vita alle tue idee!<\/div>\t\t\t\t\t\t\t\t<\/div>\n\t\t\t\t<\/div>\n\t\t\t\t<div class=\"elementor-element elementor-element-b54dda4 elementor-widget elementor-widget-text-editor\" data-id=\"b54dda4\" data-element_type=\"widget\" data-widget_type=\"text-editor.default\">\n\t\t\t\t<div class=\"elementor-widget-container\">\n\t\t\t\t\t\t\t\t\t<p>Il team dedicato di pret-a-raconter.com<\/p>\t\t\t\t\t\t\t\t<\/div>\n\t\t\t\t<\/div>\n\t\t\t\t\t<\/div>\n\t\t\t\t<\/div>\n\t\t\t\t\t<\/div>\n\t\t\t\t<\/div>\n\t\t<div class=\"elementor-element elementor-element-ab02e8d e-flex e-con-boxed e-con e-parent\" data-id=\"ab02e8d\" data-element_type=\"container\">\n\t\t\t\t\t<div class=\"e-con-inner\">\n\t\t<div class=\"elementor-element elementor-element-ff4efe5 e-flex e-con-boxed e-con e-child\" data-id=\"ff4efe5\" data-element_type=\"container\">\n\t\t\t\t\t<div class=\"e-con-inner\">\n\t\t\t\t<div class=\"elementor-element elementor-element-6279f66 elementor-widget elementor-widget-heading\" data-id=\"6279f66\" data-element_type=\"widget\" data-widget_type=\"heading.default\">\n\t\t\t\t<div class=\"elementor-widget-container\">\n\t\t\t\t\t<h2 class=\"elementor-heading-title elementor-size-default\">Di<\/h2>\t\t\t\t<\/div>\n\t\t\t\t<\/div>\n\t\t<div class=\"elementor-element elementor-element-6c861a9 e-con-full e-flex e-con e-child\" data-id=\"6c861a9\" data-element_type=\"container\">\n\t\t<div class=\"elementor-element elementor-element-cb83e6a e-con-full e-flex e-con e-child\" data-id=\"cb83e6a\" data-element_type=\"container\">\n\t\t\t\t<div class=\"elementor-element elementor-element-9a0476d elementor-widget elementor-widget-text-editor\" data-id=\"9a0476d\" data-element_type=\"widget\" data-widget_type=\"text-editor.default\">\n\t\t\t\t<div class=\"elementor-widget-container\">\n\t\t\t\t\t\t\t\t\tBenvenuti a Pr\u00eat \u00e0 Raconter, la piattaforma che trasforma le tue idee in storie brevi, originali e personalizzate.\n\t\t\t\t\t\t\t\t<\/div>\n\t\t\t\t<\/div>\n\t\t\t\t<div class=\"elementor-element elementor-element-b2e7c35 elementor-widget elementor-widget-text-editor\" data-id=\"b2e7c35\" data-element_type=\"widget\" data-widget_type=\"text-editor.default\">\n\t\t\t\t<div class=\"elementor-widget-container\">\n\t\t\t\t\t\t\t\t\tChe tu abbia un concetto specifico o semplicemente un&#039;emozione da esplorare, i nostri narratori daranno vita ai tuoi desideri. Dramma, avventura, assurdit\u00e0 o fiaba moderna? Sta a te scegliere lo stile e l&#039;autore che ti ispirano.\n\t\t\t\t\t\t\t\t<\/div>\n\t\t\t\t<\/div>\n\t\t\t\t<div class=\"elementor-element elementor-element-cebc81e elementor-widget elementor-widget-heading\" data-id=\"cebc81e\" data-element_type=\"widget\" data-widget_type=\"heading.default\">\n\t\t\t\t<div class=\"elementor-widget-container\">\n\t\t\t\t\t<h2 class=\"elementor-heading-title elementor-size-default\">Come funziona?\n<\/h2>\t\t\t\t<\/div>\n\t\t\t\t<\/div>\n\t\t\t\t<div class=\"elementor-element elementor-element-1a9948a elementor-widget elementor-widget-text-editor\" data-id=\"1a9948a\" data-element_type=\"widget\" data-widget_type=\"text-editor.default\">\n\t\t\t\t<div class=\"elementor-widget-container\">\n\t\t\t\t\t\t\t\t\tCondividi un&#039;idea (o semplicemente un tema) Scriviamo la tua storia (fino a 5000 parole) La ricevi in formato PDF, con copertina e mini trailer video\t\t\t\t\t\t\t\t<\/div>\n\t\t\t\t<\/div>\n\t\t\t\t<div class=\"elementor-element elementor-element-b43bcc9 elementor-widget elementor-widget-heading\" data-id=\"b43bcc9\" data-element_type=\"widget\" data-widget_type=\"heading.default\">\n\t\t\t\t<div class=\"elementor-widget-container\">\n\t\t\t\t\t<h2 class=\"elementor-heading-title elementor-size-default\">Le tue idee. Le nostre storie.\n<\/h2>\t\t\t\t<\/div>\n\t\t\t\t<\/div>\n\t\t\t\t<div class=\"elementor-element elementor-element-a63a81a elementor-widget elementor-widget-text-editor\" data-id=\"a63a81a\" data-element_type=\"widget\" data-widget_type=\"text-editor.default\">\n\t\t\t\t<div class=\"elementor-widget-container\">\n\t\t\t\t\t\t\t\t\tMantieni il controllo completo: tono, stile, copyright inclusi. La tua immaginazione, la nostra penna.\n\t\t\t\t\t\t\t\t<\/div>\n\t\t\t\t<\/div>\n\t\t\t\t<div class=\"elementor-element elementor-element-2a0e9c0 elementor-widget elementor-widget-text-editor\" data-id=\"2a0e9c0\" data-element_type=\"widget\" data-widget_type=\"text-editor.default\">\n\t\t\t\t<div class=\"elementor-widget-container\">\n\t\t\t\t\t\t\t\t\tPronto ? Clic. Immaginare. Noi penseremo al resto. Il team di Ready to Tell\t\t\t\t\t\t\t\t<\/div>\n\t\t\t\t<\/div>\n\t\t\t\t<\/div>\n\t\t<div class=\"elementor-element elementor-element-7f70db7 e-con-full e-flex e-con e-child\" data-id=\"7f70db7\" data-element_type=\"container\">\n\t\t\t\t<div class=\"elementor-element elementor-element-f74a545 elementor-widget elementor-widget-image\" data-id=\"f74a545\" data-element_type=\"widget\" data-widget_type=\"image.default\">\n\t\t\t\t<div class=\"elementor-widget-container\">\n\t\t\t\t\t\t\t\t\t\t\t\t\t\t\t<img fetchpriority=\"high\" decoding=\"async\" width=\"1000\" height=\"1000\" src=\"https:\/\/pret-a-raconter.com\/wp-content\/uploads\/2025\/03\/2.jpg\" class=\"attachment-large size-large wp-image-10065\" alt=\"Guillaume Tell revisit\u00e9\" srcset=\"https:\/\/pret-a-raconter.com\/wp-content\/uploads\/2025\/03\/2.jpg 1000w, https:\/\/pret-a-raconter.com\/wp-content\/uploads\/2025\/03\/2-300x300.jpg 300w, https:\/\/pret-a-raconter.com\/wp-content\/uploads\/2025\/03\/2-150x150.jpg 150w, https:\/\/pret-a-raconter.com\/wp-content\/uploads\/2025\/03\/2-768x768.jpg 768w, https:\/\/pret-a-raconter.com\/wp-content\/uploads\/2025\/03\/2-12x12.jpg 12w, https:\/\/pret-a-raconter.com\/wp-content\/uploads\/2025\/03\/2-400x400.jpg 400w, https:\/\/pret-a-raconter.com\/wp-content\/uploads\/2025\/03\/2-600x600.jpg 600w\" sizes=\"(max-width: 1000px) 100vw, 1000px\" \/>\t\t\t\t\t\t\t\t\t\t\t\t\t\t\t<\/div>\n\t\t\t\t<\/div>\n\t\t\t\t<\/div>\n\t\t\t\t<\/div>\n\t\t\t\t\t<\/div>\n\t\t\t\t<\/div>\n\t\t\t\t\t<\/div>\n\t\t\t\t<\/div>\n\t\t<div class=\"elementor-element elementor-element-46c34b8 e-flex e-con-boxed e-con e-parent\" data-id=\"46c34b8\" data-element_type=\"container\">\n\t\t\t\t\t<div class=\"e-con-inner\">\n\t\t\t\t<div class=\"elementor-element elementor-element-b89e69f elementor-widget elementor-widget-text-editor\" data-id=\"b89e69f\" data-element_type=\"widget\" data-widget_type=\"text-editor.default\">\n\t\t\t\t<div class=\"elementor-widget-container\">\n\t\t\t\t\t\t\t\t\t<p>Tag: Chi siamo, Chi siamo, Creiamo le tue storie per te<\/p>\t\t\t\t\t\t\t\t<\/div>\n\t\t\t\t<\/div>\n\t\t\t\t\t<\/div>\n\t\t\t\t<\/div>\n\t\t\t\t<\/div>","protected":false},"excerpt":{"rendered":"<p>\u00c0 propos de notre plateforme Bienvenue sur pret-a-raconter.com, votre compagnon cr\u00e9atif dans l&#8217;univers fascinant de la narration. Notre mission est simple mais passionnante : transformer vos id\u00e9es en histoires captivantes, pr\u00eates \u00e0 \u00eatre partag\u00e9es et appr\u00e9ci\u00e9es par un public vari\u00e9. Chez Pret-a-Raconter.com, nous croyons fermement que chaque pens\u00e9e, chaque r\u00eave, chaque souvenir peut devenir le [&hellip;]<\/p>","protected":false},"author":1,"featured_media":0,"parent":0,"menu_order":0,"comment_status":"closed","ping_status":"closed","template":"","meta":{"_acf_changed":false,"pmpro_default_level":"","site-sidebar-layout":"no-sidebar","site-content-layout":"page-builder","ast-site-content-layout":"","site-content-style":"default","site-sidebar-style":"default","ast-global-header-display":"","ast-banner-title-visibility":"","ast-main-header-display":"","ast-hfb-above-header-display":"","ast-hfb-below-header-display":"","ast-hfb-mobile-header-display":"","site-post-title":"disabled","ast-breadcrumbs-content":"","ast-featured-img":"disabled","footer-sml-layout":"","theme-transparent-header-meta":"","adv-header-id-meta":"","stick-header-meta":"","header-above-stick-meta":"","header-main-stick-meta":"","header-below-stick-meta":"","astra-migrate-meta-layouts":"default","ast-page-background-enabled":"default","ast-page-background-meta":{"desktop":{"background-color":"var(--ast-global-color-4)","background-image":"","background-repeat":"repeat","background-position":"center center","background-size":"auto","background-attachment":"scroll","background-type":"","background-media":"","overlay-type":"","overlay-color":"","overlay-opacity":"","overlay-gradient":""},"tablet":{"background-color":"","background-image":"","background-repeat":"repeat","background-position":"center center","background-size":"auto","background-attachment":"scroll","background-type":"","background-media":"","overlay-type":"","overlay-color":"","overlay-opacity":"","overlay-gradient":""},"mobile":{"background-color":"","background-image":"","background-repeat":"repeat","background-position":"center center","background-size":"auto","background-attachment":"scroll","background-type":"","background-media":"","overlay-type":"","overlay-color":"","overlay-opacity":"","overlay-gradient":""}},"ast-content-background-meta":{"desktop":{"background-color":"var(--ast-global-color-5)","background-image":"","background-repeat":"repeat","background-position":"center center","background-size":"auto","background-attachment":"scroll","background-type":"","background-media":"","overlay-type":"","overlay-color":"","overlay-opacity":"","overlay-gradient":""},"tablet":{"background-color":"var(--ast-global-color-5)","background-image":"","background-repeat":"repeat","background-position":"center center","background-size":"auto","background-attachment":"scroll","background-type":"","background-media":"","overlay-type":"","overlay-color":"","overlay-opacity":"","overlay-gradient":""},"mobile":{"background-color":"var(--ast-global-color-5)","background-image":"","background-repeat":"repeat","background-position":"center center","background-size":"auto","background-attachment":"scroll","background-type":"","background-media":"","overlay-type":"","overlay-color":"","overlay-opacity":"","overlay-gradient":""}},"footnotes":""},"class_list":["post-151","page","type-page","status-publish","hentry","pmpro-has-access"],"acf":[],"_links":{"self":[{"href":"https:\/\/pret-a-raconter.com\/it\/wp-json\/wp\/v2\/pages\/151","targetHints":{"allow":["GET"]}}],"collection":[{"href":"https:\/\/pret-a-raconter.com\/it\/wp-json\/wp\/v2\/pages"}],"about":[{"href":"https:\/\/pret-a-raconter.com\/it\/wp-json\/wp\/v2\/types\/page"}],"author":[{"embeddable":true,"href":"https:\/\/pret-a-raconter.com\/it\/wp-json\/wp\/v2\/users\/1"}],"replies":[{"embeddable":true,"href":"https:\/\/pret-a-raconter.com\/it\/wp-json\/wp\/v2\/comments?post=151"}],"version-history":[{"count":0,"href":"https:\/\/pret-a-raconter.com\/it\/wp-json\/wp\/v2\/pages\/151\/revisions"}],"wp:attachment":[{"href":"https:\/\/pret-a-raconter.com\/it\/wp-json\/wp\/v2\/media?parent=151"}],"curies":[{"name":"wp","href":"https:\/\/api.w.org\/{rel}","templated":true}]}}