{"id":799,"date":"2023-08-24T10:41:02","date_gmt":"2023-08-24T10:41:02","guid":{"rendered":"https:\/\/pret-a-raconter.com\/centre-de-confidentialite\/contact\/"},"modified":"2024-01-08T09:04:19","modified_gmt":"2024-01-08T09:04:19","slug":"contact","status":"publish","type":"page","link":"https:\/\/pret-a-raconter.com\/it\/centre-de-confidentialite\/contact\/","title":{"rendered":"Contatto"},"content":{"rendered":"<div data-elementor-type=\"wp-page\" data-elementor-id=\"799\" class=\"elementor elementor-799\">\n\t\t\t\t<div class=\"elementor-element elementor-element-94e92af e-flex e-con-boxed e-con e-parent\" data-id=\"94e92af\" data-element_type=\"container\">\n\t\t\t\t\t<div class=\"e-con-inner\">\n\t\t\t\t<div class=\"elementor-element elementor-element-088fd09 elementor-widget elementor-widget-heading\" data-id=\"088fd09\" data-element_type=\"widget\" data-widget_type=\"heading.default\">\n\t\t\t\t<div class=\"elementor-widget-container\">\n\t\t\t\t\t<h2 class=\"elementor-heading-title elementor-size-default\">Contatto<\/h2>\t\t\t\t<\/div>\n\t\t\t\t<\/div>\n\t\t\t\t<div class=\"elementor-element elementor-element-566ff88 elementor-widget elementor-widget-text-editor\" data-id=\"566ff88\" data-element_type=\"widget\" data-widget_type=\"text-editor.default\">\n\t\t\t\t<div class=\"elementor-widget-container\">\n\t\t\t\t\t\t\t\t\t<h2>Legge sul copyright del Millennio Digitale (\u201cDMCA\u201d)<\/h2><br>\n<p>[MACL] rispetta i diritti di propriet\u00e0 intellettuale altrui. Ai sensi del DMCA, [MACL] risponder\u00e0 tempestivamente alle denunce di violazione del copyright sul Sito se notificate all&#039;agente per il copyright di [MACL] come descritto di seguito. Dopo aver ricevuto la notifica di presunta violazione del copyright, [MACL] adotter\u00e0 tutte le misure che riterr\u00e0 appropriate a sua esclusiva discrezione, tra cui la rimozione del materiale presumibilmente lesivo e la sospensione dell&#039;accesso per i trasgressori recidivi del materiale protetto da copyright.<\/p>\n<p>Se ritieni che i tuoi diritti di propriet\u00e0 intellettuale siano stati violati da [MACL] o da una terza parte che ha caricato materiale sul nostro sito web, ti preghiamo di fornire le seguenti informazioni all&#039;agente per il copyright designato di seguito:<\/p>\n\n<p>Una descrizione dell&#039;opera protetta da copyright o di altra propriet\u00e0 intellettuale che ritieni sia stata violata;<\/p>\n\n<p>Una descrizione di dove si trova sul Sito il materiale che ritieni violi i diritti;<\/p>\n\n<p>Un indirizzo, un numero di telefono e un indirizzo e-mail dove possiamo contattarti e, se diverso, un indirizzo e-mail dove la presunta parte che ha violato i diritti, se non [MACL], pu\u00f2 contattarti;<\/p>\n\n<p>Una dichiarazione attestante che ritieni in buona fede che l&#039;uso non \u00e8 autorizzato dal titolare del copyright o da altri titolari di diritti di propriet\u00e0 intellettuale, dal suo agente o dalla legge;<\/p>\n\n<p>Una dichiarazione da parte tua, resa sotto pena di spergiuro, che le informazioni contenute nella tua notifica sono accurate e che sei il titolare del copyright o della propriet\u00e0 intellettuale o sei autorizzato ad agire per conto del titolare;<\/p>\n\n<p>La tua firma elettronica o fisica.<\/p>\n\n<p>[MACL] pu\u00f2 richiedere ulteriori informazioni prima di rimuovere qualsiasi materiale che si ritiene violi i diritti degli utenti. Nel caso in cui [MACL] rimuova il materiale presumibilmente lesivo, [MACL] notificher\u00e0 immediatamente alla persona responsabile della pubblicazione di tale materiale che [MACL] ha rimosso o disabilitato l&#039;accesso al materiale. [MACL] pu\u00f2 anche fornire alla persona responsabile il tuo indirizzo e-mail in modo che possa rispondere alle tue accuse.<\/p>\n\n<p>Ai sensi del 17 USC 512(c). [MACL]<br>\nL&#039;agente designato per il copyright \u00e8:<\/p>\n\n[Manuela Lo Conte]<br>\n[+41 79 668 87 88]<br>\n[manuela@macl.ch]\t\t\t\t\t\t\t\t<\/div>\n\t\t\t\t<\/div>\n\t\t\t\t\t<\/div>\n\t\t\t\t<\/div>\n\t\t\t\t<\/div>","protected":false},"excerpt":{"rendered":"<p>Contact Digital Millennium Copyright Act (\u201cDMCA\u201d) [MACL] respecte les droits de propri\u00e9t\u00e9 intellectuelle des autres. Selon le DMCA, [MACL] r\u00e9pondra rapidement aux r\u00e9clamations de violation du droit d\u2019auteur sur le site si l\u2019agent de droit d\u2019auteur de [MACL] comme d\u00e9crit ci-dessous. \u00c0 la r\u00e9ception d\u2019un avis all\u00e9guant la violation du droit d\u2019auteur, [MACL] prendra toute [&hellip;]<\/p>","protected":false},"author":1,"featured_media":0,"parent":796,"menu_order":0,"comment_status":"closed","ping_status":"closed","template":"elementor_header_footer","meta":{"_acf_changed":false,"pmpro_default_level":"","site-sidebar-layout":"default","site-content-layout":"","ast-site-content-layout":"","site-content-style":"default","site-sidebar-style":"default","ast-global-header-display":"","ast-banner-title-visibility":"","ast-main-header-display":"","ast-hfb-above-header-display":"","ast-hfb-below-header-display":"","ast-hfb-mobile-header-display":"","site-post-title":"","ast-breadcrumbs-content":"","ast-featured-img":"","footer-sml-layout":"","theme-transparent-header-meta":"","adv-header-id-meta":"","stick-header-meta":"","header-above-stick-meta":"","header-main-stick-meta":"","header-below-stick-meta":"","astra-migrate-meta-layouts":"default","ast-page-background-enabled":"default","ast-page-background-meta":{"desktop":{"background-color":"var(--ast-global-color-4)","background-image":"","background-repeat":"repeat","background-position":"center center","background-size":"auto","background-attachment":"scroll","background-type":"","background-media":"","overlay-type":"","overlay-color":"","overlay-opacity":"","overlay-gradient":""},"tablet":{"background-color":"","background-image":"","background-repeat":"repeat","background-position":"center center","background-size":"auto","background-attachment":"scroll","background-type":"","background-media":"","overlay-type":"","overlay-color":"","overlay-opacity":"","overlay-gradient":""},"mobile":{"background-color":"","background-image":"","background-repeat":"repeat","background-position":"center center","background-size":"auto","background-attachment":"scroll","background-type":"","background-media":"","overlay-type":"","overlay-color":"","overlay-opacity":"","overlay-gradient":""}},"ast-content-background-meta":{"desktop":{"background-color":"var(--ast-global-color-5)","background-image":"","background-repeat":"repeat","background-position":"center center","background-size":"auto","background-attachment":"scroll","background-type":"","background-media":"","overlay-type":"","overlay-color":"","overlay-opacity":"","overlay-gradient":""},"tablet":{"background-color":"var(--ast-global-color-5)","background-image":"","background-repeat":"repeat","background-position":"center center","background-size":"auto","background-attachment":"scroll","background-type":"","background-media":"","overlay-type":"","overlay-color":"","overlay-opacity":"","overlay-gradient":""},"mobile":{"background-color":"var(--ast-global-color-5)","background-image":"","background-repeat":"repeat","background-position":"center center","background-size":"auto","background-attachment":"scroll","background-type":"","background-media":"","overlay-type":"","overlay-color":"","overlay-opacity":"","overlay-gradient":""}},"footnotes":""},"class_list":["post-799","page","type-page","status-publish","hentry","pmpro-has-access"],"acf":[],"_links":{"self":[{"href":"https:\/\/pret-a-raconter.com\/it\/wp-json\/wp\/v2\/pages\/799","targetHints":{"allow":["GET"]}}],"collection":[{"href":"https:\/\/pret-a-raconter.com\/it\/wp-json\/wp\/v2\/pages"}],"about":[{"href":"https:\/\/pret-a-raconter.com\/it\/wp-json\/wp\/v2\/types\/page"}],"author":[{"embeddable":true,"href":"https:\/\/pret-a-raconter.com\/it\/wp-json\/wp\/v2\/users\/1"}],"replies":[{"embeddable":true,"href":"https:\/\/pret-a-raconter.com\/it\/wp-json\/wp\/v2\/comments?post=799"}],"version-history":[{"count":0,"href":"https:\/\/pret-a-raconter.com\/it\/wp-json\/wp\/v2\/pages\/799\/revisions"}],"up":[{"embeddable":true,"href":"https:\/\/pret-a-raconter.com\/it\/wp-json\/wp\/v2\/pages\/796"}],"wp:attachment":[{"href":"https:\/\/pret-a-raconter.com\/it\/wp-json\/wp\/v2\/media?parent=799"}],"curies":[{"name":"wp","href":"https:\/\/api.w.org\/{rel}","templated":true}]}}