{"id":801,"date":"2023-08-24T10:41:02","date_gmt":"2023-08-24T10:41:02","guid":{"rendered":"https:\/\/pret-a-raconter.com\/centre-de-confidentialite\/exclusion\/"},"modified":"2023-08-25T10:26:36","modified_gmt":"2023-08-25T10:26:36","slug":"exclusion","status":"publish","type":"page","link":"https:\/\/pret-a-raconter.com\/it\/centre-de-confidentialite\/exclusion\/","title":{"rendered":"Esclusione"},"content":{"rendered":"<div data-elementor-type=\"wp-page\" data-elementor-id=\"801\" class=\"elementor elementor-801\">\n\t\t\t\t<div class=\"elementor-element elementor-element-680f808 e-flex e-con-boxed e-con e-parent\" data-id=\"680f808\" data-element_type=\"container\">\n\t\t\t\t\t<div class=\"e-con-inner\">\n\t\t\t\t<div class=\"elementor-element elementor-element-7638f88 elementor-widget elementor-widget-heading\" data-id=\"7638f88\" data-element_type=\"widget\" data-widget_type=\"heading.default\">\n\t\t\t\t<div class=\"elementor-widget-container\">\n\t\t\t\t\t<h2 class=\"elementor-heading-title elementor-size-default\">Esclusione<\/h2>\t\t\t\t<\/div>\n\t\t\t\t<\/div>\n\t\t\t\t<div class=\"elementor-element elementor-element-1eb3abd elementor-widget elementor-widget-text-editor\" data-id=\"1eb3abd\" data-element_type=\"widget\" data-widget_type=\"text-editor.default\">\n\t\t\t\t<div class=\"elementor-widget-container\">\n\t\t\t\t\t\t\t\t\t<div id=\"vc_row-63c69c078715a\" class=\"vc_row wpb_row vc_row-fluid thegem-custom-63c69c07870eb1645\"><div class=\"wpb_column vc_column_container vc_col-sm-12 thegem-custom-63c69c078cc333462\"><div class=\"vc_column-inner thegem-custom-inner-63c69c078cc36\"><div class=\"wpb_wrapper thegem-custom-63c69c078cc333462\"><div class=\"thegem-te-heading thegem-custom-63c69c078cf337166\"><h4 id=\"thegem-heading-63c69c078cedf\" class=\"thegem-heading\">DISCLAIMER<br \/><br \/><\/h4><\/div><\/div><\/div><\/div><\/div><div id=\"vc_row-63c69c078d12a\" class=\"vc_row wpb_row vc_row-fluid thegem-custom-63c69c078d11a6512\"><div class=\"wpb_column vc_column_container vc_col-sm-12 thegem-custom-63c69c078d33e7623\"><div class=\"vc_column-inner thegem-custom-inner-63c69c078d340\"><div class=\"wpb_wrapper thegem-custom-63c69c078d33e7623\"><div class=\"thegem-te-heading thegem-custom-63c69c078d55c4177\"><h5 id=\"thegem-heading-63c69c078d534\" class=\"thegem-heading\">(1) Introduzione<br \/><br \/><\/h5><\/div><div class=\"wpb_text_column wpb_content_element thegem-vc-text thegem-custom-63c69c078d6688762\"><div class=\"wpb_wrapper\"><p>La presente informativa sulla privacy regola l&#039;utilizzo del nostro sito web; Utilizzando il nostro sito web accetti integralmente questa clausola di esclusione di responsabilit\u00e0.2<\/p><p>Se non sei d&#039;accordo con una qualsiasi parte di questa esclusione di responsabilit\u00e0, non devi utilizzare il nostro sito web. [Il nostro sito web utilizza i cookie. Utilizzando il nostro sito web e accettando i termini di questo<\/p><p>Disclaimer, acconsenti al nostro utilizzo dei cookie in conformit\u00e0 con i termini della nostra [informativa sulla privacy \/ politica sui cookie].] 3<\/p><\/div><\/div><\/div><\/div><\/div><\/div><div id=\"vc_row-63c69c078d8db\" class=\"vc_row wpb_row vc_row-fluid thegem-custom-63c69c078d8ce8249\"><div class=\"wpb_column vc_column_container vc_col-sm-12 thegem-custom-63c69c078da505818\"><div class=\"vc_column-inner thegem-custom-inner-63c69c078da52\"><div class=\"wpb_wrapper thegem-custom-63c69c078da505818\"><div class=\"thegem-te-heading thegem-custom-63c69c078dbfc4470\"><h5 id=\"thegem-heading-63c69c078dbd2\" class=\"thegem-heading\">(2) credito<br \/><br \/><\/h5><\/div><div class=\"wpb_text_column wpb_content_element thegem-vc-text thegem-custom-63c69c078dca98318\"><div class=\"wpb_wrapper\"><p>Il modello legale su cui si basa il sito web di disclaimer \u00e8 disponibile sul sito web\u00a0<a href=\"https:\/\/magely.com\/\" target=\"_blank\" rel=\"noopener\">https:\/\/magely.com<\/a>\u00a0secondo termini e condizioni<\/p><\/div><\/div><\/div><\/div><\/div><\/div><div id=\"vc_row-63c69c078de6b\" class=\"vc_row wpb_row vc_row-fluid thegem-custom-63c69c078de5f4596\"><div class=\"wpb_column vc_column_container vc_col-sm-12 thegem-custom-63c69c078dfe94067\"><div class=\"vc_column-inner thegem-custom-inner-63c69c078dfea\"><div class=\"wpb_wrapper thegem-custom-63c69c078dfe94067\"><div class=\"thegem-te-heading thegem-custom-63c69c078e17e5024\"><h5 id=\"thegem-heading-63c69c078e158\" class=\"thegem-heading\">(3) Diritti di propriet\u00e0 intellettuale<br \/><br \/><\/h5><\/div><div class=\"wpb_text_column wpb_content_element thegem-vc-text thegem-custom-63c69c078e2236664\"><div class=\"wpb_wrapper\"><p>Salvo diversa indicazione, noi o i nostri licenziatari deteniamo i diritti di propriet\u00e0 intellettuale sul Sito Web e sul materiale in esso contenuto. Fatti salvi i termini della licenza di seguito indicati, tutti i diritti di propriet\u00e0 intellettuale.<\/p><p>Diritti di propriet\u00e0 riservati.<\/p><\/div><\/div><\/div><\/div><\/div><\/div><div id=\"vc_row-63c69c078e3d4\" class=\"vc_row wpb_row vc_row-fluid thegem-custom-63c69c078e3c86673\"><div class=\"wpb_column vc_column_container vc_col-sm-12 thegem-custom-63c69c078e5525170\"><div class=\"vc_column-inner thegem-custom-inner-63c69c078e553\"><div class=\"wpb_wrapper thegem-custom-63c69c078e5525170\"><div class=\"thegem-te-heading thegem-custom-63c69c078e6fe5931\"><h5 id=\"thegem-heading-63c69c078e6d8\" class=\"thegem-heading\">(4) Licenza per l&#039;utilizzo del Sito Web<br \/><br \/><\/h5><\/div><div class=\"wpb_text_column wpb_content_element thegem-vc-text thegem-custom-63c69c078e7a77538\"><div class=\"wpb_wrapper\"><p>\u00c8 possibile visualizzare, scaricare solo a fini di memorizzazione nella cache e stampare pagine [o [altri Contenuti]] dal Sito Web per uso personale, nel rispetto delle restrizioni di seguito riportate.<\/p><p>Non devi:<br \/>(a) ripubblicare materiale da questo sito web (inclusa la ripubblicazione su un altro sito web);<br \/>Disclaimer<br \/>(b) vendere, affittare o altrimenti concedere in sublicenza materiale dal Sito Web;<br \/>(c) mostrare al pubblico qualsiasi materiale del Sito Web;<br \/>[(d) Riprodurre, duplicare, copiare o altrimenti sfruttare il materiale presente sul nostro sito web per qualsiasi scopo commerciale;]<br \/>[(e) modificare o altrimenti alterare qualsiasi materiale sul Sito Web; oppure]<br \/>[(f) Ridistribuire materiale da questo sito web [ad eccezione dei contenuti specificamente ed espressamente resi disponibili per la ridistribuzione [(come la nostra newsletter)].] [Qualora il contenuto sia specificamente reso disponibile per la ridistribuzione, pu\u00f2 essere ridistribuito solo [all&#039;interno della tua organizzazione].]<\/p><\/div><\/div><\/div><\/div><\/div><\/div><div id=\"vc_row-63c69c078e9d7\" class=\"vc_row wpb_row vc_row-fluid thegem-custom-63c69c078e9cb1376\"><div class=\"wpb_column vc_column_container vc_col-sm-12 thegem-custom-63c69c078eb605940\"><div class=\"vc_column-inner thegem-custom-inner-63c69c078eb62\"><div class=\"wpb_wrapper thegem-custom-63c69c078eb605940\"><div class=\"thegem-te-heading thegem-custom-63c69c078ed092844\"><h5 id=\"thegem-heading-63c69c078ece3\" class=\"thegem-heading\">(5) Limitazione ed esclusione delle garanzie e della responsabilit\u00e0<br \/><br \/><\/h5><\/div><div class=\"wpb_text_column wpb_content_element thegem-vc-text thegem-custom-63c69c078edb13833\"><div class=\"wpb_wrapper\"><p>Sebbene ci impegniamo a garantire che le informazioni contenute in questo sito web siano corrette, non forniamo alcuna garanzia circa la loro completezza o accuratezza; Non ci impegniamo inoltre a garantire che il sito web rimanga disponibile o che il materiale in esso contenuto venga mantenuto aggiornato. Nella misura massima consentita dalla legge applicabile, escludiamo tutte le dichiarazioni, garanzie e condizioni relative a questo sito web e al suo utilizzo (incluse, senza limitazioni, tutte le garanzie implicite per legge di qualit\u00e0 soddisfacente, idoneit\u00e0 allo scopo e\/o uso di ragionevole cura e competenza).<\/p><p>Nessuna disposizione del presente disclaimer:<br \/>(a) limitare o escludere la nostra o la vostra responsabilit\u00e0 per morte o lesioni personali risultanti da negligenza;<br \/>(b) limitare o escludere la nostra o la vostra responsabilit\u00e0 per frode o falsa dichiarazione;<br \/>(c) limitare qualsiasi nostra o vostra responsabilit\u00e0 in qualsiasi modo non consentito dalla legge applicabile; O<br \/>(d) escludere qualsiasi nostra responsabilit\u00e0 che non possa essere esclusa ai sensi della legge applicabile.<br \/>Le limitazioni e le esclusioni di responsabilit\u00e0 stabilite in questa sezione e altrove in questo<\/p><p>Avvertimento:<br \/>(a) sono soggetti al paragrafo precedente; E<br \/>(b) disciplinare tutte le responsabilit\u00e0 derivanti dalla clausola di esclusione di responsabilit\u00e0 o in relazione all&#039;oggetto della stessa, comprese le responsabilit\u00e0 derivanti da contratto, illecito civile (inclusa la negligenza) e per violazione di obblighi di legge. [Nella misura in cui il sito web e le informazioni e i servizi in esso contenuti sono forniti gratuitamente, non saremo responsabili per eventuali perdite o danni di qualsiasi natura.]<br \/>[Non saremo responsabili nei tuoi confronti per eventuali perdite derivanti da qualsiasi evento o accadimento al di fuori del nostro ragionevole controllo.]<br \/>[Non saremo responsabili nei tuoi confronti per eventuali perdite commerciali, incluse (senza limitazioni) perdite o danni a profitti, reddito, ricavi, utilizzo, produzione, risparmi previsti, affari, contratti, opportunit\u00e0 commerciali o avviamento.]<br \/>[Non saremo responsabili nei tuoi confronti per eventuali perdite o danneggiamenti di dati, database o software.]<br \/>[Non saremo responsabili nei tuoi confronti per eventuali perdite o danni speciali, indiretti o consequenziali.]<\/p><\/div><\/div><\/div><\/div><\/div><\/div><div id=\"vc_row-63c69c078f010\" class=\"vc_row wpb_row vc_row-fluid thegem-custom-63c69c078f0052875\"><div class=\"wpb_column vc_column_container vc_col-sm-12 thegem-custom-63c69c078f1791057\"><div class=\"vc_column-inner thegem-custom-inner-63c69c078f17b\"><div class=\"wpb_wrapper thegem-custom-63c69c078f1791057\"><div class=\"thegem-te-heading thegem-custom-63c69c078f3121730\"><h5 id=\"thegem-heading-63c69c078f2ee\" class=\"thegem-heading\">(6) Variazione<br \/><br \/><\/h5><\/div><div class=\"wpb_text_column wpb_content_element thegem-vc-text thegem-custom-63c69c078f3b9981\"><div class=\"wpb_wrapper\"><p>Potremmo modificare la presente esclusione di responsabilit\u00e0 di volta in volta. La nuova versione dell&#039;informativa sulla privacy si applicher\u00e0 all&#039;utilizzo del nostro sito web a partire dalla data in cui verr\u00e0 pubblicata sul nostro sito web. Si prega di controllare regolarmente questa pagina per accertarsi di essere a conoscenza della versione corrente.<\/p><\/div><\/div><\/div><\/div><\/div><\/div><div id=\"vc_row-63c69c078f55e\" class=\"vc_row wpb_row vc_row-fluid thegem-custom-63c69c078f5521490\"><div class=\"wpb_column vc_column_container vc_col-sm-12 thegem-custom-63c69c078f6d43037\"><div class=\"vc_column-inner thegem-custom-inner-63c69c078f6d5\"><div class=\"wpb_wrapper thegem-custom-63c69c078f6d43037\"><div class=\"thegem-te-heading thegem-custom-63c69c078f8667411\"><h5 id=\"thegem-heading-63c69c078f842\" class=\"thegem-heading\">(7) Intero accordo<br \/><br \/><\/h5><\/div><div class=\"wpb_text_column wpb_content_element thegem-vc-text thegem-custom-63c69c078f9091526\"><div class=\"wpb_wrapper\"><p>La presente informativa sulla privacy [insieme alla nostra politica sulla privacy] costituisce l&#039;intero accordo tra te e noi in relazione al tuo utilizzo del nostro sito web e sostituisce tutti gli accordi precedenti in merito al tuo utilizzo di questo sito web.<\/p><\/div><\/div><\/div><\/div><\/div><\/div><div id=\"vc_row-63c69c078fb0d\" class=\"vc_row wpb_row vc_row-fluid thegem-custom-63c69c078fb029740\"><div class=\"wpb_column vc_column_container vc_col-sm-12 thegem-custom-63c69c078fc731613\"><div class=\"vc_column-inner thegem-custom-inner-63c69c078fc74\"><div class=\"wpb_wrapper thegem-custom-63c69c078fc731613\"><div class=\"thegem-te-heading thegem-custom-63c69c078fe104375\"><h5 id=\"thegem-heading-63c69c078fdea\" class=\"thegem-heading\">(8) Legge e giurisdizione<br \/><br \/><\/h5><\/div><div class=\"wpb_text_column wpb_content_element thegem-vc-text thegem-custom-63c69c078feb741\"><div class=\"wpb_wrapper\"><p>La presente clausola di esclusione di responsabilit\u00e0 \u00e8 disciplinata e interpretata in conformit\u00e0 con la legge svizzera e qualsiasi controversia relativa alla presente clausola di esclusione di responsabilit\u00e0 sar\u00e0 soggetta alla giurisdizione [non] esclusiva dei tribunali svizzeri di Ginevra.<\/p><\/div><\/div><\/div><\/div><\/div><\/div><div id=\"vc_row-63c69c07900a3\" class=\"vc_row wpb_row vc_row-fluid thegem-custom-63c69c07900986458\"><div class=\"wpb_column vc_column_container vc_col-sm-12 thegem-custom-63c69c079021c374\"><div class=\"vc_column-inner thegem-custom-inner-63c69c079021e\"><div class=\"wpb_wrapper thegem-custom-63c69c079021c374\"><div class=\"thegem-te-heading thegem-custom-63c69c07903b06848\"><h5 id=\"thegem-heading-63c69c079038a\" class=\"thegem-heading\">(9) I nostri dettagli Il nome completo della nostra azienda \u00e8 [Magely].<br \/><br \/><\/h5><\/div><div class=\"wpb_text_column wpb_content_element thegem-vc-text thegem-custom-63c69c07904545489\"><div class=\"wpb_wrapper\"><p>Il nostro indirizzo [registrato] \u00e8 [Friburgo].<br \/>Potete contattarci via email all&#039;indirizzo [info@magely.com].<\/p><\/div><\/div><\/div><\/div><\/div><\/div>\t\t\t\t\t\t\t\t<\/div>\n\t\t\t\t<\/div>\n\t\t\t\t\t<\/div>\n\t\t\t\t<\/div>\n\t\t\t\t<\/div>","protected":false},"excerpt":{"rendered":"<p>Exclusion CLAUSE DE NON-RESPONSABILIT\u00c9 (1) Introduction Cet avertissement r\u00e9git votre utilisation de notre site Web; En utilisant notre site Web, vous acceptez cela avertissement en totalit\u00e9.2 Si vous n\u2019\u00eates pas d\u2019accord avec une partie de cet avertissement, vous ne devez pas utiliser notre site Internet. [Notre site Web utilise des cookies. En utilisant notre site [&hellip;]<\/p>","protected":false},"author":1,"featured_media":0,"parent":796,"menu_order":0,"comment_status":"closed","ping_status":"closed","template":"elementor_header_footer","meta":{"_acf_changed":false,"pmpro_default_level":"","site-sidebar-layout":"default","site-content-layout":"","ast-site-content-layout":"","site-content-style":"default","site-sidebar-style":"default","ast-global-header-display":"","ast-banner-title-visibility":"","ast-main-header-display":"","ast-hfb-above-header-display":"","ast-hfb-below-header-display":"","ast-hfb-mobile-header-display":"","site-post-title":"","ast-breadcrumbs-content":"","ast-featured-img":"","footer-sml-layout":"","theme-transparent-header-meta":"","adv-header-id-meta":"","stick-header-meta":"","header-above-stick-meta":"","header-main-stick-meta":"","header-below-stick-meta":"","astra-migrate-meta-layouts":"default","ast-page-background-enabled":"default","ast-page-background-meta":{"desktop":{"background-color":"var(--ast-global-color-4)","background-image":"","background-repeat":"repeat","background-position":"center center","background-size":"auto","background-attachment":"scroll","background-type":"","background-media":"","overlay-type":"","overlay-color":"","overlay-opacity":"","overlay-gradient":""},"tablet":{"background-color":"","background-image":"","background-repeat":"repeat","background-position":"center center","background-size":"auto","background-attachment":"scroll","background-type":"","background-media":"","overlay-type":"","overlay-color":"","overlay-opacity":"","overlay-gradient":""},"mobile":{"background-color":"","background-image":"","background-repeat":"repeat","background-position":"center center","background-size":"auto","background-attachment":"scroll","background-type":"","background-media":"","overlay-type":"","overlay-color":"","overlay-opacity":"","overlay-gradient":""}},"ast-content-background-meta":{"desktop":{"background-color":"var(--ast-global-color-5)","background-image":"","background-repeat":"repeat","background-position":"center center","background-size":"auto","background-attachment":"scroll","background-type":"","background-media":"","overlay-type":"","overlay-color":"","overlay-opacity":"","overlay-gradient":""},"tablet":{"background-color":"var(--ast-global-color-5)","background-image":"","background-repeat":"repeat","background-position":"center center","background-size":"auto","background-attachment":"scroll","background-type":"","background-media":"","overlay-type":"","overlay-color":"","overlay-opacity":"","overlay-gradient":""},"mobile":{"background-color":"var(--ast-global-color-5)","background-image":"","background-repeat":"repeat","background-position":"center center","background-size":"auto","background-attachment":"scroll","background-type":"","background-media":"","overlay-type":"","overlay-color":"","overlay-opacity":"","overlay-gradient":""}},"footnotes":""},"class_list":["post-801","page","type-page","status-publish","hentry","pmpro-has-access"],"acf":[],"_links":{"self":[{"href":"https:\/\/pret-a-raconter.com\/it\/wp-json\/wp\/v2\/pages\/801","targetHints":{"allow":["GET"]}}],"collection":[{"href":"https:\/\/pret-a-raconter.com\/it\/wp-json\/wp\/v2\/pages"}],"about":[{"href":"https:\/\/pret-a-raconter.com\/it\/wp-json\/wp\/v2\/types\/page"}],"author":[{"embeddable":true,"href":"https:\/\/pret-a-raconter.com\/it\/wp-json\/wp\/v2\/users\/1"}],"replies":[{"embeddable":true,"href":"https:\/\/pret-a-raconter.com\/it\/wp-json\/wp\/v2\/comments?post=801"}],"version-history":[{"count":0,"href":"https:\/\/pret-a-raconter.com\/it\/wp-json\/wp\/v2\/pages\/801\/revisions"}],"up":[{"embeddable":true,"href":"https:\/\/pret-a-raconter.com\/it\/wp-json\/wp\/v2\/pages\/796"}],"wp:attachment":[{"href":"https:\/\/pret-a-raconter.com\/it\/wp-json\/wp\/v2\/media?parent=801"}],"curies":[{"name":"wp","href":"https:\/\/api.w.org\/{rel}","templated":true}]}}